{"id":1011,"date":"2022-11-28T10:43:19","date_gmt":"2022-11-28T09:43:19","guid":{"rendered":"https:\/\/pogrebno-hrvojka.hr\/?page_id=1011"},"modified":"2022-12-04T19:01:10","modified_gmt":"2022-12-04T18:01:10","slug":"tugovanje","status":"publish","type":"page","link":"https:\/\/www.pogrebno-hrvojka.hr\/de\/tugovanje\/","title":{"rendered":"Trauern"},"content":{"rendered":"<section class=\"l-section wpb_row height_medium\"><div class=\"l-section-h i-cf\"><div class=\"g-cols vc_row via_flex valign_bottom type_default stacking_default\"><div class=\"vc_col-sm-8 wpb_column vc_column_container\"><div class=\"vc_column-inner\"><div class=\"wpb_wrapper\"><div class=\"g-cols wpb_row via_flex valign_middle type_default stacking_default\"><div class=\"vc_col-sm-3 wpb_column vc_column_container\"><div class=\"vc_column-inner us_custom_fb44c6b2 us_animate_this\"><div class=\"wpb_wrapper\"><div class=\"wpb_text_column\"><div class=\"wpb_wrapper\"><p><img decoding=\"async\" class=\"aligncenter wp-image-1012 size-full\" src=\"https:\/\/pogrebno-hrvojka.hr\/wp-content\/uploads\/2022\/11\/srce-1.png\" alt=\"\" width=\"128\" height=\"107\" srcset=\"https:\/\/www.pogrebno-hrvojka.hr\/wp-content\/uploads\/2022\/11\/srce-1.png 128w, https:\/\/www.pogrebno-hrvojka.hr\/wp-content\/uploads\/2022\/11\/srce-1-14x12.png 14w\" sizes=\"(max-width: 128px) 100vw, 128px\" \/><\/p>\n<\/div><\/div><\/div><\/div><\/div><div class=\"vc_col-sm-9 wpb_column vc_column_container has_text_color\"><div class=\"vc_column-inner us_custom_3e76b222 us_animate_this\"><div class=\"wpb_wrapper\"><div class=\"wpb_text_column\"><div class=\"wpb_wrapper\"><h3>Trauern<\/h3>\n<\/div><\/div><\/div><\/div><\/div><\/div><div class=\"w-separator size_small\"><\/div><div class=\"wpb_text_column us_custom_de366d1c us_animate_this\"><div class=\"wpb_wrapper\"><p>Lassen Sie sich von uns mit Menschen verbinden, die Ihnen helfen k\u00f6nnen und wollen.<br \/>\nKontaktieren Sie uns, wenn Sie mehr wissen m\u00f6chten. Wir unterst\u00fctzen Familien seit Generationen beim Trauern und unser bester Rat ist, vorsichtig und sanft mit sich selbst umzugehen. Lassen Sie sich genug Zeit zum Trauern, denn es ist wichtig, sich selbst zu erlauben, zu trauern.<\/p>\n<p>Jeder Verlust ist so wie ein Mensch ein einmaliges Ereignis. Andere werden nie wissen, was Sie erlebt haben, also bewahre die Erinnerungen und seine Sie sich bewusst, dass Freunde und Familie immer f\u00fcr Sie da sind, um Ihnen zuzuh\u00f6ren, mit Ihnen mitzuleiden, Sie zu unterst\u00fctzen und zu ermutigen. Und letztendlich m\u00fcssen Sie sich erlauben, voranzukommen, und das ist wahrscheinlich das Schwierigste, was man jemals tun musste.<\/p>\n<p>Wenn Sie uns am meisten brauchen, auch nach der Beerdigung, nachdem alles vorbei ist ... Rufen Sie an - wir haben immer Zeit f\u00fcr Sie, es ist immer jemand f\u00fcr Sie da.<\/p>\n<\/div><\/div><\/div><\/div><\/div><div class=\"vc_col-sm-4 wpb_column vc_column_container\"><div class=\"vc_column-inner\"><div class=\"wpb_wrapper\"><div class=\"w-image style_shadow-2 align_none\"><a ref=\"magnificPopup\" href=\"https:\/\/www.pogrebno-hrvojka.hr\/wp-content\/uploads\/2022\/11\/pogreb-Seget.jpg\" aria-label=\"pogreb Seget\" class=\"w-image-h\"><div class=\"w-image-shadow\" style=\"background-image:url(https:\/\/www.pogrebno-hrvojka.hr\/wp-content\/uploads\/2022\/11\/pogreb-Seget.jpg);\"><\/div><img decoding=\"async\" width=\"450\" height=\"600\" src=\"https:\/\/www.pogrebno-hrvojka.hr\/wp-content\/uploads\/2022\/11\/pogreb-Seget.jpg\" class=\"attachment-large size-large\" alt=\"\" loading=\"lazy\" srcset=\"https:\/\/www.pogrebno-hrvojka.hr\/wp-content\/uploads\/2022\/11\/pogreb-Seget.jpg 450w, https:\/\/www.pogrebno-hrvojka.hr\/wp-content\/uploads\/2022\/11\/pogreb-Seget-225x300.jpg 225w, https:\/\/www.pogrebno-hrvojka.hr\/wp-content\/uploads\/2022\/11\/pogreb-Seget-9x12.jpg 9w\" sizes=\"auto, (max-width: 450px) 100vw, 450px\" \/><\/a><\/div><\/div><\/div><\/div><\/div><\/div><\/section>","protected":false},"excerpt":{"rendered":"Tugovanje Dopustite nam da vas pove\u017eemo s ljudima koji vam mogu i \u017eele pomo\u0107i. Javite nam se ako \u017eelite saznati vi\u0161e, generacijama smo podr\u017eavali obitelji kroz proces tugovanja i na\u0161 najbolji savjet koji vam mo\u017eemo dati je da budete pa\u017eljivi i blagi prema sebi. Ostavite si dovoljno vremena za tugovanje jer va\u017eno je sebi dopustiti...","protected":false},"author":1,"featured_media":0,"parent":0,"menu_order":0,"comment_status":"closed","ping_status":"closed","template":"","meta":{"footnotes":""},"class_list":["post-1011","page","type-page","status-publish","hentry"],"yoast_head":"<!-- This site is optimized with the Yoast SEO Premium plugin v20.12 (Yoast SEO v27.4) - https:\/\/yoast.com\/product\/yoast-seo-premium-wordpress\/ -->\n<title>Tugovanje - Pogrebno Hrvojka<\/title>\n<meta name=\"robots\" content=\"index, follow, max-snippet:-1, max-image-preview:large, max-video-preview:-1\" \/>\n<link rel=\"canonical\" href=\"https:\/\/www.pogrebno-hrvojka.hr\/de\/tugovanje\/\" \/>\n<meta property=\"og:locale\" content=\"de_DE\" \/>\n<meta property=\"og:type\" content=\"article\" \/>\n<meta property=\"og:title\" content=\"Tugovanje\" \/>\n<meta property=\"og:url\" content=\"https:\/\/www.pogrebno-hrvojka.hr\/de\/tugovanje\/\" \/>\n<meta property=\"og:site_name\" content=\"Pogrebno Hrvojka\" \/>\n<meta property=\"article:publisher\" content=\"https:\/\/www.facebook.com\/cvjecarnicaHrvojkaTrogir\/\" \/>\n<meta property=\"article:modified_time\" content=\"2022-12-04T18:01:10+00:00\" \/>\n<meta property=\"og:image\" content=\"https:\/\/pogrebno-hrvojka.hr\/wp-content\/uploads\/2022\/11\/srce-1.png\" \/>\n<meta name=\"twitter:card\" content=\"summary_large_image\" \/>\n<meta name=\"twitter:label1\" content=\"Gesch\u00e4tzte Lesezeit\" \/>\n\t<meta name=\"twitter:data1\" content=\"1\u00a0Minute\" \/>\n<script type=\"application\/ld+json\" class=\"yoast-schema-graph\">{\"@context\":\"https:\\\/\\\/schema.org\",\"@graph\":[{\"@type\":\"WebPage\",\"@id\":\"https:\\\/\\\/www.pogrebno-hrvojka.hr\\\/tugovanje\\\/\",\"url\":\"https:\\\/\\\/www.pogrebno-hrvojka.hr\\\/tugovanje\\\/\",\"name\":\"Tugovanje - Pogrebno Hrvojka\",\"isPartOf\":{\"@id\":\"https:\\\/\\\/www.pogrebno-hrvojka.hr\\\/#website\"},\"primaryImageOfPage\":{\"@id\":\"https:\\\/\\\/www.pogrebno-hrvojka.hr\\\/tugovanje\\\/#primaryimage\"},\"image\":{\"@id\":\"https:\\\/\\\/www.pogrebno-hrvojka.hr\\\/tugovanje\\\/#primaryimage\"},\"thumbnailUrl\":\"https:\\\/\\\/pogrebno-hrvojka.hr\\\/wp-content\\\/uploads\\\/2022\\\/11\\\/srce-1.png\",\"datePublished\":\"2022-11-28T09:43:19+00:00\",\"dateModified\":\"2022-12-04T18:01:10+00:00\",\"breadcrumb\":{\"@id\":\"https:\\\/\\\/www.pogrebno-hrvojka.hr\\\/tugovanje\\\/#breadcrumb\"},\"inLanguage\":\"de\",\"potentialAction\":[{\"@type\":\"ReadAction\",\"target\":[\"https:\\\/\\\/www.pogrebno-hrvojka.hr\\\/tugovanje\\\/\"]}]},{\"@type\":\"ImageObject\",\"inLanguage\":\"de\",\"@id\":\"https:\\\/\\\/www.pogrebno-hrvojka.hr\\\/tugovanje\\\/#primaryimage\",\"url\":\"https:\\\/\\\/pogrebno-hrvojka.hr\\\/wp-content\\\/uploads\\\/2022\\\/11\\\/srce-1.png\",\"contentUrl\":\"https:\\\/\\\/pogrebno-hrvojka.hr\\\/wp-content\\\/uploads\\\/2022\\\/11\\\/srce-1.png\"},{\"@type\":\"BreadcrumbList\",\"@id\":\"https:\\\/\\\/www.pogrebno-hrvojka.hr\\\/tugovanje\\\/#breadcrumb\",\"itemListElement\":[{\"@type\":\"ListItem\",\"position\":1,\"name\":\"Po\u010detna stranica\",\"item\":\"https:\\\/\\\/www.pogrebno-hrvojka.hr\\\/\"},{\"@type\":\"ListItem\",\"position\":2,\"name\":\"Tugovanje\"}]},{\"@type\":\"WebSite\",\"@id\":\"https:\\\/\\\/www.pogrebno-hrvojka.hr\\\/#website\",\"url\":\"https:\\\/\\\/www.pogrebno-hrvojka.hr\\\/\",\"name\":\"Pogrebno Hrvojka\",\"description\":\"Pogrebno poduze\u0107e i cvje\u0107arnica Hrvojka\",\"publisher\":{\"@id\":\"https:\\\/\\\/www.pogrebno-hrvojka.hr\\\/#organization\"},\"potentialAction\":[{\"@type\":\"SearchAction\",\"target\":{\"@type\":\"EntryPoint\",\"urlTemplate\":\"https:\\\/\\\/www.pogrebno-hrvojka.hr\\\/?s={search_term_string}\"},\"query-input\":{\"@type\":\"PropertyValueSpecification\",\"valueRequired\":true,\"valueName\":\"search_term_string\"}}],\"inLanguage\":\"de\"},{\"@type\":\"Organization\",\"@id\":\"https:\\\/\\\/www.pogrebno-hrvojka.hr\\\/#organization\",\"name\":\"Pogrebno Hrvojka\",\"url\":\"https:\\\/\\\/www.pogrebno-hrvojka.hr\\\/\",\"logo\":{\"@type\":\"ImageObject\",\"inLanguage\":\"de\",\"@id\":\"https:\\\/\\\/www.pogrebno-hrvojka.hr\\\/#\\\/schema\\\/logo\\\/image\\\/\",\"url\":\"https:\\\/\\\/www.pogrebno-hrvojka.hr\\\/wp-content\\\/uploads\\\/2022\\\/11\\\/logo.gif\",\"contentUrl\":\"https:\\\/\\\/www.pogrebno-hrvojka.hr\\\/wp-content\\\/uploads\\\/2022\\\/11\\\/logo.gif\",\"width\":276,\"height\":59,\"caption\":\"Pogrebno Hrvojka\"},\"image\":{\"@id\":\"https:\\\/\\\/www.pogrebno-hrvojka.hr\\\/#\\\/schema\\\/logo\\\/image\\\/\"},\"sameAs\":[\"https:\\\/\\\/www.facebook.com\\\/cvjecarnicaHrvojkaTrogir\\\/\",\"https:\\\/\\\/www.instagram.com\\\/cvjecarnica_pogrebno_hrvojka\\\/\",\"https:\\\/\\\/www.linkedin.com\\\/in\\\/tomislav-princivali-88a639170\\\/?originalSubdomain=hr\"]}]}<\/script>\n<!-- \/ Yoast SEO Premium plugin. -->","yoast_head_json":{"title":"Tugovanje - Pogrebno Hrvojka","robots":{"index":"index","follow":"follow","max-snippet":"max-snippet:-1","max-image-preview":"max-image-preview:large","max-video-preview":"max-video-preview:-1"},"canonical":"https:\/\/www.pogrebno-hrvojka.hr\/de\/tugovanje\/","og_locale":"de_DE","og_type":"article","og_title":"Tugovanje","og_url":"https:\/\/www.pogrebno-hrvojka.hr\/de\/tugovanje\/","og_site_name":"Pogrebno Hrvojka","article_publisher":"https:\/\/www.facebook.com\/cvjecarnicaHrvojkaTrogir\/","article_modified_time":"2022-12-04T18:01:10+00:00","og_image":[{"url":"https:\/\/pogrebno-hrvojka.hr\/wp-content\/uploads\/2022\/11\/srce-1.png","type":"","width":"","height":""}],"twitter_card":"summary_large_image","twitter_misc":{"Gesch\u00e4tzte Lesezeit":"1\u00a0Minute"},"schema":{"@context":"https:\/\/schema.org","@graph":[{"@type":"WebPage","@id":"https:\/\/www.pogrebno-hrvojka.hr\/tugovanje\/","url":"https:\/\/www.pogrebno-hrvojka.hr\/tugovanje\/","name":"Tugovanje - Pogrebno Hrvojka","isPartOf":{"@id":"https:\/\/www.pogrebno-hrvojka.hr\/#website"},"primaryImageOfPage":{"@id":"https:\/\/www.pogrebno-hrvojka.hr\/tugovanje\/#primaryimage"},"image":{"@id":"https:\/\/www.pogrebno-hrvojka.hr\/tugovanje\/#primaryimage"},"thumbnailUrl":"https:\/\/pogrebno-hrvojka.hr\/wp-content\/uploads\/2022\/11\/srce-1.png","datePublished":"2022-11-28T09:43:19+00:00","dateModified":"2022-12-04T18:01:10+00:00","breadcrumb":{"@id":"https:\/\/www.pogrebno-hrvojka.hr\/tugovanje\/#breadcrumb"},"inLanguage":"de","potentialAction":[{"@type":"ReadAction","target":["https:\/\/www.pogrebno-hrvojka.hr\/tugovanje\/"]}]},{"@type":"ImageObject","inLanguage":"de","@id":"https:\/\/www.pogrebno-hrvojka.hr\/tugovanje\/#primaryimage","url":"https:\/\/pogrebno-hrvojka.hr\/wp-content\/uploads\/2022\/11\/srce-1.png","contentUrl":"https:\/\/pogrebno-hrvojka.hr\/wp-content\/uploads\/2022\/11\/srce-1.png"},{"@type":"BreadcrumbList","@id":"https:\/\/www.pogrebno-hrvojka.hr\/tugovanje\/#breadcrumb","itemListElement":[{"@type":"ListItem","position":1,"name":"Po\u010detna stranica","item":"https:\/\/www.pogrebno-hrvojka.hr\/"},{"@type":"ListItem","position":2,"name":"Tugovanje"}]},{"@type":"WebSite","@id":"https:\/\/www.pogrebno-hrvojka.hr\/#website","url":"https:\/\/www.pogrebno-hrvojka.hr\/","name":"Pogrebno Hrvojka","description":"Pogrebno poduze\u0107e i cvje\u0107arnica Hrvojka","publisher":{"@id":"https:\/\/www.pogrebno-hrvojka.hr\/#organization"},"potentialAction":[{"@type":"SearchAction","target":{"@type":"EntryPoint","urlTemplate":"https:\/\/www.pogrebno-hrvojka.hr\/?s={search_term_string}"},"query-input":{"@type":"PropertyValueSpecification","valueRequired":true,"valueName":"search_term_string"}}],"inLanguage":"de"},{"@type":"Organization","@id":"https:\/\/www.pogrebno-hrvojka.hr\/#organization","name":"Pogrebno Hrvojka","url":"https:\/\/www.pogrebno-hrvojka.hr\/","logo":{"@type":"ImageObject","inLanguage":"de","@id":"https:\/\/www.pogrebno-hrvojka.hr\/#\/schema\/logo\/image\/","url":"https:\/\/www.pogrebno-hrvojka.hr\/wp-content\/uploads\/2022\/11\/logo.gif","contentUrl":"https:\/\/www.pogrebno-hrvojka.hr\/wp-content\/uploads\/2022\/11\/logo.gif","width":276,"height":59,"caption":"Pogrebno Hrvojka"},"image":{"@id":"https:\/\/www.pogrebno-hrvojka.hr\/#\/schema\/logo\/image\/"},"sameAs":["https:\/\/www.facebook.com\/cvjecarnicaHrvojkaTrogir\/","https:\/\/www.instagram.com\/cvjecarnica_pogrebno_hrvojka\/","https:\/\/www.linkedin.com\/in\/tomislav-princivali-88a639170\/?originalSubdomain=hr"]}]}},"_links":{"self":[{"href":"https:\/\/www.pogrebno-hrvojka.hr\/de\/wp-json\/wp\/v2\/pages\/1011","targetHints":{"allow":["GET"]}}],"collection":[{"href":"https:\/\/www.pogrebno-hrvojka.hr\/de\/wp-json\/wp\/v2\/pages"}],"about":[{"href":"https:\/\/www.pogrebno-hrvojka.hr\/de\/wp-json\/wp\/v2\/types\/page"}],"author":[{"embeddable":true,"href":"https:\/\/www.pogrebno-hrvojka.hr\/de\/wp-json\/wp\/v2\/users\/1"}],"replies":[{"embeddable":true,"href":"https:\/\/www.pogrebno-hrvojka.hr\/de\/wp-json\/wp\/v2\/comments?post=1011"}],"version-history":[{"count":0,"href":"https:\/\/www.pogrebno-hrvojka.hr\/de\/wp-json\/wp\/v2\/pages\/1011\/revisions"}],"wp:attachment":[{"href":"https:\/\/www.pogrebno-hrvojka.hr\/de\/wp-json\/wp\/v2\/media?parent=1011"}],"curies":[{"name":"wp","href":"https:\/\/api.w.org\/{rel}","templated":true}]}}