{"id":3,"date":"2022-09-17T11:40:40","date_gmt":"2022-09-17T09:40:40","guid":{"rendered":"http:\/\/pogrebno-hrvojka.hr\/?page_id=3"},"modified":"2023-01-04T08:09:16","modified_gmt":"2023-01-04T07:09:16","slug":"pravila-privatnosti","status":"publish","type":"page","link":"https:\/\/www.pogrebno-hrvojka.hr\/de\/pravila-privatnosti\/","title":{"rendered":"Datenschutzrichtlinie"},"content":{"rendered":"<section class=\"l-section wpb_row height_small\"><div class=\"l-section-h i-cf\"><div class=\"g-cols vc_row via_flex valign_top type_default stacking_default\"><div class=\"vc_col-sm-12 wpb_column vc_column_container\"><div class=\"vc_column-inner\"><div class=\"wpb_wrapper\"><\/div><\/div><\/div><\/div><\/div><\/section><section class=\"l-section wpb_row height_medium\"><div class=\"l-section-h i-cf\"><div class=\"g-cols vc_row via_flex valign_top type_default stacking_default\"><div class=\"vc_col-sm-12 wpb_column vc_column_container\"><div class=\"vc_column-inner\"><div class=\"wpb_wrapper\"><div class=\"wpb_text_column\"><div class=\"wpb_wrapper\"><h5 class=\"wp-block-heading\">SCHUTZ PERSONENBEZOGENER DATEN \u2013 ALLGEMEINES<\/h5>\n<p>Ihre Privatsph\u00e4re und die Sicherheit Ihrer pers\u00f6nlichen Daten sind uns wichtig, deshalb handelt unsere HRVOJKA Trade in \u00dcbereinstimmung mit den gesetzlichen Bestimmungen zum Schutz personenbezogener Daten.<br \/>Allgemeine Bestimmung zum Schutz personenbezogener Daten, die seit dem 25. Mai 2018 in Kraft ist. es hat das Bewusstsein f\u00fcr die Wichtigkeit und Sorgfalt pers\u00f6nlicher Daten und deren Umgang weltweit beeinflusst und uns den Anlass gegeben, unsere Standards und deren Interpretation auf ein h\u00f6heres Niveau zu heben und sie dem Benutzer auf einfache und direkte Weise zu pr\u00e4sentieren.<br \/>Im Folgenden informieren wir Sie dar\u00fcber, f\u00fcr welche Zwecke wir Ihre personenbezogenen Daten erheben und verwenden und wie Sie diese Vorg\u00e4nge \u00fcberwachen und Ihre Rechte aus\u00fcben k\u00f6nnen.<\/p>\n<p>Als Nutzer unserer Website haben Sie das Recht, Informationen \u00fcber den Umgang mit Ihren personenbezogenen Daten zu erhalten und Anfragen zur Aus\u00fcbung Ihrer Rechte zu stellen.<\/p>\n<h5>WELCHE PERSONENBEZOGENEN DATEN ERHEBEN WIR UND WARUM<\/h5>\n<p>Personenbezogene Daten oder personenbezogene Informationen sind alle Informationen \u00fcber Personen, anhand derer eine Person identifiziert werden kann. Wir k\u00f6nnen verschiedene Arten von personenbezogenen Daten \u00fcber Sie erfassen, einschlie\u00dflich:<\/p>\n<p>Name und Nachname<br \/>E-Mail-Addresse<br \/>alle anderen Informationen, die Sie uns mitgeteilt haben<\/p>\n<h5>KONTAKTFORMULAR<\/h5>\n<p>Sofern Sie sich mit Ihren Anfragen an uns wenden, verarbeiten wir die von Ihnen mitgeteilten Daten ausschlie\u00dflich zum Versand der angeforderten Informationen. Nach Beantwortung Ihrer Anfrage l\u00f6schen wir die \u00fcbermittelten Daten.<\/p>\n<p>Die Daten, die Sie uns im Rahmen von offenen Stellenbewerbungen zusenden, werden ausschlie\u00dflich zur Durchf\u00fchrung des Einstellungsverfahrens verarbeitet und zwei Jahre aufbewahrt.<\/p>\n<h5>IP-ADRESSE ANONYMISIEREN<\/h5>\n<p>Wir verwenden auf dieser Website die Funktion \u201eIP-Anonymisierung aktivieren\u201c. Dadurch wird Ihre IP-Adresse von Google innerhalb von Mitgliedstaaten der Europ\u00e4ischen Union oder in anderen Vertragsstaaten des Abkommens \u00fcber den Europ\u00e4ischen Wirtschaftsraum zuvor gek\u00fcrzt. Nur in Ausnahmef\u00e4llen wird die volle IP-Adresse an einen Server von Google in den USA \u00fcbertragen und dort gek\u00fcrzt. Im Auftrag des Betreibers dieser Website wird Google diese Informationen benutzen, um Ihre Nutzung der Website auszuwerten, um Reports \u00fcber die Websiteaktivit\u00e4ten zusammenzustellen und um weitere mit der Websitenutzung und der Internetnutzung verbundene Dienstleistungen gegen\u00fcber den Websitenutzern zu erbringen. Die im Rahmen von Google Analytics von Google Analytics vergebene IP-Adresse wird nicht mit anderen Daten von Google zusammengef\u00fchrt.<\/p>\n<h5>MIT WEM WIR IHRE DATEN TEILEN<\/h5>\n<p>Wir verkaufen, vermieten oder stellen Ihre E-Mail-Adresse und andere Daten ohne Ihre Zustimmung nicht an Dritte zur Verf\u00fcgung, da dies gegen unsere Datenschutzrichtlinie verst\u00f6\u00dft. Wir halten uns strikt an die \u201eKein-Spam\u201c-Richtlinie und erheben nur die personenbezogenen Daten, die Sie uns freiwillig zur Verf\u00fcgung gestellt haben. Wir verlangen nicht, dass Sie uns diese Informationen senden, um Ihnen Zugriff auf unsere Websites zu gew\u00e4hren, und wir bitten Sie nicht, mehr Informationen preiszugeben, als tats\u00e4chlich erforderlich sind, um an einer Aktivit\u00e4t auf unseren Websites teilzunehmen.<\/p>\n<p>Im Rahmen der Aus\u00fcbung unserer T\u00e4tigkeit k\u00f6nnen Ihre personenbezogenen Daten nach dem Grundsatz an folgende Kategorien von Empf\u00e4ngern weitergegeben bzw. eingesehen werden nur die, die es wissen m\u00fcssen:\u00a0<em>Nur wer es wissen muss:<\/em>:<\/p>\n<p>unsere Angestellte<br \/>Google \u2013 Google Analytics wird verwendet, um Webstatistiken und demografische Daten sowie das Verhalten von Webbenutzern zu verfolgen. Wir verwenden sie, um die Wirksamkeit unserer Marketingkampagnen zu \u00fcberwachen.<\/p>\n<h5 id=\"kolacici\">COOKIE-RICHTLINIE<\/h5>\n<p>Damit die Seiten www.pogrebno-hrvojka.hr ordnungsgem\u00e4\u00df funktionieren, m\u00fcssen sie eine kleine Menge an Informationen (Cookies) auf dem Computer des Benutzers speichern. Gem\u00e4\u00df den EU-Vorschriften muss Obrt HRVOJKA die Zustimmung des Benutzers einholen, bevor Cookies gespeichert werden.<\/p>\n<p>Durch die Nutzung der Website www.pogrebno-hrvojka.hr stimmt der Benutzer der Verwendung von Cookies zu.<\/p>\n<p>Durch das Deaktivieren von Cookies entscheidet der Benutzer, ob Cookies auf seinem Computer gespeichert werden d\u00fcrfen. Die Cookie-Einstellungen k\u00f6nnen im Webbrowser, den der Benutzer zum Anzeigen von Webseiten verwendet, gesteuert und konfiguriert werden. Wenn der Benutzer Cookies deaktiviert, besteht die M\u00f6glichkeit, dass die Website einige der von der Website www.pogrebno-hrvojka.hr bereitgestellten Funktionen nicht nutzen kann.<\/p>\n<h5>WIE SCH\u00dcTZEN WIR IHRE PERSONENBEZOGENEN DATEN?<\/h5>\n<p>Wir haben angemessene technische und organisatorische Ma\u00dfnahmen ergriffen, um ein gewisses Ma\u00df an Sicherheit und Vertraulichkeit Ihrer personenbezogenen Daten zu gew\u00e4hrleisten.\nEin SSL-Zertifikat garantiert die Sicherheit unserer Website, indem es die Daten verschl\u00fcsselt, die von Ihrem Ger\u00e4t an unseren Server \u00fcbertragen werden.\nUnsere IT-Systeme und die von Dritten werden durch technische und organisatorische Ma\u00dfnahmen gegen unbefugten Zugriff, Ver\u00e4nderung oder Verbreitung Ihrer Daten sowie gegen Verlust oder L\u00f6schung gesch\u00fctzt.\nUnsere Mitarbeiter sind im ordnungsgem\u00e4\u00dfen Umgang mit und Speicherung personenbezogener Daten geschult.<br \/>SSL certifikat vam jam\u010di sigurnost na\u0161e stranice enkripcijom podataka, koji se prenose od va\u0161eg ure\u0111aja do na\u0161eg servera.<br \/>Unsere IT-Systeme und die von Dritten werden durch technische und organisatorische Ma\u00dfnahmen gegen unbefugten Zugriff, Ver\u00e4nderung oder Verbreitung Ihrer Daten sowie gegen Verlust oder L\u00f6schung gesch\u00fctzt.<br \/>Unsere Mitarbeiter sind im ordnungsgem\u00e4\u00dfen Umgang mit und Speicherung personenbezogener Daten geschult.<\/p>\n<h5>WELCHE RECHTE HABEN SIE \u00dcBER IHRE DATEN<\/h5>\n<p>Sie k\u00f6nnen auch die L\u00f6schung aller personenbezogenen Daten verlangen, die wir \u00fcber Sie haben. Dies schlie\u00dft keine Daten ein, die wir f\u00fcr administrative, rechtliche oder Sicherheitszwecke aufbewahren m\u00fcssen. Nicht mehr ben\u00f6tigte personenbezogene Daten werden entweder unwiederbringlich anonymisiert oder sicher vernichtet. einschlie\u00dflich aller Informationen, die Sie uns zur Verf\u00fcgung gestellt haben.<\/p>\n<h5>\u00c4NDERUNGEN DER DATENSCHUTZRICHTLINIE<\/h5>\n<p>Die Bestimmungen dieser Datenschutzrichtlinie k\u00f6nnen sich von Zeit zu Zeit \u00e4ndern. Wir werden alle wesentlichen \u00c4nderungen an dieser Datenschutzrichtlinie durch entsprechende Hinweise auf dieser Website ver\u00f6ffentlichen oder Sie \u00fcber andere Kommunikationskan\u00e4le benachrichtigen.<\/p>\n<h5>KONTAKT<\/h5>\n<p>Senden Sie alle Fragen, Kommentare und Anfragen zu diesen Datenschutzrichtlinien an die folgende E-Mail-Adresse: hrvojkatrogir@yahoo.com<\/p>\n<\/div><\/div><\/div><\/div><\/div><\/div><\/div><\/section>","protected":false},"excerpt":{"rendered":"ZA\u0160TITA OSOBNIH PODATAKA \u2013 OP\u0106ENITO Va\u0161a privatnost i sigurnost va\u0161ih osobnih podataka su nama va\u017eni, zato na\u0161 Obrt HRVOJKA postupa u skladu sa zakonskim propisima o za\u0161titi osobnih podataka.Op\u0107a odredba o za\u0161titi osobnih podataka koja je u primjeni od 25.5.2018. globalno je utjecala na osvje\u0161tavanje va\u017enosti i vo\u0111enja brige o osobnim podacima te na koji...","protected":false},"author":1,"featured_media":0,"parent":0,"menu_order":0,"comment_status":"closed","ping_status":"open","template":"","meta":{"footnotes":""},"class_list":["post-3","page","type-page","status-publish","hentry"],"yoast_head":"<!-- This site is optimized with the Yoast SEO Premium plugin v20.12 (Yoast SEO v27.4) - https:\/\/yoast.com\/product\/yoast-seo-premium-wordpress\/ -->\n<title>Pravila privatnosti - Pogrebno Hrvojka<\/title>\n<meta name=\"robots\" content=\"index, follow, max-snippet:-1, max-image-preview:large, max-video-preview:-1\" \/>\n<link rel=\"canonical\" href=\"https:\/\/www.pogrebno-hrvojka.hr\/de\/pravila-privatnosti\/\" \/>\n<meta property=\"og:locale\" content=\"de_DE\" \/>\n<meta property=\"og:type\" content=\"article\" \/>\n<meta property=\"og:title\" content=\"Pravila privatnosti\" \/>\n<meta property=\"og:url\" content=\"https:\/\/www.pogrebno-hrvojka.hr\/de\/pravila-privatnosti\/\" \/>\n<meta property=\"og:site_name\" content=\"Pogrebno Hrvojka\" \/>\n<meta property=\"article:publisher\" content=\"https:\/\/www.facebook.com\/cvjecarnicaHrvojkaTrogir\/\" \/>\n<meta property=\"article:modified_time\" content=\"2023-01-04T07:09:16+00:00\" \/>\n<meta name=\"twitter:card\" content=\"summary_large_image\" \/>\n<meta name=\"twitter:label1\" content=\"Gesch\u00e4tzte Lesezeit\" \/>\n\t<meta name=\"twitter:data1\" content=\"5\u00a0Minuten\" \/>\n<script type=\"application\/ld+json\" class=\"yoast-schema-graph\">{\"@context\":\"https:\\\/\\\/schema.org\",\"@graph\":[{\"@type\":\"WebPage\",\"@id\":\"https:\\\/\\\/www.pogrebno-hrvojka.hr\\\/pravila-privatnosti\\\/\",\"url\":\"https:\\\/\\\/www.pogrebno-hrvojka.hr\\\/pravila-privatnosti\\\/\",\"name\":\"Pravila privatnosti - Pogrebno Hrvojka\",\"isPartOf\":{\"@id\":\"https:\\\/\\\/www.pogrebno-hrvojka.hr\\\/#website\"},\"datePublished\":\"2022-09-17T09:40:40+00:00\",\"dateModified\":\"2023-01-04T07:09:16+00:00\",\"breadcrumb\":{\"@id\":\"https:\\\/\\\/www.pogrebno-hrvojka.hr\\\/pravila-privatnosti\\\/#breadcrumb\"},\"inLanguage\":\"de\",\"potentialAction\":[{\"@type\":\"ReadAction\",\"target\":[\"https:\\\/\\\/www.pogrebno-hrvojka.hr\\\/pravila-privatnosti\\\/\"]}]},{\"@type\":\"BreadcrumbList\",\"@id\":\"https:\\\/\\\/www.pogrebno-hrvojka.hr\\\/pravila-privatnosti\\\/#breadcrumb\",\"itemListElement\":[{\"@type\":\"ListItem\",\"position\":1,\"name\":\"Po\u010detna stranica\",\"item\":\"https:\\\/\\\/www.pogrebno-hrvojka.hr\\\/\"},{\"@type\":\"ListItem\",\"position\":2,\"name\":\"Pravila privatnosti\"}]},{\"@type\":\"WebSite\",\"@id\":\"https:\\\/\\\/www.pogrebno-hrvojka.hr\\\/#website\",\"url\":\"https:\\\/\\\/www.pogrebno-hrvojka.hr\\\/\",\"name\":\"Pogrebno Hrvojka\",\"description\":\"Pogrebno poduze\u0107e i cvje\u0107arnica Hrvojka\",\"publisher\":{\"@id\":\"https:\\\/\\\/www.pogrebno-hrvojka.hr\\\/#organization\"},\"potentialAction\":[{\"@type\":\"SearchAction\",\"target\":{\"@type\":\"EntryPoint\",\"urlTemplate\":\"https:\\\/\\\/www.pogrebno-hrvojka.hr\\\/?s={search_term_string}\"},\"query-input\":{\"@type\":\"PropertyValueSpecification\",\"valueRequired\":true,\"valueName\":\"search_term_string\"}}],\"inLanguage\":\"de\"},{\"@type\":\"Organization\",\"@id\":\"https:\\\/\\\/www.pogrebno-hrvojka.hr\\\/#organization\",\"name\":\"Pogrebno Hrvojka\",\"url\":\"https:\\\/\\\/www.pogrebno-hrvojka.hr\\\/\",\"logo\":{\"@type\":\"ImageObject\",\"inLanguage\":\"de\",\"@id\":\"https:\\\/\\\/www.pogrebno-hrvojka.hr\\\/#\\\/schema\\\/logo\\\/image\\\/\",\"url\":\"https:\\\/\\\/www.pogrebno-hrvojka.hr\\\/wp-content\\\/uploads\\\/2022\\\/11\\\/logo.gif\",\"contentUrl\":\"https:\\\/\\\/www.pogrebno-hrvojka.hr\\\/wp-content\\\/uploads\\\/2022\\\/11\\\/logo.gif\",\"width\":276,\"height\":59,\"caption\":\"Pogrebno Hrvojka\"},\"image\":{\"@id\":\"https:\\\/\\\/www.pogrebno-hrvojka.hr\\\/#\\\/schema\\\/logo\\\/image\\\/\"},\"sameAs\":[\"https:\\\/\\\/www.facebook.com\\\/cvjecarnicaHrvojkaTrogir\\\/\",\"https:\\\/\\\/www.instagram.com\\\/cvjecarnica_pogrebno_hrvojka\\\/\",\"https:\\\/\\\/www.linkedin.com\\\/in\\\/tomislav-princivali-88a639170\\\/?originalSubdomain=hr\"]}]}<\/script>\n<!-- \/ Yoast SEO Premium plugin. -->","yoast_head_json":{"title":"Pravila privatnosti - Pogrebno Hrvojka","robots":{"index":"index","follow":"follow","max-snippet":"max-snippet:-1","max-image-preview":"max-image-preview:large","max-video-preview":"max-video-preview:-1"},"canonical":"https:\/\/www.pogrebno-hrvojka.hr\/de\/pravila-privatnosti\/","og_locale":"de_DE","og_type":"article","og_title":"Pravila privatnosti","og_url":"https:\/\/www.pogrebno-hrvojka.hr\/de\/pravila-privatnosti\/","og_site_name":"Pogrebno Hrvojka","article_publisher":"https:\/\/www.facebook.com\/cvjecarnicaHrvojkaTrogir\/","article_modified_time":"2023-01-04T07:09:16+00:00","twitter_card":"summary_large_image","twitter_misc":{"Gesch\u00e4tzte Lesezeit":"5\u00a0Minuten"},"schema":{"@context":"https:\/\/schema.org","@graph":[{"@type":"WebPage","@id":"https:\/\/www.pogrebno-hrvojka.hr\/pravila-privatnosti\/","url":"https:\/\/www.pogrebno-hrvojka.hr\/pravila-privatnosti\/","name":"Pravila privatnosti - Pogrebno Hrvojka","isPartOf":{"@id":"https:\/\/www.pogrebno-hrvojka.hr\/#website"},"datePublished":"2022-09-17T09:40:40+00:00","dateModified":"2023-01-04T07:09:16+00:00","breadcrumb":{"@id":"https:\/\/www.pogrebno-hrvojka.hr\/pravila-privatnosti\/#breadcrumb"},"inLanguage":"de","potentialAction":[{"@type":"ReadAction","target":["https:\/\/www.pogrebno-hrvojka.hr\/pravila-privatnosti\/"]}]},{"@type":"BreadcrumbList","@id":"https:\/\/www.pogrebno-hrvojka.hr\/pravila-privatnosti\/#breadcrumb","itemListElement":[{"@type":"ListItem","position":1,"name":"Po\u010detna stranica","item":"https:\/\/www.pogrebno-hrvojka.hr\/"},{"@type":"ListItem","position":2,"name":"Pravila privatnosti"}]},{"@type":"WebSite","@id":"https:\/\/www.pogrebno-hrvojka.hr\/#website","url":"https:\/\/www.pogrebno-hrvojka.hr\/","name":"Pogrebno Hrvojka","description":"Pogrebno poduze\u0107e i cvje\u0107arnica Hrvojka","publisher":{"@id":"https:\/\/www.pogrebno-hrvojka.hr\/#organization"},"potentialAction":[{"@type":"SearchAction","target":{"@type":"EntryPoint","urlTemplate":"https:\/\/www.pogrebno-hrvojka.hr\/?s={search_term_string}"},"query-input":{"@type":"PropertyValueSpecification","valueRequired":true,"valueName":"search_term_string"}}],"inLanguage":"de"},{"@type":"Organization","@id":"https:\/\/www.pogrebno-hrvojka.hr\/#organization","name":"Pogrebno Hrvojka","url":"https:\/\/www.pogrebno-hrvojka.hr\/","logo":{"@type":"ImageObject","inLanguage":"de","@id":"https:\/\/www.pogrebno-hrvojka.hr\/#\/schema\/logo\/image\/","url":"https:\/\/www.pogrebno-hrvojka.hr\/wp-content\/uploads\/2022\/11\/logo.gif","contentUrl":"https:\/\/www.pogrebno-hrvojka.hr\/wp-content\/uploads\/2022\/11\/logo.gif","width":276,"height":59,"caption":"Pogrebno Hrvojka"},"image":{"@id":"https:\/\/www.pogrebno-hrvojka.hr\/#\/schema\/logo\/image\/"},"sameAs":["https:\/\/www.facebook.com\/cvjecarnicaHrvojkaTrogir\/","https:\/\/www.instagram.com\/cvjecarnica_pogrebno_hrvojka\/","https:\/\/www.linkedin.com\/in\/tomislav-princivali-88a639170\/?originalSubdomain=hr"]}]}},"_links":{"self":[{"href":"https:\/\/www.pogrebno-hrvojka.hr\/de\/wp-json\/wp\/v2\/pages\/3","targetHints":{"allow":["GET"]}}],"collection":[{"href":"https:\/\/www.pogrebno-hrvojka.hr\/de\/wp-json\/wp\/v2\/pages"}],"about":[{"href":"https:\/\/www.pogrebno-hrvojka.hr\/de\/wp-json\/wp\/v2\/types\/page"}],"author":[{"embeddable":true,"href":"https:\/\/www.pogrebno-hrvojka.hr\/de\/wp-json\/wp\/v2\/users\/1"}],"replies":[{"embeddable":true,"href":"https:\/\/www.pogrebno-hrvojka.hr\/de\/wp-json\/wp\/v2\/comments?post=3"}],"version-history":[{"count":0,"href":"https:\/\/www.pogrebno-hrvojka.hr\/de\/wp-json\/wp\/v2\/pages\/3\/revisions"}],"wp:attachment":[{"href":"https:\/\/www.pogrebno-hrvojka.hr\/de\/wp-json\/wp\/v2\/media?parent=3"}],"curies":[{"name":"wp","href":"https:\/\/api.w.org\/{rel}","templated":true}]}}