{"id":798,"date":"2022-11-21T08:34:02","date_gmt":"2022-11-21T07:34:02","guid":{"rendered":"https:\/\/pogrebno-hrvojka.hr\/?page_id=798"},"modified":"2022-12-08T18:07:24","modified_gmt":"2022-12-08T17:07:24","slug":"pogrebno","status":"publish","type":"page","link":"https:\/\/www.pogrebno-hrvojka.hr\/de\/pogrebno\/","title":{"rendered":"Begr\u00e4bnisunternehmen"},"content":{"rendered":"<section class=\"l-section wpb_row height_medium\"><div class=\"l-section-h i-cf\"><div class=\"g-cols vc_row via_flex valign_bottom type_default stacking_default\"><div class=\"vc_col-sm-6 wpb_column vc_column_container\"><div class=\"vc_column-inner\"><div class=\"wpb_wrapper\"><div class=\"g-cols wpb_row via_flex valign_top type_default stacking_default\"><div class=\"vc_col-sm-3 wpb_column vc_column_container\"><div class=\"vc_column-inner us_custom_f70d789f us_animate_this\"><div class=\"wpb_wrapper\"><div class=\"wpb_text_column\"><div class=\"wpb_wrapper\"><p><img decoding=\"async\" class=\"aligncenter wp-image-1074 size-full\" src=\"https:\/\/pogrebno-hrvojka.hr\/wp-content\/uploads\/2022\/11\/logo-hrvojka.png\" alt=\"\" width=\"116\" height=\"116\" srcset=\"https:\/\/www.pogrebno-hrvojka.hr\/wp-content\/uploads\/2022\/11\/logo-hrvojka.png 116w, https:\/\/www.pogrebno-hrvojka.hr\/wp-content\/uploads\/2022\/11\/logo-hrvojka-12x12.png 12w\" sizes=\"(max-width: 116px) 100vw, 116px\" \/><\/p>\n<\/div><\/div><\/div><\/div><\/div><div class=\"vc_col-sm-9 wpb_column vc_column_container\"><div class=\"vc_column-inner us_custom_f70d789f us_animate_this\"><div class=\"wpb_wrapper\"><div class=\"wpb_text_column us_custom_b590f348\"><div class=\"wpb_wrapper\"><h2><span style=\"color: #69659e;\">Begr\u00e4bnisunternehmen<\/span><\/h2>\n<\/div><\/div><\/div><\/div><\/div><\/div><div class=\"wpb_text_column us_custom_3683a75f us_animate_this\"><div class=\"wpb_wrapper\"><h5>Was im Todesfall zu tun?<\/h5>\n<\/div><\/div><div class=\"wpb_text_column us_custom_865ad4dd text-center us_animate_this\"><div class=\"wpb_wrapper\"><h6>Kontaktieren Sie uns telefonisch oder per Nachricht und befolgen Sie unsere Anweisungen.<\/h6>\n<\/div><\/div><\/div><\/div><\/div><div class=\"vc_col-sm-6 wpb_column vc_column_container\"><div class=\"vc_column-inner\"><div class=\"wpb_wrapper\"><div class=\"wpb_text_column\"><div class=\"wpb_wrapper\"><p>Begr\u00e4bnisunternehmen Hrvojka i Princivali International f\u00fchrt Bestattungsdienstleistungen durch und \u00fcbernimmt und bef\u00f6rdert Verstorbene in Kroatien und im Ausland.<\/p>\n<p>Wir bieten Ihnen eine komplette Organisation einer Bestattung an, vom Moment des Todes bis zur Beerdigung, und arrangieren in Absprache mit Ihnen alle Details der Bestattung f\u00fcr Ihre Angeh\u00f6rigen.<\/p>\n<\/div><\/div><\/div><\/div><\/div><\/div><\/div><\/section>","protected":false},"excerpt":{"rendered":"Pogrebno \u0160to u\u010diniti kada nastupi smrt? Kontaktirajte nas, bilo pozivom ili porukom i pratite na\u0161e upute. Pogrebno Hrvojka i Princivali International obavlja pogrebne usluge te preuzima i prevozi umrle osobe na podru\u010dju Hrvatske i inozemstva. Nudimo Vam kompletnu organizaciju pogreba od trenutka smrti do ukopa te u dogovoru s Vama dogovaramo sve pojedinosti pogreba za...","protected":false},"author":1,"featured_media":0,"parent":0,"menu_order":0,"comment_status":"closed","ping_status":"closed","template":"","meta":{"footnotes":""},"class_list":["post-798","page","type-page","status-publish","hentry"],"yoast_head":"<!-- This site is optimized with the Yoast SEO Premium plugin v20.12 (Yoast SEO v27.4) - https:\/\/yoast.com\/product\/yoast-seo-premium-wordpress\/ -->\n<title>Pogrebno - Pogrebno Hrvojka<\/title>\n<meta name=\"robots\" content=\"index, follow, max-snippet:-1, max-image-preview:large, max-video-preview:-1\" \/>\n<link rel=\"canonical\" href=\"https:\/\/www.pogrebno-hrvojka.hr\/de\/pogrebno\/\" \/>\n<meta property=\"og:locale\" content=\"de_DE\" \/>\n<meta property=\"og:type\" content=\"article\" \/>\n<meta property=\"og:title\" content=\"Pogrebno\" \/>\n<meta property=\"og:url\" content=\"https:\/\/www.pogrebno-hrvojka.hr\/de\/pogrebno\/\" \/>\n<meta property=\"og:site_name\" content=\"Pogrebno Hrvojka\" \/>\n<meta property=\"article:publisher\" content=\"https:\/\/www.facebook.com\/cvjecarnicaHrvojkaTrogir\/\" \/>\n<meta property=\"article:modified_time\" content=\"2022-12-08T17:07:24+00:00\" \/>\n<meta property=\"og:image\" content=\"https:\/\/pogrebno-hrvojka.hr\/wp-content\/uploads\/2022\/11\/logo-hrvojka.png\" \/>\n<meta name=\"twitter:card\" content=\"summary_large_image\" \/>\n<meta name=\"twitter:label1\" content=\"Gesch\u00e4tzte Lesezeit\" \/>\n\t<meta name=\"twitter:data1\" content=\"1\u00a0Minute\" \/>\n<script type=\"application\/ld+json\" class=\"yoast-schema-graph\">{\"@context\":\"https:\\\/\\\/schema.org\",\"@graph\":[{\"@type\":\"WebPage\",\"@id\":\"https:\\\/\\\/www.pogrebno-hrvojka.hr\\\/pogrebno\\\/\",\"url\":\"https:\\\/\\\/www.pogrebno-hrvojka.hr\\\/pogrebno\\\/\",\"name\":\"Pogrebno - Pogrebno Hrvojka\",\"isPartOf\":{\"@id\":\"https:\\\/\\\/www.pogrebno-hrvojka.hr\\\/#website\"},\"primaryImageOfPage\":{\"@id\":\"https:\\\/\\\/www.pogrebno-hrvojka.hr\\\/pogrebno\\\/#primaryimage\"},\"image\":{\"@id\":\"https:\\\/\\\/www.pogrebno-hrvojka.hr\\\/pogrebno\\\/#primaryimage\"},\"thumbnailUrl\":\"https:\\\/\\\/pogrebno-hrvojka.hr\\\/wp-content\\\/uploads\\\/2022\\\/11\\\/logo-hrvojka.png\",\"datePublished\":\"2022-11-21T07:34:02+00:00\",\"dateModified\":\"2022-12-08T17:07:24+00:00\",\"breadcrumb\":{\"@id\":\"https:\\\/\\\/www.pogrebno-hrvojka.hr\\\/pogrebno\\\/#breadcrumb\"},\"inLanguage\":\"de\",\"potentialAction\":[{\"@type\":\"ReadAction\",\"target\":[\"https:\\\/\\\/www.pogrebno-hrvojka.hr\\\/pogrebno\\\/\"]}]},{\"@type\":\"ImageObject\",\"inLanguage\":\"de\",\"@id\":\"https:\\\/\\\/www.pogrebno-hrvojka.hr\\\/pogrebno\\\/#primaryimage\",\"url\":\"https:\\\/\\\/pogrebno-hrvojka.hr\\\/wp-content\\\/uploads\\\/2022\\\/11\\\/logo-hrvojka.png\",\"contentUrl\":\"https:\\\/\\\/pogrebno-hrvojka.hr\\\/wp-content\\\/uploads\\\/2022\\\/11\\\/logo-hrvojka.png\"},{\"@type\":\"BreadcrumbList\",\"@id\":\"https:\\\/\\\/www.pogrebno-hrvojka.hr\\\/pogrebno\\\/#breadcrumb\",\"itemListElement\":[{\"@type\":\"ListItem\",\"position\":1,\"name\":\"Po\u010detna stranica\",\"item\":\"https:\\\/\\\/www.pogrebno-hrvojka.hr\\\/\"},{\"@type\":\"ListItem\",\"position\":2,\"name\":\"Pogrebno\"}]},{\"@type\":\"WebSite\",\"@id\":\"https:\\\/\\\/www.pogrebno-hrvojka.hr\\\/#website\",\"url\":\"https:\\\/\\\/www.pogrebno-hrvojka.hr\\\/\",\"name\":\"Pogrebno Hrvojka\",\"description\":\"Pogrebno poduze\u0107e i cvje\u0107arnica Hrvojka\",\"publisher\":{\"@id\":\"https:\\\/\\\/www.pogrebno-hrvojka.hr\\\/#organization\"},\"potentialAction\":[{\"@type\":\"SearchAction\",\"target\":{\"@type\":\"EntryPoint\",\"urlTemplate\":\"https:\\\/\\\/www.pogrebno-hrvojka.hr\\\/?s={search_term_string}\"},\"query-input\":{\"@type\":\"PropertyValueSpecification\",\"valueRequired\":true,\"valueName\":\"search_term_string\"}}],\"inLanguage\":\"de\"},{\"@type\":\"Organization\",\"@id\":\"https:\\\/\\\/www.pogrebno-hrvojka.hr\\\/#organization\",\"name\":\"Pogrebno Hrvojka\",\"url\":\"https:\\\/\\\/www.pogrebno-hrvojka.hr\\\/\",\"logo\":{\"@type\":\"ImageObject\",\"inLanguage\":\"de\",\"@id\":\"https:\\\/\\\/www.pogrebno-hrvojka.hr\\\/#\\\/schema\\\/logo\\\/image\\\/\",\"url\":\"https:\\\/\\\/www.pogrebno-hrvojka.hr\\\/wp-content\\\/uploads\\\/2022\\\/11\\\/logo.gif\",\"contentUrl\":\"https:\\\/\\\/www.pogrebno-hrvojka.hr\\\/wp-content\\\/uploads\\\/2022\\\/11\\\/logo.gif\",\"width\":276,\"height\":59,\"caption\":\"Pogrebno Hrvojka\"},\"image\":{\"@id\":\"https:\\\/\\\/www.pogrebno-hrvojka.hr\\\/#\\\/schema\\\/logo\\\/image\\\/\"},\"sameAs\":[\"https:\\\/\\\/www.facebook.com\\\/cvjecarnicaHrvojkaTrogir\\\/\",\"https:\\\/\\\/www.instagram.com\\\/cvjecarnica_pogrebno_hrvojka\\\/\",\"https:\\\/\\\/www.linkedin.com\\\/in\\\/tomislav-princivali-88a639170\\\/?originalSubdomain=hr\"]}]}<\/script>\n<!-- \/ Yoast SEO Premium plugin. -->","yoast_head_json":{"title":"Pogrebno - Pogrebno Hrvojka","robots":{"index":"index","follow":"follow","max-snippet":"max-snippet:-1","max-image-preview":"max-image-preview:large","max-video-preview":"max-video-preview:-1"},"canonical":"https:\/\/www.pogrebno-hrvojka.hr\/de\/pogrebno\/","og_locale":"de_DE","og_type":"article","og_title":"Pogrebno","og_url":"https:\/\/www.pogrebno-hrvojka.hr\/de\/pogrebno\/","og_site_name":"Pogrebno Hrvojka","article_publisher":"https:\/\/www.facebook.com\/cvjecarnicaHrvojkaTrogir\/","article_modified_time":"2022-12-08T17:07:24+00:00","og_image":[{"url":"https:\/\/pogrebno-hrvojka.hr\/wp-content\/uploads\/2022\/11\/logo-hrvojka.png","type":"","width":"","height":""}],"twitter_card":"summary_large_image","twitter_misc":{"Gesch\u00e4tzte Lesezeit":"1\u00a0Minute"},"schema":{"@context":"https:\/\/schema.org","@graph":[{"@type":"WebPage","@id":"https:\/\/www.pogrebno-hrvojka.hr\/pogrebno\/","url":"https:\/\/www.pogrebno-hrvojka.hr\/pogrebno\/","name":"Pogrebno - Pogrebno Hrvojka","isPartOf":{"@id":"https:\/\/www.pogrebno-hrvojka.hr\/#website"},"primaryImageOfPage":{"@id":"https:\/\/www.pogrebno-hrvojka.hr\/pogrebno\/#primaryimage"},"image":{"@id":"https:\/\/www.pogrebno-hrvojka.hr\/pogrebno\/#primaryimage"},"thumbnailUrl":"https:\/\/pogrebno-hrvojka.hr\/wp-content\/uploads\/2022\/11\/logo-hrvojka.png","datePublished":"2022-11-21T07:34:02+00:00","dateModified":"2022-12-08T17:07:24+00:00","breadcrumb":{"@id":"https:\/\/www.pogrebno-hrvojka.hr\/pogrebno\/#breadcrumb"},"inLanguage":"de","potentialAction":[{"@type":"ReadAction","target":["https:\/\/www.pogrebno-hrvojka.hr\/pogrebno\/"]}]},{"@type":"ImageObject","inLanguage":"de","@id":"https:\/\/www.pogrebno-hrvojka.hr\/pogrebno\/#primaryimage","url":"https:\/\/pogrebno-hrvojka.hr\/wp-content\/uploads\/2022\/11\/logo-hrvojka.png","contentUrl":"https:\/\/pogrebno-hrvojka.hr\/wp-content\/uploads\/2022\/11\/logo-hrvojka.png"},{"@type":"BreadcrumbList","@id":"https:\/\/www.pogrebno-hrvojka.hr\/pogrebno\/#breadcrumb","itemListElement":[{"@type":"ListItem","position":1,"name":"Po\u010detna stranica","item":"https:\/\/www.pogrebno-hrvojka.hr\/"},{"@type":"ListItem","position":2,"name":"Pogrebno"}]},{"@type":"WebSite","@id":"https:\/\/www.pogrebno-hrvojka.hr\/#website","url":"https:\/\/www.pogrebno-hrvojka.hr\/","name":"Pogrebno Hrvojka","description":"Pogrebno poduze\u0107e i cvje\u0107arnica Hrvojka","publisher":{"@id":"https:\/\/www.pogrebno-hrvojka.hr\/#organization"},"potentialAction":[{"@type":"SearchAction","target":{"@type":"EntryPoint","urlTemplate":"https:\/\/www.pogrebno-hrvojka.hr\/?s={search_term_string}"},"query-input":{"@type":"PropertyValueSpecification","valueRequired":true,"valueName":"search_term_string"}}],"inLanguage":"de"},{"@type":"Organization","@id":"https:\/\/www.pogrebno-hrvojka.hr\/#organization","name":"Pogrebno Hrvojka","url":"https:\/\/www.pogrebno-hrvojka.hr\/","logo":{"@type":"ImageObject","inLanguage":"de","@id":"https:\/\/www.pogrebno-hrvojka.hr\/#\/schema\/logo\/image\/","url":"https:\/\/www.pogrebno-hrvojka.hr\/wp-content\/uploads\/2022\/11\/logo.gif","contentUrl":"https:\/\/www.pogrebno-hrvojka.hr\/wp-content\/uploads\/2022\/11\/logo.gif","width":276,"height":59,"caption":"Pogrebno Hrvojka"},"image":{"@id":"https:\/\/www.pogrebno-hrvojka.hr\/#\/schema\/logo\/image\/"},"sameAs":["https:\/\/www.facebook.com\/cvjecarnicaHrvojkaTrogir\/","https:\/\/www.instagram.com\/cvjecarnica_pogrebno_hrvojka\/","https:\/\/www.linkedin.com\/in\/tomislav-princivali-88a639170\/?originalSubdomain=hr"]}]}},"_links":{"self":[{"href":"https:\/\/www.pogrebno-hrvojka.hr\/de\/wp-json\/wp\/v2\/pages\/798","targetHints":{"allow":["GET"]}}],"collection":[{"href":"https:\/\/www.pogrebno-hrvojka.hr\/de\/wp-json\/wp\/v2\/pages"}],"about":[{"href":"https:\/\/www.pogrebno-hrvojka.hr\/de\/wp-json\/wp\/v2\/types\/page"}],"author":[{"embeddable":true,"href":"https:\/\/www.pogrebno-hrvojka.hr\/de\/wp-json\/wp\/v2\/users\/1"}],"replies":[{"embeddable":true,"href":"https:\/\/www.pogrebno-hrvojka.hr\/de\/wp-json\/wp\/v2\/comments?post=798"}],"version-history":[{"count":0,"href":"https:\/\/www.pogrebno-hrvojka.hr\/de\/wp-json\/wp\/v2\/pages\/798\/revisions"}],"wp:attachment":[{"href":"https:\/\/www.pogrebno-hrvojka.hr\/de\/wp-json\/wp\/v2\/media?parent=798"}],"curies":[{"name":"wp","href":"https:\/\/api.w.org\/{rel}","templated":true}]}}