{"id":987,"date":"2022-11-27T16:40:06","date_gmt":"2022-11-27T15:40:06","guid":{"rendered":"https:\/\/pogrebno-hrvojka.hr\/?page_id=987"},"modified":"2022-11-28T12:39:21","modified_gmt":"2022-11-28T11:39:21","slug":"digitalna-smrt","status":"publish","type":"page","link":"https:\/\/www.pogrebno-hrvojka.hr\/de\/digitalna-smrt\/","title":{"rendered":"Digitaler Tod"},"content":{"rendered":"<section class=\"l-section wpb_row height_medium\"><div class=\"l-section-h i-cf\"><div class=\"g-cols vc_row via_flex valign_bottom type_default stacking_default\"><div class=\"vc_col-sm-6 wpb_column vc_column_container\"><div class=\"vc_column-inner\"><div class=\"wpb_wrapper\"><div class=\"g-cols wpb_row via_flex valign_middle type_default stacking_default\"><div class=\"vc_col-sm-3 wpb_column vc_column_container\"><div class=\"vc_column-inner us_custom_f70d789f us_animate_this\"><div class=\"wpb_wrapper\"><div class=\"wpb_text_column\"><div class=\"wpb_wrapper\"><p><img decoding=\"async\" class=\"aligncenter wp-image-1057 size-full\" src=\"https:\/\/pogrebno-hrvojka.hr\/wp-content\/uploads\/2022\/11\/digitalna-smrt.png\" alt=\"\" width=\"123\" height=\"98\" srcset=\"https:\/\/www.pogrebno-hrvojka.hr\/wp-content\/uploads\/2022\/11\/digitalna-smrt.png 123w, https:\/\/www.pogrebno-hrvojka.hr\/wp-content\/uploads\/2022\/11\/digitalna-smrt-15x12.png 15w\" sizes=\"(max-width: 123px) 100vw, 123px\" \/><\/p>\n<\/div><\/div><\/div><\/div><\/div><div class=\"vc_col-sm-9 wpb_column vc_column_container\"><div class=\"vc_column-inner us_custom_f70d789f us_animate_this\"><div class=\"wpb_wrapper\"><div class=\"wpb_text_column us_custom_b590f348\"><div class=\"wpb_wrapper\"><h3>Digitaler Tod<\/h3>\n<\/div><\/div><\/div><\/div><\/div><\/div><div class=\"w-separator size_small\"><\/div><div class=\"wpb_text_column us_custom_de366d1c us_animate_this\"><div class=\"wpb_wrapper\"><h6>Was passiert mit Ihrem digitalen Leben nach Ihrem Tod?<\/h6>\n<p>Die Menschen haben das Internet und neue Wege der gegenseitigen Kommunikation und des Erfahrungsaustausches akzeptiert. Die Art und Weise, wie wir Musik h\u00f6ren, Bilder teilen und mit Geld umgehen, hat sich ver\u00e4ndert. Auch die Art und Weise, wie wir uns an die Menschen nach ihrem Tod erinnern, \u00e4ndert sich, und bis zu 24 % der Menschen w\u00fcrden ihr Beileid lieber online posten, als ein Beileidstelegramm zu versenden.<\/p>\n<p>Was passiert mit digitalen Konten und Aktivit\u00e4ten, wenn jemand stirbt? W\u00fcrde Ihre Familie wissen, wo man Ihre Online-Konten und -Profile, Ihre Passw\u00f6rter finden kann? Ist es m\u00f6glich, Passw\u00f6rter nach dem Tod einer Person zu \u00e4ndern? Wie kann man das alles zusammen anfangen?<\/p>\n<p>Hier geben wir Ihnen hilfreiche Ratschl\u00e4ge, was zu tun ist, wenn jemand stirbt, und was Sie im Voraus tun k\u00f6nnen, um sicherzustellen, dass Ihr digitaler Nachlass so verwaltet wird, wie Sie es m\u00f6chten, wenn es sichergestellt werden sollten, dass Ihre wertvollen Fotos nicht verloren gehen, Ihre wertvolle Bitcoin-Sammlung nicht vergessen werden oder die Erlaubnis Ihre Erinnerungen in Facebook-Beitr\u00e4gen anzuzeigen.<\/p>\n<\/div><\/div><div class=\"w-separator size_small\"><\/div><div class=\"wpb_text_column\"><div class=\"wpb_wrapper\"><h4>Was ist digitales Erbe?<\/h4>\n<p>Heutzutage haben die meisten Menschen ein Telefon, Tablet oder einen Computer und darauf verschiedene Profile. Das digitale Erbe einer Person umfasst alle digitalen Daten, die eine Person nach ihrem Tod hinterl\u00e4sst.<\/p>\n<ul class=\"li\">\n<li>E-Mail-Konten<\/li>\n<li>Bankkonten<\/li>\n<li>Facebook-, Twitter- oder Instagram-Konten<\/li>\n<li>Abonnementkonten z.B. Spotify, Apple iCloud-Speicher<\/li>\n<li>Musik auf iTunes<\/li>\n<li>Xbox- und PlayStation-Konten f\u00fcr Online-Spiele,<\/li>\n<li>Amazon-, eBay- und PayPal-Konten f\u00fcr den Online-Handel<\/li>\n<li>Kryptow\u00e4hrungen, z.B. Bitcoin, Ethereum, Ripple usw.<\/li>\n<li>Geistiges Eigentum wie verschiedene Websites und Domains, Blogs, Logos oder E-Books.<\/li>\n<\/ul>\n<p>Menschen sind es nicht gewohnt, sich nach dem Tod eines anderen um das digitale Erbe zu k\u00fcmmern, auch wenn es wichtig ist, denn wenn es gut verwaltet wird, kann es Freunden und Familie Trost spenden und sie an sch\u00f6ne gemeinsame Momente erinnern.<\/p>\n<p>Nachfolgend bringen wir Ihnen Links, wo einzelne Profile und Konten deaktiviert oder auf einen neuen Verwalter \u00fcbertragen werden k\u00f6nnen:<\/p>\n<\/div><\/div><div class=\"w-separator size_small\"><\/div><div class=\"wpb_text_column\"><div class=\"wpb_wrapper\"><h4>Facebook:<\/h4>\n<p>Wenn jemand stirbt, kann sein Facebook-Konto dauerhaft gel\u00f6scht oder in den Gedankenzustand versetzt werden, sodass Familie und Freunde Inhalte in der Chronik dieser Person teilen k\u00f6nnen. Wenn ein Profil ausgew\u00e4hlt wird, erscheint das Wort \u201eGedankenzustand\u201c neben seinem Namen. Konten im Gedenkzustand sind nur f\u00fcr Familienmitglieder und Freunde erreichbar und erscheinen nicht in Suchvorg\u00e4ngen.<\/p>\n<p><img decoding=\"async\" class=\"alignnone size-medium wp-image-306\" src=\"https:\/\/pogrebno-hrvojka.hr\/wp-content\/uploads\/2022\/09\/Facebook-300x64.png\" sizes=\"(max-width: 300px) 100vw, 300px\" srcset=\"https:\/\/pogrebno-hrvojka.hr\/wp-content\/uploads\/2022\/09\/Facebook-300x64.png 300w, https:\/\/pogrebno-hrvojka.hr\/wp-content\/uploads\/2022\/09\/Facebook.png 1000w\" alt=\"\" width=\"300\" height=\"64\" \/><\/p>\n<p><a href=\"https:\/\/www.facebook.com\/help\/103897939701143\" target=\"_blank\" rel=\"noopener\">https:\/\/www.facebook.com\/help\/103897939701143<\/a><\/p>\n<\/div><\/div><\/div><\/div><\/div><div class=\"vc_col-sm-6 wpb_column vc_column_container\"><div class=\"vc_column-inner\"><div class=\"wpb_wrapper\"><div class=\"wpb_text_column\"><div class=\"wpb_wrapper\"><h4>G-mail:<\/h4>\n<p>Google nimmt den Datenschutz seiner Nutzer-E-Mail-Konten ernst und wird Nachfolgern keinen Zugriff auf das Konto gew\u00e4hren. Jedoch stellt Google seinen Benutzern ein Planungstool namens Inactive Account Manager zur Verf\u00fcgung. Mit diesem Tool k\u00f6nnen Sie Google mitteilen, was Sie nach einer bestimmten Zeit der Inaktivit\u00e4t mit Ihren E-Mails und Daten tun m\u00f6chten. Sie k\u00f6nnen Ihre Daten nach 3, 6, 9 und 12 Monaten Inaktivit\u00e4t l\u00f6schen oder Ihre Daten an bis zu 10 vertrauensw\u00fcrdige Kontakte senden lassen.<\/p>\n<p><img decoding=\"async\" class=\"alignnone size-medium wp-image-301\" src=\"https:\/\/pogrebno-hrvojka.hr\/wp-content\/uploads\/2022\/09\/Gmail-300x64.png\" sizes=\"(max-width: 300px) 100vw, 300px\" srcset=\"https:\/\/pogrebno-hrvojka.hr\/wp-content\/uploads\/2022\/09\/Gmail-300x64.png 300w, https:\/\/pogrebno-hrvojka.hr\/wp-content\/uploads\/2022\/09\/Gmail.png 1000w\" alt=\"\" width=\"300\" height=\"64\" \/><\/p>\n<p><a href=\"https:\/\/support.google.com\/accounts\/troubleshooter\/6357590?hl=en&amp;rd=2\" target=\"_blank\" rel=\"noopener\">https:\/\/support.google.com\/accounts\/troubleshooter\/6357590?hl=en&amp;rd=2<\/a><br \/>\n<a href=\"https:\/\/publicpolicy.googleblog.com\/2013\/04\/plan-your-digital-afterlife-with.html\" target=\"_blank\" rel=\"noopener\">https:\/\/publicpolicy.googleblog.com\/2013\/04\/plan-your-digital-afterlife-with.html<\/a><\/p>\n<h3>Microsoft:<\/h3>\n<p>Wenn Sie ein Microsoft-Konto schlie\u00dfen, werden alle anderen mit diesem Konto verkn\u00fcpften Microsoft-Dienstleistungen wie Outlook, Skype, alle auf OneDrive gespeicherten Dateien, Xbox Live-Daten und GamerTag gel\u00f6scht. Bei Microsoft gibt es Helpdesk-Abteilung, die sich mit den Konten nach dem Tod eines Benutzers besch\u00e4ftigt, Ihnen wird jedoch kein Zugriff auf den Benutzernamen oder das Passwort gew\u00e4hrt.<\/p>\n<p><img decoding=\"async\" class=\"alignnone size-medium wp-image-298\" src=\"https:\/\/pogrebno-hrvojka.hr\/wp-content\/uploads\/2022\/09\/Microsoft-300x64.png\" sizes=\"(max-width: 300px) 100vw, 300px\" srcset=\"https:\/\/pogrebno-hrvojka.hr\/wp-content\/uploads\/2022\/09\/Microsoft-300x64.png 300w, https:\/\/pogrebno-hrvojka.hr\/wp-content\/uploads\/2022\/09\/Microsoft.png 1000w\" alt=\"\" width=\"300\" height=\"64\" \/><\/p>\n<p><a href=\"https:\/\/support.microsoft.com\/en-us\/account-billing\/how-to-close-your-microsoft-account-c1b2d13f-4de6-6e1b-4a31-d9d668849979\" target=\"_blank\" rel=\"noopener\">https:\/\/support.microsoft.com\/en-us\/account-billing\/how-to-close-your-microsoft-account-c1b2d13f-4de6-6e1b-4a31-d9d668849979<\/a><\/p>\n<h4>Yahoo:<\/h4>\n<p>Sie k\u00f6nnen beantragen, Ihr Yahoo-E-Mail-Konto zu schlie\u00dfen, und Yahoo l\u00f6scht nach der Benachrichtigung, dass der Kontoinhaber verstorben ist, alle Inhalte auf dem Konto, abgesehen davon, ob es um wertvolle Fotos oder Dokumenten geht.<\/p>\n<p><img decoding=\"async\" class=\"alignnone size-medium wp-image-303\" src=\"https:\/\/pogrebno-hrvojka.hr\/wp-content\/uploads\/2022\/09\/Yahoo-300x64.png\" sizes=\"(max-width: 300px) 100vw, 300px\" srcset=\"https:\/\/pogrebno-hrvojka.hr\/wp-content\/uploads\/2022\/09\/Yahoo-300x64.png 300w, https:\/\/pogrebno-hrvojka.hr\/wp-content\/uploads\/2022\/09\/Yahoo.png 1000w\" alt=\"\" width=\"300\" height=\"64\" \/><\/p>\n<p><a href=\"https:\/\/help.yahoo.com\/kb\/SLN2021.html?guccounter=1\" target=\"_blank\" rel=\"noopener\">https:\/\/help.yahoo.com\/kb\/SLN2021.html?guccounter=1<\/a><\/p>\n<p>&nbsp;<\/p>\n<h4>Instagram<\/h4>\n<p>sowie Facebook erlaubt auch Instagram den Liebsten ein Konto zu l\u00f6schen oder mit Posts zu markieren, die noch zu sehen sind, jedoch nicht in \u00f6ffentlichen Suchlisten erscheinen.<\/p>\n<p><img decoding=\"async\" class=\"alignnone size-medium wp-image-305\" src=\"https:\/\/pogrebno-hrvojka.hr\/wp-content\/uploads\/2022\/09\/Instagram-300x64.png\" sizes=\"(max-width: 300px) 100vw, 300px\" srcset=\"https:\/\/pogrebno-hrvojka.hr\/wp-content\/uploads\/2022\/09\/Instagram-300x64.png 300w, https:\/\/pogrebno-hrvojka.hr\/wp-content\/uploads\/2022\/09\/Instagram.png 1000w\" alt=\"\" width=\"300\" height=\"64\" \/><\/p>\n<p><a href=\"https:\/\/help.instagram.com\/264154560391256\" target=\"_blank\" rel=\"noopener\">https:\/\/help.instagram.com\/264154560391256<\/a><\/p>\n<\/div><\/div><div class=\"w-separator size_small\"><\/div><div class=\"wpb_text_column\"><div class=\"wpb_wrapper\"><h5>Verwalten Sie Ihr digitales Erbe nach dem Tod:<\/h5>\n<h6>F\u00fchren Sie alle Ihre digitalen Konten an und entscheiden Sie, was nach Ihrem Tod mit diesen geschehen soll und was Sie sich w\u00fcnschen.<\/h6>\n<\/div><\/div><\/div><\/div><\/div><\/div><\/div><\/section>","protected":false},"excerpt":{"rendered":"Digitalna smrt \u0160to se doga\u0111a s va\u0161im digitalnim \u017eivotom poslije va\u0161e smrti? Ljudi su prihvatili Internet i nove na\u010dine me\u0111usobne komunikacije i razmjenu iskustava. Promijenio se na\u010din na koji slu\u0161amo glazbu, dijelimo slike i raspola\u017eemo novcem. Mijenja se i na\u010din na koji se sje\u0107amo ljudi nakon \u0161to su umrli, a \u010dak 24% ljudi \u0107e radije...","protected":false},"author":1,"featured_media":0,"parent":0,"menu_order":0,"comment_status":"closed","ping_status":"closed","template":"","meta":{"footnotes":""},"class_list":["post-987","page","type-page","status-publish","hentry"],"yoast_head":"<!-- This site is optimized with the Yoast SEO Premium plugin v27.6 (Yoast SEO v27.6) - https:\/\/yoast.com\/product\/yoast-seo-premium-wordpress\/ -->\n<title>Digitalna smrt - Pogrebno Hrvojka<\/title>\n<meta name=\"robots\" content=\"index, follow, max-snippet:-1, max-image-preview:large, max-video-preview:-1\" \/>\n<link rel=\"canonical\" href=\"https:\/\/www.pogrebno-hrvojka.hr\/de\/digitalna-smrt\/\" \/>\n<meta property=\"og:locale\" content=\"de_DE\" \/>\n<meta property=\"og:type\" content=\"article\" \/>\n<meta property=\"og:title\" content=\"Digitalna smrt\" \/>\n<meta property=\"og:url\" content=\"https:\/\/www.pogrebno-hrvojka.hr\/de\/digitalna-smrt\/\" \/>\n<meta property=\"og:site_name\" content=\"Pogrebno Hrvojka\" \/>\n<meta property=\"article:publisher\" content=\"https:\/\/www.facebook.com\/cvjecarnicaHrvojkaTrogir\/\" \/>\n<meta property=\"article:modified_time\" content=\"2022-11-28T11:39:21+00:00\" \/>\n<meta property=\"og:image\" content=\"https:\/\/pogrebno-hrvojka.hr\/wp-content\/uploads\/2022\/11\/digitalna-smrt.png\" \/>\n<meta name=\"twitter:card\" content=\"summary_large_image\" \/>\n<meta name=\"twitter:label1\" content=\"Gesch\u00e4tzte Lesezeit\" \/>\n\t<meta name=\"twitter:data1\" content=\"4\u00a0Minuten\" \/>\n<script type=\"application\/ld+json\" class=\"yoast-schema-graph\">{\"@context\":\"https:\\\/\\\/schema.org\",\"@graph\":[{\"@type\":\"WebPage\",\"@id\":\"https:\\\/\\\/www.pogrebno-hrvojka.hr\\\/en\\\/digitalna-smrt\\\/\",\"url\":\"https:\\\/\\\/www.pogrebno-hrvojka.hr\\\/en\\\/digitalna-smrt\\\/\",\"name\":\"Digitalna smrt - Pogrebno Hrvojka\",\"isPartOf\":{\"@id\":\"https:\\\/\\\/www.pogrebno-hrvojka.hr\\\/#website\"},\"primaryImageOfPage\":{\"@id\":\"https:\\\/\\\/www.pogrebno-hrvojka.hr\\\/en\\\/digitalna-smrt\\\/#primaryimage\"},\"image\":{\"@id\":\"https:\\\/\\\/www.pogrebno-hrvojka.hr\\\/en\\\/digitalna-smrt\\\/#primaryimage\"},\"thumbnailUrl\":\"https:\\\/\\\/pogrebno-hrvojka.hr\\\/wp-content\\\/uploads\\\/2022\\\/11\\\/digitalna-smrt.png\",\"datePublished\":\"2022-11-27T15:40:06+00:00\",\"dateModified\":\"2022-11-28T11:39:21+00:00\",\"breadcrumb\":{\"@id\":\"https:\\\/\\\/www.pogrebno-hrvojka.hr\\\/en\\\/digitalna-smrt\\\/#breadcrumb\"},\"inLanguage\":\"de\",\"potentialAction\":[{\"@type\":\"ReadAction\",\"target\":[\"https:\\\/\\\/www.pogrebno-hrvojka.hr\\\/en\\\/digitalna-smrt\\\/\"]}]},{\"@type\":\"ImageObject\",\"inLanguage\":\"de\",\"@id\":\"https:\\\/\\\/www.pogrebno-hrvojka.hr\\\/en\\\/digitalna-smrt\\\/#primaryimage\",\"url\":\"https:\\\/\\\/pogrebno-hrvojka.hr\\\/wp-content\\\/uploads\\\/2022\\\/11\\\/digitalna-smrt.png\",\"contentUrl\":\"https:\\\/\\\/pogrebno-hrvojka.hr\\\/wp-content\\\/uploads\\\/2022\\\/11\\\/digitalna-smrt.png\"},{\"@type\":\"BreadcrumbList\",\"@id\":\"https:\\\/\\\/www.pogrebno-hrvojka.hr\\\/en\\\/digitalna-smrt\\\/#breadcrumb\",\"itemListElement\":[{\"@type\":\"ListItem\",\"position\":1,\"name\":\"Po\u010detna stranica\",\"item\":\"https:\\\/\\\/www.pogrebno-hrvojka.hr\\\/\"},{\"@type\":\"ListItem\",\"position\":2,\"name\":\"Digitalna smrt\"}]},{\"@type\":\"WebSite\",\"@id\":\"https:\\\/\\\/www.pogrebno-hrvojka.hr\\\/#website\",\"url\":\"https:\\\/\\\/www.pogrebno-hrvojka.hr\\\/\",\"name\":\"Pogrebno Hrvojka\",\"description\":\"Pogrebno poduze\u0107e i cvje\u0107arnica Hrvojka\",\"publisher\":{\"@id\":\"https:\\\/\\\/www.pogrebno-hrvojka.hr\\\/#organization\"},\"potentialAction\":[{\"@type\":\"SearchAction\",\"target\":{\"@type\":\"EntryPoint\",\"urlTemplate\":\"https:\\\/\\\/www.pogrebno-hrvojka.hr\\\/?s={search_term_string}\"},\"query-input\":{\"@type\":\"PropertyValueSpecification\",\"valueRequired\":true,\"valueName\":\"search_term_string\"}}],\"inLanguage\":\"de\"},{\"@type\":\"Organization\",\"@id\":\"https:\\\/\\\/www.pogrebno-hrvojka.hr\\\/#organization\",\"name\":\"Pogrebno Hrvojka\",\"url\":\"https:\\\/\\\/www.pogrebno-hrvojka.hr\\\/\",\"logo\":{\"@type\":\"ImageObject\",\"inLanguage\":\"de\",\"@id\":\"https:\\\/\\\/www.pogrebno-hrvojka.hr\\\/#\\\/schema\\\/logo\\\/image\\\/\",\"url\":\"https:\\\/\\\/www.pogrebno-hrvojka.hr\\\/wp-content\\\/uploads\\\/2022\\\/11\\\/logo.gif\",\"contentUrl\":\"https:\\\/\\\/www.pogrebno-hrvojka.hr\\\/wp-content\\\/uploads\\\/2022\\\/11\\\/logo.gif\",\"width\":276,\"height\":59,\"caption\":\"Pogrebno Hrvojka\"},\"image\":{\"@id\":\"https:\\\/\\\/www.pogrebno-hrvojka.hr\\\/#\\\/schema\\\/logo\\\/image\\\/\"},\"sameAs\":[\"https:\\\/\\\/www.facebook.com\\\/cvjecarnicaHrvojkaTrogir\\\/\",\"https:\\\/\\\/www.instagram.com\\\/cvjecarnica_pogrebno_hrvojka\\\/\",\"https:\\\/\\\/www.linkedin.com\\\/in\\\/tomislav-princivali-88a639170\\\/?originalSubdomain=hr\"]}]}<\/script>\n<!-- \/ Yoast SEO Premium plugin. -->","yoast_head_json":{"title":"Digitalna smrt - Pogrebno Hrvojka","robots":{"index":"index","follow":"follow","max-snippet":"max-snippet:-1","max-image-preview":"max-image-preview:large","max-video-preview":"max-video-preview:-1"},"canonical":"https:\/\/www.pogrebno-hrvojka.hr\/de\/digitalna-smrt\/","og_locale":"de_DE","og_type":"article","og_title":"Digitalna smrt","og_url":"https:\/\/www.pogrebno-hrvojka.hr\/de\/digitalna-smrt\/","og_site_name":"Pogrebno Hrvojka","article_publisher":"https:\/\/www.facebook.com\/cvjecarnicaHrvojkaTrogir\/","article_modified_time":"2022-11-28T11:39:21+00:00","og_image":[{"url":"https:\/\/pogrebno-hrvojka.hr\/wp-content\/uploads\/2022\/11\/digitalna-smrt.png","type":"","width":"","height":""}],"twitter_card":"summary_large_image","twitter_misc":{"Gesch\u00e4tzte Lesezeit":"4\u00a0Minuten"},"schema":{"@context":"https:\/\/schema.org","@graph":[{"@type":"WebPage","@id":"https:\/\/www.pogrebno-hrvojka.hr\/en\/digitalna-smrt\/","url":"https:\/\/www.pogrebno-hrvojka.hr\/en\/digitalna-smrt\/","name":"Digitalna smrt - Pogrebno Hrvojka","isPartOf":{"@id":"https:\/\/www.pogrebno-hrvojka.hr\/#website"},"primaryImageOfPage":{"@id":"https:\/\/www.pogrebno-hrvojka.hr\/en\/digitalna-smrt\/#primaryimage"},"image":{"@id":"https:\/\/www.pogrebno-hrvojka.hr\/en\/digitalna-smrt\/#primaryimage"},"thumbnailUrl":"https:\/\/pogrebno-hrvojka.hr\/wp-content\/uploads\/2022\/11\/digitalna-smrt.png","datePublished":"2022-11-27T15:40:06+00:00","dateModified":"2022-11-28T11:39:21+00:00","breadcrumb":{"@id":"https:\/\/www.pogrebno-hrvojka.hr\/en\/digitalna-smrt\/#breadcrumb"},"inLanguage":"de","potentialAction":[{"@type":"ReadAction","target":["https:\/\/www.pogrebno-hrvojka.hr\/en\/digitalna-smrt\/"]}]},{"@type":"ImageObject","inLanguage":"de","@id":"https:\/\/www.pogrebno-hrvojka.hr\/en\/digitalna-smrt\/#primaryimage","url":"https:\/\/pogrebno-hrvojka.hr\/wp-content\/uploads\/2022\/11\/digitalna-smrt.png","contentUrl":"https:\/\/pogrebno-hrvojka.hr\/wp-content\/uploads\/2022\/11\/digitalna-smrt.png"},{"@type":"BreadcrumbList","@id":"https:\/\/www.pogrebno-hrvojka.hr\/en\/digitalna-smrt\/#breadcrumb","itemListElement":[{"@type":"ListItem","position":1,"name":"Po\u010detna stranica","item":"https:\/\/www.pogrebno-hrvojka.hr\/"},{"@type":"ListItem","position":2,"name":"Digitalna smrt"}]},{"@type":"WebSite","@id":"https:\/\/www.pogrebno-hrvojka.hr\/#website","url":"https:\/\/www.pogrebno-hrvojka.hr\/","name":"Pogrebno Hrvojka","description":"Pogrebno poduze\u0107e i cvje\u0107arnica Hrvojka","publisher":{"@id":"https:\/\/www.pogrebno-hrvojka.hr\/#organization"},"potentialAction":[{"@type":"SearchAction","target":{"@type":"EntryPoint","urlTemplate":"https:\/\/www.pogrebno-hrvojka.hr\/?s={search_term_string}"},"query-input":{"@type":"PropertyValueSpecification","valueRequired":true,"valueName":"search_term_string"}}],"inLanguage":"de"},{"@type":"Organization","@id":"https:\/\/www.pogrebno-hrvojka.hr\/#organization","name":"Pogrebno Hrvojka","url":"https:\/\/www.pogrebno-hrvojka.hr\/","logo":{"@type":"ImageObject","inLanguage":"de","@id":"https:\/\/www.pogrebno-hrvojka.hr\/#\/schema\/logo\/image\/","url":"https:\/\/www.pogrebno-hrvojka.hr\/wp-content\/uploads\/2022\/11\/logo.gif","contentUrl":"https:\/\/www.pogrebno-hrvojka.hr\/wp-content\/uploads\/2022\/11\/logo.gif","width":276,"height":59,"caption":"Pogrebno Hrvojka"},"image":{"@id":"https:\/\/www.pogrebno-hrvojka.hr\/#\/schema\/logo\/image\/"},"sameAs":["https:\/\/www.facebook.com\/cvjecarnicaHrvojkaTrogir\/","https:\/\/www.instagram.com\/cvjecarnica_pogrebno_hrvojka\/","https:\/\/www.linkedin.com\/in\/tomislav-princivali-88a639170\/?originalSubdomain=hr"]}]}},"_links":{"self":[{"href":"https:\/\/www.pogrebno-hrvojka.hr\/de\/wp-json\/wp\/v2\/pages\/987","targetHints":{"allow":["GET"]}}],"collection":[{"href":"https:\/\/www.pogrebno-hrvojka.hr\/de\/wp-json\/wp\/v2\/pages"}],"about":[{"href":"https:\/\/www.pogrebno-hrvojka.hr\/de\/wp-json\/wp\/v2\/types\/page"}],"author":[{"embeddable":true,"href":"https:\/\/www.pogrebno-hrvojka.hr\/de\/wp-json\/wp\/v2\/users\/1"}],"replies":[{"embeddable":true,"href":"https:\/\/www.pogrebno-hrvojka.hr\/de\/wp-json\/wp\/v2\/comments?post=987"}],"version-history":[{"count":0,"href":"https:\/\/www.pogrebno-hrvojka.hr\/de\/wp-json\/wp\/v2\/pages\/987\/revisions"}],"wp:attachment":[{"href":"https:\/\/www.pogrebno-hrvojka.hr\/de\/wp-json\/wp\/v2\/media?parent=987"}],"curies":[{"name":"wp","href":"https:\/\/api.w.org\/{rel}","templated":true}]}}