{"id":998,"date":"2022-11-27T16:29:46","date_gmt":"2022-11-27T15:29:46","guid":{"rendered":"https:\/\/pogrebno-hrvojka.hr\/?page_id=998"},"modified":"2022-12-30T15:10:41","modified_gmt":"2022-12-30T14:10:41","slug":"pogrebni-plan-nakon-vase-smrti-planiranje-vlastitog-pogreba","status":"publish","type":"page","link":"https:\/\/www.pogrebno-hrvojka.hr\/de\/pogrebni-plan-nakon-vase-smrti-planiranje-vlastitog-pogreba\/","title":{"rendered":"Plan f\u00fcr Ihre Beerdigung - Planung Ihrer eigenen Bestattung"},"content":{"rendered":"<section class=\"l-section wpb_row height_medium\"><div class=\"l-section-h i-cf\"><div class=\"g-cols vc_row via_flex valign_bottom type_default stacking_default\"><div class=\"vc_col-sm-8 wpb_column vc_column_container\"><div class=\"vc_column-inner\"><div class=\"wpb_wrapper\"><div class=\"g-cols wpb_row via_flex valign_middle type_default stacking_default\"><div class=\"vc_col-sm-3 wpb_column vc_column_container\"><div class=\"vc_column-inner us_custom_f70d789f us_animate_this\"><div class=\"wpb_wrapper\"><div class=\"wpb_text_column\"><div class=\"wpb_wrapper\"><p><img decoding=\"async\" class=\"aligncenter wp-image-999 size-full\" src=\"https:\/\/pogrebno-hrvojka.hr\/wp-content\/uploads\/2022\/11\/planiranje.png\" alt=\"\" width=\"104\" height=\"149\" srcset=\"https:\/\/www.pogrebno-hrvojka.hr\/wp-content\/uploads\/2022\/11\/planiranje.png 104w, https:\/\/www.pogrebno-hrvojka.hr\/wp-content\/uploads\/2022\/11\/planiranje-8x12.png 8w\" sizes=\"(max-width: 104px) 100vw, 104px\" \/><\/p>\n<\/div><\/div><\/div><\/div><\/div><div class=\"vc_col-sm-9 wpb_column vc_column_container\"><div class=\"vc_column-inner us_custom_f70d789f us_animate_this\"><div class=\"wpb_wrapper\"><div class=\"wpb_text_column us_custom_b590f348\"><div class=\"wpb_wrapper\"><h2>Plan f\u00fcr Ihre Beerdigung - Planung Ihrer eigenen Bestattung<\/h2>\n<\/div><\/div><\/div><\/div><\/div><\/div><div class=\"w-separator size_small\"><\/div><div class=\"wpb_text_column us_custom_de366d1c us_animate_this\"><div class=\"wpb_wrapper\"><h6>PLANEN SIE DIE BEERDIGUNG IM VORAUS<\/h6>\n<p>Erleichtern Sie Ihrer Familie die Entscheidung und teilen Sie ihnen Ihre W\u00fcnsche mit.<br \/>\nSeit vielen Jahren organisieren und bezahlen die Menschen hier ihre Beerdigung im Voraus und sorgen so um Frieden.<\/p>\n<p>Wir bieten Ihnen eine einfache M\u00f6glichkeit, durch einen Plan im Voraus festzulegen, welche Art von Bestattung Sie sich w\u00fcnschen. Der Plan erm\u00f6glicht es Ihnen, Ihre W\u00fcnsche festzulegen und die in Ihrem Plan enthaltenen Bestattungsleistungen zu bezahlen, bevor Sie sterben.<\/p>\n<p>Erleichtern Sie sich selbst und Ihrer Familie diese Entscheidung und k\u00fcmmern Sie sich um die Bestattung, die Sie sich w\u00fcnschen und f\u00fcr Ihr Budget geeignet.<\/p>\n<\/div><\/div><\/div><\/div><\/div><div class=\"vc_col-sm-4 wpb_column vc_column_container\"><div class=\"vc_column-inner\"><div class=\"wpb_wrapper\"><div class=\"w-image style_shadow-2 align_none\"><a ref=\"magnificPopup\" href=\"https:\/\/www.pogrebno-hrvojka.hr\/wp-content\/uploads\/2022\/11\/Hrvojka.jpg\" aria-label=\"zalazak\" class=\"w-image-h\"><div class=\"w-image-shadow\" style=\"background-image:url(https:\/\/www.pogrebno-hrvojka.hr\/wp-content\/uploads\/2022\/11\/Hrvojka.jpg);\"><\/div><img decoding=\"async\" width=\"802\" height=\"600\" src=\"https:\/\/www.pogrebno-hrvojka.hr\/wp-content\/uploads\/2022\/11\/Hrvojka.jpg\" class=\"attachment-large size-large\" alt=\"\" loading=\"lazy\" srcset=\"https:\/\/www.pogrebno-hrvojka.hr\/wp-content\/uploads\/2022\/11\/Hrvojka.jpg 802w, https:\/\/www.pogrebno-hrvojka.hr\/wp-content\/uploads\/2022\/11\/Hrvojka-300x224.jpg 300w, https:\/\/www.pogrebno-hrvojka.hr\/wp-content\/uploads\/2022\/11\/Hrvojka-16x12.jpg 16w\" sizes=\"auto, (max-width: 802px) 100vw, 802px\" \/><\/a><\/div><\/div><\/div><\/div><\/div><\/div><\/section>","protected":false},"excerpt":{"rendered":"Pogrebni plan nakon va\u0161e smrti- planiranje vlastitog pogreba PLANIRAJTE POGREB UNAPRIJED Olak\u0161ajte va\u0161oj obitelji odluke i recite im va\u0161e \u017eelje. Ve\u0107 dugi niz godina ljudi kod nas dogovaraju i pla\u010daju svoj pogreb unaprijed i tako osiguravaju mir. Nudimo vam jednostavan na\u010din putem plana da unaprijed odredite kakav pogreb \u017eelite. Plan vam omogu\u0107uje da odredite svoje...","protected":false},"author":1,"featured_media":0,"parent":0,"menu_order":0,"comment_status":"closed","ping_status":"closed","template":"","meta":{"footnotes":""},"class_list":["post-998","page","type-page","status-publish","hentry"],"yoast_head":"<!-- This site is optimized with the Yoast SEO Premium plugin v27.6 (Yoast SEO v27.6) - https:\/\/yoast.com\/product\/yoast-seo-premium-wordpress\/ -->\n<title>Pogrebni plan nakon va\u0161e smrti- planiranje vlastitog pogreba - Pogrebno Hrvojka<\/title>\n<meta name=\"robots\" content=\"index, follow, max-snippet:-1, max-image-preview:large, max-video-preview:-1\" \/>\n<link rel=\"canonical\" href=\"https:\/\/www.pogrebno-hrvojka.hr\/de\/pogrebni-plan-nakon-vase-smrti-planiranje-vlastitog-pogreba\/\" \/>\n<meta property=\"og:locale\" content=\"de_DE\" \/>\n<meta property=\"og:type\" content=\"article\" \/>\n<meta property=\"og:title\" content=\"Pogrebni plan nakon va\u0161e smrti- planiranje vlastitog pogreba\" \/>\n<meta property=\"og:url\" content=\"https:\/\/www.pogrebno-hrvojka.hr\/de\/pogrebni-plan-nakon-vase-smrti-planiranje-vlastitog-pogreba\/\" \/>\n<meta property=\"og:site_name\" content=\"Pogrebno Hrvojka\" \/>\n<meta property=\"article:publisher\" content=\"https:\/\/www.facebook.com\/cvjecarnicaHrvojkaTrogir\/\" \/>\n<meta property=\"article:modified_time\" content=\"2022-12-30T14:10:41+00:00\" \/>\n<meta property=\"og:image\" content=\"https:\/\/pogrebno-hrvojka.hr\/wp-content\/uploads\/2022\/11\/planiranje.png\" \/>\n<meta name=\"twitter:card\" content=\"summary_large_image\" \/>\n<meta name=\"twitter:label1\" content=\"Gesch\u00e4tzte Lesezeit\" \/>\n\t<meta name=\"twitter:data1\" content=\"1\u00a0Minute\" \/>\n<script type=\"application\/ld+json\" class=\"yoast-schema-graph\">{\"@context\":\"https:\\\/\\\/schema.org\",\"@graph\":[{\"@type\":\"WebPage\",\"@id\":\"https:\\\/\\\/www.pogrebno-hrvojka.hr\\\/pogrebni-plan-nakon-vase-smrti-planiranje-vlastitog-pogreba\\\/\",\"url\":\"https:\\\/\\\/www.pogrebno-hrvojka.hr\\\/pogrebni-plan-nakon-vase-smrti-planiranje-vlastitog-pogreba\\\/\",\"name\":\"Pogrebni plan nakon va\u0161e smrti- planiranje vlastitog pogreba - Pogrebno Hrvojka\",\"isPartOf\":{\"@id\":\"https:\\\/\\\/www.pogrebno-hrvojka.hr\\\/#website\"},\"primaryImageOfPage\":{\"@id\":\"https:\\\/\\\/www.pogrebno-hrvojka.hr\\\/pogrebni-plan-nakon-vase-smrti-planiranje-vlastitog-pogreba\\\/#primaryimage\"},\"image\":{\"@id\":\"https:\\\/\\\/www.pogrebno-hrvojka.hr\\\/pogrebni-plan-nakon-vase-smrti-planiranje-vlastitog-pogreba\\\/#primaryimage\"},\"thumbnailUrl\":\"https:\\\/\\\/pogrebno-hrvojka.hr\\\/wp-content\\\/uploads\\\/2022\\\/11\\\/planiranje.png\",\"datePublished\":\"2022-11-27T15:29:46+00:00\",\"dateModified\":\"2022-12-30T14:10:41+00:00\",\"breadcrumb\":{\"@id\":\"https:\\\/\\\/www.pogrebno-hrvojka.hr\\\/pogrebni-plan-nakon-vase-smrti-planiranje-vlastitog-pogreba\\\/#breadcrumb\"},\"inLanguage\":\"de\",\"potentialAction\":[{\"@type\":\"ReadAction\",\"target\":[\"https:\\\/\\\/www.pogrebno-hrvojka.hr\\\/pogrebni-plan-nakon-vase-smrti-planiranje-vlastitog-pogreba\\\/\"]}]},{\"@type\":\"ImageObject\",\"inLanguage\":\"de\",\"@id\":\"https:\\\/\\\/www.pogrebno-hrvojka.hr\\\/pogrebni-plan-nakon-vase-smrti-planiranje-vlastitog-pogreba\\\/#primaryimage\",\"url\":\"https:\\\/\\\/pogrebno-hrvojka.hr\\\/wp-content\\\/uploads\\\/2022\\\/11\\\/planiranje.png\",\"contentUrl\":\"https:\\\/\\\/pogrebno-hrvojka.hr\\\/wp-content\\\/uploads\\\/2022\\\/11\\\/planiranje.png\"},{\"@type\":\"BreadcrumbList\",\"@id\":\"https:\\\/\\\/www.pogrebno-hrvojka.hr\\\/pogrebni-plan-nakon-vase-smrti-planiranje-vlastitog-pogreba\\\/#breadcrumb\",\"itemListElement\":[{\"@type\":\"ListItem\",\"position\":1,\"name\":\"Po\u010detna stranica\",\"item\":\"https:\\\/\\\/www.pogrebno-hrvojka.hr\\\/\"},{\"@type\":\"ListItem\",\"position\":2,\"name\":\"Pogrebni plan nakon va\u0161e smrti- planiranje vlastitog pogreba\"}]},{\"@type\":\"WebSite\",\"@id\":\"https:\\\/\\\/www.pogrebno-hrvojka.hr\\\/#website\",\"url\":\"https:\\\/\\\/www.pogrebno-hrvojka.hr\\\/\",\"name\":\"Pogrebno Hrvojka\",\"description\":\"Pogrebno poduze\u0107e i cvje\u0107arnica Hrvojka\",\"publisher\":{\"@id\":\"https:\\\/\\\/www.pogrebno-hrvojka.hr\\\/#organization\"},\"potentialAction\":[{\"@type\":\"SearchAction\",\"target\":{\"@type\":\"EntryPoint\",\"urlTemplate\":\"https:\\\/\\\/www.pogrebno-hrvojka.hr\\\/?s={search_term_string}\"},\"query-input\":{\"@type\":\"PropertyValueSpecification\",\"valueRequired\":true,\"valueName\":\"search_term_string\"}}],\"inLanguage\":\"de\"},{\"@type\":\"Organization\",\"@id\":\"https:\\\/\\\/www.pogrebno-hrvojka.hr\\\/#organization\",\"name\":\"Pogrebno Hrvojka\",\"url\":\"https:\\\/\\\/www.pogrebno-hrvojka.hr\\\/\",\"logo\":{\"@type\":\"ImageObject\",\"inLanguage\":\"de\",\"@id\":\"https:\\\/\\\/www.pogrebno-hrvojka.hr\\\/#\\\/schema\\\/logo\\\/image\\\/\",\"url\":\"https:\\\/\\\/www.pogrebno-hrvojka.hr\\\/wp-content\\\/uploads\\\/2022\\\/11\\\/logo.gif\",\"contentUrl\":\"https:\\\/\\\/www.pogrebno-hrvojka.hr\\\/wp-content\\\/uploads\\\/2022\\\/11\\\/logo.gif\",\"width\":276,\"height\":59,\"caption\":\"Pogrebno Hrvojka\"},\"image\":{\"@id\":\"https:\\\/\\\/www.pogrebno-hrvojka.hr\\\/#\\\/schema\\\/logo\\\/image\\\/\"},\"sameAs\":[\"https:\\\/\\\/www.facebook.com\\\/cvjecarnicaHrvojkaTrogir\\\/\",\"https:\\\/\\\/www.instagram.com\\\/cvjecarnica_pogrebno_hrvojka\\\/\",\"https:\\\/\\\/www.linkedin.com\\\/in\\\/tomislav-princivali-88a639170\\\/?originalSubdomain=hr\"]}]}<\/script>\n<!-- \/ Yoast SEO Premium plugin. -->","yoast_head_json":{"title":"Pogrebni plan nakon va\u0161e smrti- planiranje vlastitog pogreba - Pogrebno Hrvojka","robots":{"index":"index","follow":"follow","max-snippet":"max-snippet:-1","max-image-preview":"max-image-preview:large","max-video-preview":"max-video-preview:-1"},"canonical":"https:\/\/www.pogrebno-hrvojka.hr\/de\/pogrebni-plan-nakon-vase-smrti-planiranje-vlastitog-pogreba\/","og_locale":"de_DE","og_type":"article","og_title":"Pogrebni plan nakon va\u0161e smrti- planiranje vlastitog pogreba","og_url":"https:\/\/www.pogrebno-hrvojka.hr\/de\/pogrebni-plan-nakon-vase-smrti-planiranje-vlastitog-pogreba\/","og_site_name":"Pogrebno Hrvojka","article_publisher":"https:\/\/www.facebook.com\/cvjecarnicaHrvojkaTrogir\/","article_modified_time":"2022-12-30T14:10:41+00:00","og_image":[{"url":"https:\/\/pogrebno-hrvojka.hr\/wp-content\/uploads\/2022\/11\/planiranje.png","type":"","width":"","height":""}],"twitter_card":"summary_large_image","twitter_misc":{"Gesch\u00e4tzte Lesezeit":"1\u00a0Minute"},"schema":{"@context":"https:\/\/schema.org","@graph":[{"@type":"WebPage","@id":"https:\/\/www.pogrebno-hrvojka.hr\/pogrebni-plan-nakon-vase-smrti-planiranje-vlastitog-pogreba\/","url":"https:\/\/www.pogrebno-hrvojka.hr\/pogrebni-plan-nakon-vase-smrti-planiranje-vlastitog-pogreba\/","name":"Pogrebni plan nakon va\u0161e smrti- planiranje vlastitog pogreba - Pogrebno Hrvojka","isPartOf":{"@id":"https:\/\/www.pogrebno-hrvojka.hr\/#website"},"primaryImageOfPage":{"@id":"https:\/\/www.pogrebno-hrvojka.hr\/pogrebni-plan-nakon-vase-smrti-planiranje-vlastitog-pogreba\/#primaryimage"},"image":{"@id":"https:\/\/www.pogrebno-hrvojka.hr\/pogrebni-plan-nakon-vase-smrti-planiranje-vlastitog-pogreba\/#primaryimage"},"thumbnailUrl":"https:\/\/pogrebno-hrvojka.hr\/wp-content\/uploads\/2022\/11\/planiranje.png","datePublished":"2022-11-27T15:29:46+00:00","dateModified":"2022-12-30T14:10:41+00:00","breadcrumb":{"@id":"https:\/\/www.pogrebno-hrvojka.hr\/pogrebni-plan-nakon-vase-smrti-planiranje-vlastitog-pogreba\/#breadcrumb"},"inLanguage":"de","potentialAction":[{"@type":"ReadAction","target":["https:\/\/www.pogrebno-hrvojka.hr\/pogrebni-plan-nakon-vase-smrti-planiranje-vlastitog-pogreba\/"]}]},{"@type":"ImageObject","inLanguage":"de","@id":"https:\/\/www.pogrebno-hrvojka.hr\/pogrebni-plan-nakon-vase-smrti-planiranje-vlastitog-pogreba\/#primaryimage","url":"https:\/\/pogrebno-hrvojka.hr\/wp-content\/uploads\/2022\/11\/planiranje.png","contentUrl":"https:\/\/pogrebno-hrvojka.hr\/wp-content\/uploads\/2022\/11\/planiranje.png"},{"@type":"BreadcrumbList","@id":"https:\/\/www.pogrebno-hrvojka.hr\/pogrebni-plan-nakon-vase-smrti-planiranje-vlastitog-pogreba\/#breadcrumb","itemListElement":[{"@type":"ListItem","position":1,"name":"Po\u010detna stranica","item":"https:\/\/www.pogrebno-hrvojka.hr\/"},{"@type":"ListItem","position":2,"name":"Pogrebni plan nakon va\u0161e smrti- planiranje vlastitog pogreba"}]},{"@type":"WebSite","@id":"https:\/\/www.pogrebno-hrvojka.hr\/#website","url":"https:\/\/www.pogrebno-hrvojka.hr\/","name":"Pogrebno Hrvojka","description":"Pogrebno poduze\u0107e i cvje\u0107arnica Hrvojka","publisher":{"@id":"https:\/\/www.pogrebno-hrvojka.hr\/#organization"},"potentialAction":[{"@type":"SearchAction","target":{"@type":"EntryPoint","urlTemplate":"https:\/\/www.pogrebno-hrvojka.hr\/?s={search_term_string}"},"query-input":{"@type":"PropertyValueSpecification","valueRequired":true,"valueName":"search_term_string"}}],"inLanguage":"de"},{"@type":"Organization","@id":"https:\/\/www.pogrebno-hrvojka.hr\/#organization","name":"Pogrebno Hrvojka","url":"https:\/\/www.pogrebno-hrvojka.hr\/","logo":{"@type":"ImageObject","inLanguage":"de","@id":"https:\/\/www.pogrebno-hrvojka.hr\/#\/schema\/logo\/image\/","url":"https:\/\/www.pogrebno-hrvojka.hr\/wp-content\/uploads\/2022\/11\/logo.gif","contentUrl":"https:\/\/www.pogrebno-hrvojka.hr\/wp-content\/uploads\/2022\/11\/logo.gif","width":276,"height":59,"caption":"Pogrebno Hrvojka"},"image":{"@id":"https:\/\/www.pogrebno-hrvojka.hr\/#\/schema\/logo\/image\/"},"sameAs":["https:\/\/www.facebook.com\/cvjecarnicaHrvojkaTrogir\/","https:\/\/www.instagram.com\/cvjecarnica_pogrebno_hrvojka\/","https:\/\/www.linkedin.com\/in\/tomislav-princivali-88a639170\/?originalSubdomain=hr"]}]}},"_links":{"self":[{"href":"https:\/\/www.pogrebno-hrvojka.hr\/de\/wp-json\/wp\/v2\/pages\/998","targetHints":{"allow":["GET"]}}],"collection":[{"href":"https:\/\/www.pogrebno-hrvojka.hr\/de\/wp-json\/wp\/v2\/pages"}],"about":[{"href":"https:\/\/www.pogrebno-hrvojka.hr\/de\/wp-json\/wp\/v2\/types\/page"}],"author":[{"embeddable":true,"href":"https:\/\/www.pogrebno-hrvojka.hr\/de\/wp-json\/wp\/v2\/users\/1"}],"replies":[{"embeddable":true,"href":"https:\/\/www.pogrebno-hrvojka.hr\/de\/wp-json\/wp\/v2\/comments?post=998"}],"version-history":[{"count":0,"href":"https:\/\/www.pogrebno-hrvojka.hr\/de\/wp-json\/wp\/v2\/pages\/998\/revisions"}],"wp:attachment":[{"href":"https:\/\/www.pogrebno-hrvojka.hr\/de\/wp-json\/wp\/v2\/media?parent=998"}],"curies":[{"name":"wp","href":"https:\/\/api.w.org\/{rel}","templated":true}]}}