{"id":1402,"date":"2022-12-08T18:31:15","date_gmt":"2022-12-08T17:31:15","guid":{"rendered":"https:\/\/pogrebno-hrvojka.hr\/?page_id=1402"},"modified":"2023-01-03T11:52:05","modified_gmt":"2023-01-03T10:52:05","slug":"dostava-cvijeca","status":"publish","type":"page","link":"https:\/\/www.pogrebno-hrvojka.hr\/en\/dostava-cvijeca\/","title":{"rendered":"Flower delivery"},"content":{"rendered":"<section class=\"l-section wpb_row height_medium\"><div class=\"l-section-h i-cf\"><div class=\"g-cols vc_row via_flex valign_bottom type_default stacking_default\"><div class=\"vc_col-sm-6 wpb_column vc_column_container\"><div class=\"vc_column-inner\"><div class=\"wpb_wrapper\"><div class=\"g-cols wpb_row via_flex valign_middle type_default stacking_default\"><div class=\"vc_col-sm-3 wpb_column vc_column_container\"><div class=\"vc_column-inner us_custom_f70d789f us_animate_this\"><div class=\"wpb_wrapper\"><div class=\"wpb_text_column\"><div class=\"wpb_wrapper\"><p><img decoding=\"async\" class=\"aligncenter wp-image-1390 size-full\" src=\"https:\/\/pogrebno-hrvojka.hr\/wp-content\/uploads\/2022\/12\/nase-usluge.png\" alt=\"\" width=\"120\" height=\"75\" srcset=\"https:\/\/www.pogrebno-hrvojka.hr\/wp-content\/uploads\/2022\/12\/nase-usluge.png 120w, https:\/\/www.pogrebno-hrvojka.hr\/wp-content\/uploads\/2022\/12\/nase-usluge-18x12.png 18w\" sizes=\"(max-width: 120px) 100vw, 120px\" \/><\/p>\n<\/div><\/div><\/div><\/div><\/div><div class=\"vc_col-sm-9 wpb_column vc_column_container\"><div class=\"vc_column-inner us_custom_f70d789f us_animate_this\"><div class=\"wpb_wrapper\"><div class=\"wpb_text_column us_custom_b590f348\"><div class=\"wpb_wrapper\"><h2>Dostava cvije\u0107a<\/h2>\n<\/div><\/div><\/div><\/div><\/div><\/div><div class=\"wpb_text_column us_custom_de366d1c us_animate_this\"><div class=\"wpb_wrapper\"><p>Ve\u0107 dugi niz godina vr\u0161imo dostavu cvije\u0107a na ku\u0107u, jahte ili brodove za na\u0161e inozemne partnere.<\/p>\n<p>Javite nam se telefonski na\u00a0<strong>021 883 008<\/strong> i <strong>021 885 409<\/strong>\u00a0ili na email <strong>hrvojkatrogir@yahoo.com<\/strong> i dogovorite brzo i jednostavno vrstu buketa ili aran\u017emana i mjesto i datum dostave.<\/p>\n<\/div><\/div><div class=\"w-separator size_small\"><\/div><div class=\"wpb_text_column us_custom_8c71efed us_animate_this\"><div class=\"wpb_wrapper\"><p>Obrt Hrvojka u kojem se nalazi cvje\u0107arnica i pogrebne usluge vr\u0161i dostavu cvije\u0107a uz prigodne poruke na \u0161irem trogirskom podru\u010dju te u druga mjesta uz cijenu po dogovoru:<\/p>\n<p>Ka\u0161tel \u0160tafili\u0107, Ka\u0161tel Novi, Ka\u0161tel Stari, Plano, Trogir, Arbanija, \u017dedno, Slatine, Okrug Donji, Okrug Gornji, Seget Donji, Seget Gornji, Prapatnica, Bristivica, Ljubitovica, Marina, Vrsine, Najevi, Dograde, Gustirna, Pozorac, Poljica, Sevid, Rogoznica, Dvornice, Podorljak, Blizna \u2026<\/p>\n<\/div><\/div><\/div><\/div><\/div><div class=\"vc_col-sm-6 wpb_column vc_column_container\"><div class=\"vc_column-inner\"><div class=\"wpb_wrapper\"><div class=\"w-image style_shadow-2 align_none\"><div class=\"w-image-h\"><div class=\"w-image-shadow\" style=\"background-image:url(https:\/\/www.pogrebno-hrvojka.hr\/wp-content\/uploads\/2022\/11\/srce-za-sprovod.jpg);\"><\/div><img decoding=\"async\" width=\"525\" height=\"600\" src=\"https:\/\/www.pogrebno-hrvojka.hr\/wp-content\/uploads\/2022\/11\/srce-za-sprovod.jpg\" class=\"attachment-large size-large\" alt=\"\" loading=\"lazy\" srcset=\"https:\/\/www.pogrebno-hrvojka.hr\/wp-content\/uploads\/2022\/11\/srce-za-sprovod.jpg 525w, https:\/\/www.pogrebno-hrvojka.hr\/wp-content\/uploads\/2022\/11\/srce-za-sprovod-263x300.jpg 263w, https:\/\/www.pogrebno-hrvojka.hr\/wp-content\/uploads\/2022\/11\/srce-za-sprovod-11x12.jpg 11w\" sizes=\"auto, (max-width: 525px) 100vw, 525px\" \/><\/div><\/div><\/div><\/div><\/div><\/div><\/div><\/section><section class=\"l-section wpb_row height_medium\"><div class=\"l-section-h i-cf\"><div class=\"g-cols vc_row via_flex valign_top type_default stacking_default\"><div class=\"vc_col-sm-12 wpb_column vc_column_container\"><div class=\"vc_column-inner\"><div class=\"wpb_wrapper\"><div class=\"wpb_text_column\"><div class=\"wpb_wrapper\"><h5>Galerija fotografija<\/h5>\n<\/div><\/div><\/div><\/div><\/div><\/div><\/div><\/section><section class=\"l-section wpb_row us_custom_688ad5aa height_auto\"><div class=\"l-section-h i-cf\"><div class=\"g-cols vc_row via_flex valign_top type_default stacking_default\"><div class=\"vc_col-sm-12 wpb_column vc_column_container\"><div class=\"vc_column-inner\"><div class=\"wpb_wrapper\"><div class=\"w-grid type_grid layout_160 cols_3 ratio_3x2\" id=\"us_grid_1\" style=\"--gap:0.5rem;\" data-filterable=\"true\"><style>@media (max-width:1240px){#us_grid_1 .w-grid-item{width:50%}#us_grid_1 .w-grid-item.size_2x1,#us_grid_1 .w-grid-item.size_2x2{width:100%}}@media (max-width:768px){#us_grid_1 .w-grid-list{margin:0}#us_grid_1 .w-grid-item{width:100%;padding:0;margin-bottom:var(--gap,0px)}}.layout_160 .w-grid-item-h:before{padding-bottom:66.6667%}@media (min-width:769px){.layout_160 .w-grid-item.size_1x2 .w-grid-item-h:before{padding-bottom:calc(133.3333% + var(--gap,0px) * 2)}.layout_160 .w-grid-item.size_2x1 .w-grid-item-h:before{padding-bottom:calc(33.3333% - var(--gap,0px) * 0.6667)}.layout_160 .w-grid-item.size_2x2 .w-grid-item-h:before{padding-bottom:calc(66.6667% - var(--gap,0px) * -0.6666)}}.layout_160 .w-grid-item-h{background:var(--color-content-bg);color:var(--color-content-text)}.layout_160 .usg_post_image_1{transition-duration:0.4s;transform-origin:50% 50%;transform:scale(1) translate(-1%,-1%)}.layout_160 .w-grid-item-h:hover .usg_post_image_1{transform:scale(1) translate(0%,0%);opacity:1}.layout_160 .usg_post_image_1{position:absolute!important;left:0!important;top:0!important;bottom:0!important;right:0!important}<\/style><div class=\"w-grid-list\">\t<article class=\"w-grid-item size_1x1 post-1423 attachment type-attachment status-inherit hentry\" data-id=\"1423\">\r\n\t\t<div class=\"w-grid-item-h\">\r\n\t\t\t\t\t\t\t<a ref=\"magnificPopupGrid\" href=\"https:\/\/www.pogrebno-hrvojka.hr\/wp-content\/uploads\/2022\/12\/Cvjetni-aranzman-od-ruza-rotated.jpg\" class=\"w-grid-item-anchor\" aria-label=\"Cvjetni aranzman od ruza\" title=\"Cvjetni aranzman od ruza\"><\/a>\r\n\t\t\t\t\t\t<div class=\"w-post-elm post_image usg_post_image_1 stretched\"><a href=\"https:\/\/www.pogrebno-hrvojka.hr\/en\/narucivanje-cvijeca\/cvjetni-aranzman-od-ruza\/\" aria-label=\"Cvjetni aranzman od ruza\"><img decoding=\"async\" width=\"768\" height=\"1024\" src=\"https:\/\/www.pogrebno-hrvojka.hr\/wp-content\/uploads\/2022\/12\/Cvjetni-aranzman-od-ruza-768x1024.jpg\" class=\"attachment-large size-large\" alt=\"\" srcset=\"https:\/\/www.pogrebno-hrvojka.hr\/wp-content\/uploads\/2022\/12\/Cvjetni-aranzman-od-ruza-768x1024.jpg 768w, https:\/\/www.pogrebno-hrvojka.hr\/wp-content\/uploads\/2022\/12\/Cvjetni-aranzman-od-ruza-225x300.jpg 225w, https:\/\/www.pogrebno-hrvojka.hr\/wp-content\/uploads\/2022\/12\/Cvjetni-aranzman-od-ruza-9x12.jpg 9w, https:\/\/www.pogrebno-hrvojka.hr\/wp-content\/uploads\/2022\/12\/Cvjetni-aranzman-od-ruza-rotated.jpg 960w\" sizes=\"(max-width: 768px) 100vw, 768px\" \/><\/a><\/div>\t\t<\/div>\r\n\t\t\t<\/article>\r\n\t<article class=\"w-grid-item size_1x1 post-1424 attachment type-attachment status-inherit hentry\" data-id=\"1424\">\r\n\t\t<div class=\"w-grid-item-h\">\r\n\t\t\t\t\t\t\t<a ref=\"magnificPopupGrid\" href=\"https:\/\/www.pogrebno-hrvojka.hr\/wp-content\/uploads\/2022\/12\/Cvjetni-aranzman.jpg\" class=\"w-grid-item-anchor\" aria-label=\"Cvjetni aranzman\" title=\"Cvjetni aranzman\"><\/a>\r\n\t\t\t\t\t\t<div class=\"w-post-elm post_image usg_post_image_1 stretched\"><a href=\"https:\/\/www.pogrebno-hrvojka.hr\/en\/narucivanje-cvijeca\/cvjetni-aranzman\/\" aria-label=\"Cvjetni aranzman\"><img decoding=\"async\" width=\"768\" height=\"1024\" src=\"https:\/\/www.pogrebno-hrvojka.hr\/wp-content\/uploads\/2022\/12\/Cvjetni-aranzman-768x1024.jpg\" class=\"attachment-large size-large\" alt=\"\" srcset=\"https:\/\/www.pogrebno-hrvojka.hr\/wp-content\/uploads\/2022\/12\/Cvjetni-aranzman-768x1024.jpg 768w, https:\/\/www.pogrebno-hrvojka.hr\/wp-content\/uploads\/2022\/12\/Cvjetni-aranzman-225x300.jpg 225w, https:\/\/www.pogrebno-hrvojka.hr\/wp-content\/uploads\/2022\/12\/Cvjetni-aranzman-9x12.jpg 9w, https:\/\/www.pogrebno-hrvojka.hr\/wp-content\/uploads\/2022\/12\/Cvjetni-aranzman.jpg 960w\" sizes=\"(max-width: 768px) 100vw, 768px\" \/><\/a><\/div>\t\t<\/div>\r\n\t\t\t<\/article>\r\n\t<article class=\"w-grid-item size_1x1 post-1422 attachment type-attachment status-inherit hentry\" data-id=\"1422\">\r\n\t\t<div class=\"w-grid-item-h\">\r\n\t\t\t\t\t\t\t<a ref=\"magnificPopupGrid\" href=\"https:\/\/www.pogrebno-hrvojka.hr\/wp-content\/uploads\/2022\/12\/Buket-rotated.jpg\" class=\"w-grid-item-anchor\" aria-label=\"Buket\" title=\"Buket\"><\/a>\r\n\t\t\t\t\t\t<div class=\"w-post-elm post_image usg_post_image_1 stretched\"><a href=\"https:\/\/www.pogrebno-hrvojka.hr\/en\/narucivanje-cvijeca\/buket\/\" aria-label=\"Buket\"><img decoding=\"async\" width=\"768\" height=\"1024\" src=\"https:\/\/www.pogrebno-hrvojka.hr\/wp-content\/uploads\/2022\/12\/Buket-768x1024.jpg\" class=\"attachment-large size-large\" alt=\"\" srcset=\"https:\/\/www.pogrebno-hrvojka.hr\/wp-content\/uploads\/2022\/12\/Buket-768x1024.jpg 768w, https:\/\/www.pogrebno-hrvojka.hr\/wp-content\/uploads\/2022\/12\/Buket-225x300.jpg 225w, https:\/\/www.pogrebno-hrvojka.hr\/wp-content\/uploads\/2022\/12\/Buket-9x12.jpg 9w, https:\/\/www.pogrebno-hrvojka.hr\/wp-content\/uploads\/2022\/12\/Buket-rotated.jpg 960w\" sizes=\"(max-width: 768px) 100vw, 768px\" \/><\/a><\/div>\t\t<\/div>\r\n\t\t\t<\/article>\r\n\t<article class=\"w-grid-item size_1x1 post-1425 attachment type-attachment status-inherit hentry\" data-id=\"1425\">\r\n\t\t<div class=\"w-grid-item-h\">\r\n\t\t\t\t\t\t\t<a ref=\"magnificPopupGrid\" href=\"https:\/\/www.pogrebno-hrvojka.hr\/wp-content\/uploads\/2022\/12\/Vjencani-buket-rotated.jpg\" class=\"w-grid-item-anchor\" aria-label=\"Vjencani buket\" title=\"Vjencani buket\"><\/a>\r\n\t\t\t\t\t\t<div class=\"w-post-elm post_image usg_post_image_1 stretched\"><a href=\"https:\/\/www.pogrebno-hrvojka.hr\/en\/narucivanje-cvijeca\/vjencani-buket\/\" aria-label=\"Vjencani buket\"><img decoding=\"async\" width=\"768\" height=\"1024\" src=\"https:\/\/www.pogrebno-hrvojka.hr\/wp-content\/uploads\/2022\/12\/Vjencani-buket-768x1024.jpg\" class=\"attachment-large size-large\" alt=\"\" srcset=\"https:\/\/www.pogrebno-hrvojka.hr\/wp-content\/uploads\/2022\/12\/Vjencani-buket-768x1024.jpg 768w, https:\/\/www.pogrebno-hrvojka.hr\/wp-content\/uploads\/2022\/12\/Vjencani-buket-225x300.jpg 225w, https:\/\/www.pogrebno-hrvojka.hr\/wp-content\/uploads\/2022\/12\/Vjencani-buket-9x12.jpg 9w, https:\/\/www.pogrebno-hrvojka.hr\/wp-content\/uploads\/2022\/12\/Vjencani-buket-rotated.jpg 960w\" sizes=\"(max-width: 768px) 100vw, 768px\" \/><\/a><\/div>\t\t<\/div>\r\n\t\t\t<\/article>\r\n\t<article class=\"w-grid-item size_1x1 post-1421 attachment type-attachment status-inherit hentry\" data-id=\"1421\">\r\n\t\t<div class=\"w-grid-item-h\">\r\n\t\t\t\t\t\t\t<a ref=\"magnificPopupGrid\" href=\"https:\/\/www.pogrebno-hrvojka.hr\/wp-content\/uploads\/2022\/12\/Aranzman-od-cvijeca.jpg\" class=\"w-grid-item-anchor\" aria-label=\"Aranzman od cvijeca\" title=\"Aranzman od cvijeca\"><\/a>\r\n\t\t\t\t\t\t<div class=\"w-post-elm post_image usg_post_image_1 stretched\"><a href=\"https:\/\/www.pogrebno-hrvojka.hr\/en\/narucivanje-cvijeca\/aranzman-od-cvijeca\/\" aria-label=\"Aranzman od cvijeca\"><img decoding=\"async\" width=\"768\" height=\"1024\" src=\"https:\/\/www.pogrebno-hrvojka.hr\/wp-content\/uploads\/2022\/12\/Aranzman-od-cvijeca-768x1024.jpg\" class=\"attachment-large size-large\" alt=\"\" srcset=\"https:\/\/www.pogrebno-hrvojka.hr\/wp-content\/uploads\/2022\/12\/Aranzman-od-cvijeca-768x1024.jpg 768w, https:\/\/www.pogrebno-hrvojka.hr\/wp-content\/uploads\/2022\/12\/Aranzman-od-cvijeca-225x300.jpg 225w, https:\/\/www.pogrebno-hrvojka.hr\/wp-content\/uploads\/2022\/12\/Aranzman-od-cvijeca-9x12.jpg 9w, https:\/\/www.pogrebno-hrvojka.hr\/wp-content\/uploads\/2022\/12\/Aranzman-od-cvijeca.jpg 960w\" sizes=\"(max-width: 768px) 100vw, 768px\" \/><\/a><\/div>\t\t<\/div>\r\n\t\t\t<\/article>\r\n\t<article class=\"w-grid-item size_1x1 post-1426 attachment type-attachment status-inherit hentry\" data-id=\"1426\">\r\n\t\t<div class=\"w-grid-item-h\">\r\n\t\t\t\t\t\t\t<a ref=\"magnificPopupGrid\" href=\"https:\/\/www.pogrebno-hrvojka.hr\/wp-content\/uploads\/2022\/12\/Zeleni-buket-rotated.jpg\" class=\"w-grid-item-anchor\" aria-label=\"Zeleni buket\" title=\"Zeleni buket\"><\/a>\r\n\t\t\t\t\t\t<div class=\"w-post-elm post_image usg_post_image_1 stretched\"><a href=\"https:\/\/www.pogrebno-hrvojka.hr\/en\/narucivanje-cvijeca\/zeleni-buket\/\" aria-label=\"Zeleni buket\"><img decoding=\"async\" width=\"768\" height=\"1024\" src=\"https:\/\/www.pogrebno-hrvojka.hr\/wp-content\/uploads\/2022\/12\/Zeleni-buket-768x1024.jpg\" class=\"attachment-large size-large\" alt=\"\" srcset=\"https:\/\/www.pogrebno-hrvojka.hr\/wp-content\/uploads\/2022\/12\/Zeleni-buket-768x1024.jpg 768w, https:\/\/www.pogrebno-hrvojka.hr\/wp-content\/uploads\/2022\/12\/Zeleni-buket-225x300.jpg 225w, https:\/\/www.pogrebno-hrvojka.hr\/wp-content\/uploads\/2022\/12\/Zeleni-buket-9x12.jpg 9w, https:\/\/www.pogrebno-hrvojka.hr\/wp-content\/uploads\/2022\/12\/Zeleni-buket-rotated.jpg 960w\" sizes=\"(max-width: 768px) 100vw, 768px\" \/><\/a><\/div>\t\t<\/div>\r\n\t\t\t<\/article>\r\n<\/div><div class=\"w-grid-preloader\">\t<div class=\"g-preloader type_1\">\r\n\t\t<div><\/div>\r\n\t<\/div>\r\n\t<\/div>\t<div class=\"w-grid-json hidden\" onclick='return {&quot;action&quot;:&quot;us_ajax_grid&quot;,&quot;infinite_scroll&quot;:0,&quot;max_num_pages&quot;:1,&quot;pagination&quot;:&quot;none&quot;,&quot;template_vars&quot;:{&quot;columns&quot;:&quot;3&quot;,&quot;exclude_items&quot;:&quot;none&quot;,&quot;img_size&quot;:&quot;default&quot;,&quot;ignore_items_size&quot;:0,&quot;items_layout&quot;:&quot;160&quot;,&quot;items_offset&quot;:&quot;1&quot;,&quot;load_animation&quot;:&quot;none&quot;,&quot;overriding_link&quot;:&quot;%7B%22type%22%3A%22popup_image%22%7D&quot;,&quot;post_id&quot;:0,&quot;query_args&quot;:{&quot;post_type&quot;:[&quot;attachment&quot;],&quot;post__in&quot;:[&quot;1426&quot;,&quot;1425&quot;,&quot;1424&quot;,&quot;1423&quot;,&quot;1422&quot;,&quot;1421&quot;],&quot;post_status&quot;:&quot;inherit&quot;,&quot;post_mime_type&quot;:&quot;image&quot;,&quot;posts_per_page&quot;:&quot;30&quot;},&quot;orderby_query_args&quot;:{&quot;orderby&quot;:&quot;RAND(226731853)&quot;},&quot;type&quot;:&quot;grid&quot;,&quot;us_grid_post_type&quot;:&quot;attachment&quot;,&quot;us_grid_ajax_index&quot;:1,&quot;us_grid_filter_params&quot;:[],&quot;us_grid_index&quot;:1,&quot;page_args&quot;:[]}}'><\/div>\r\n\t<\/div><\/div><\/div><\/div><\/div><\/div><\/section>\n","protected":false},"excerpt":{"rendered":"","protected":false},"author":1,"featured_media":0,"parent":0,"menu_order":0,"comment_status":"closed","ping_status":"closed","template":"","meta":{"footnotes":""},"class_list":["post-1402","page","type-page","status-publish","hentry"],"yoast_head":"<!-- This site is optimized with the Yoast SEO Premium plugin v20.12 (Yoast SEO v27.4) - https:\/\/yoast.com\/product\/yoast-seo-premium-wordpress\/ -->\n<title>Dostava cvije\u0107a - Pogrebno Hrvojka<\/title>\n<meta name=\"robots\" content=\"index, follow, max-snippet:-1, max-image-preview:large, max-video-preview:-1\" \/>\n<link rel=\"canonical\" href=\"https:\/\/www.pogrebno-hrvojka.hr\/en\/dostava-cvijeca\/\" \/>\n<meta property=\"og:locale\" content=\"en_GB\" \/>\n<meta property=\"og:type\" content=\"article\" \/>\n<meta property=\"og:title\" content=\"Dostava cvije\u0107a\" \/>\n<meta property=\"og:url\" content=\"https:\/\/www.pogrebno-hrvojka.hr\/en\/dostava-cvijeca\/\" \/>\n<meta property=\"og:site_name\" content=\"Pogrebno Hrvojka\" \/>\n<meta property=\"article:publisher\" content=\"https:\/\/www.facebook.com\/cvjecarnicaHrvojkaTrogir\/\" \/>\n<meta property=\"article:modified_time\" content=\"2023-01-03T10:52:05+00:00\" \/>\n<meta property=\"og:image\" content=\"https:\/\/pogrebno-hrvojka.hr\/wp-content\/uploads\/2022\/12\/nase-usluge.png\" \/>\n<meta name=\"twitter:card\" content=\"summary_large_image\" \/>\n<meta name=\"twitter:label1\" content=\"Estimated reading time\" \/>\n\t<meta name=\"twitter:data1\" content=\"2 minutes\" \/>\n<script type=\"application\/ld+json\" class=\"yoast-schema-graph\">{\"@context\":\"https:\\\/\\\/schema.org\",\"@graph\":[{\"@type\":\"WebPage\",\"@id\":\"https:\\\/\\\/www.pogrebno-hrvojka.hr\\\/dostava-cvijeca\\\/\",\"url\":\"https:\\\/\\\/www.pogrebno-hrvojka.hr\\\/dostava-cvijeca\\\/\",\"name\":\"Dostava cvije\u0107a - Pogrebno Hrvojka\",\"isPartOf\":{\"@id\":\"https:\\\/\\\/www.pogrebno-hrvojka.hr\\\/#website\"},\"primaryImageOfPage\":{\"@id\":\"https:\\\/\\\/www.pogrebno-hrvojka.hr\\\/dostava-cvijeca\\\/#primaryimage\"},\"image\":{\"@id\":\"https:\\\/\\\/www.pogrebno-hrvojka.hr\\\/dostava-cvijeca\\\/#primaryimage\"},\"thumbnailUrl\":\"https:\\\/\\\/pogrebno-hrvojka.hr\\\/wp-content\\\/uploads\\\/2022\\\/12\\\/nase-usluge.png\",\"datePublished\":\"2022-12-08T17:31:15+00:00\",\"dateModified\":\"2023-01-03T10:52:05+00:00\",\"breadcrumb\":{\"@id\":\"https:\\\/\\\/www.pogrebno-hrvojka.hr\\\/dostava-cvijeca\\\/#breadcrumb\"},\"inLanguage\":\"en-GB\",\"potentialAction\":[{\"@type\":\"ReadAction\",\"target\":[\"https:\\\/\\\/www.pogrebno-hrvojka.hr\\\/dostava-cvijeca\\\/\"]}]},{\"@type\":\"ImageObject\",\"inLanguage\":\"en-GB\",\"@id\":\"https:\\\/\\\/www.pogrebno-hrvojka.hr\\\/dostava-cvijeca\\\/#primaryimage\",\"url\":\"https:\\\/\\\/pogrebno-hrvojka.hr\\\/wp-content\\\/uploads\\\/2022\\\/12\\\/nase-usluge.png\",\"contentUrl\":\"https:\\\/\\\/pogrebno-hrvojka.hr\\\/wp-content\\\/uploads\\\/2022\\\/12\\\/nase-usluge.png\"},{\"@type\":\"BreadcrumbList\",\"@id\":\"https:\\\/\\\/www.pogrebno-hrvojka.hr\\\/dostava-cvijeca\\\/#breadcrumb\",\"itemListElement\":[{\"@type\":\"ListItem\",\"position\":1,\"name\":\"Po\u010detna stranica\",\"item\":\"https:\\\/\\\/www.pogrebno-hrvojka.hr\\\/\"},{\"@type\":\"ListItem\",\"position\":2,\"name\":\"Dostava cvije\u0107a\"}]},{\"@type\":\"WebSite\",\"@id\":\"https:\\\/\\\/www.pogrebno-hrvojka.hr\\\/#website\",\"url\":\"https:\\\/\\\/www.pogrebno-hrvojka.hr\\\/\",\"name\":\"Pogrebno Hrvojka\",\"description\":\"Pogrebno poduze\u0107e i cvje\u0107arnica Hrvojka\",\"publisher\":{\"@id\":\"https:\\\/\\\/www.pogrebno-hrvojka.hr\\\/#organization\"},\"potentialAction\":[{\"@type\":\"SearchAction\",\"target\":{\"@type\":\"EntryPoint\",\"urlTemplate\":\"https:\\\/\\\/www.pogrebno-hrvojka.hr\\\/?s={search_term_string}\"},\"query-input\":{\"@type\":\"PropertyValueSpecification\",\"valueRequired\":true,\"valueName\":\"search_term_string\"}}],\"inLanguage\":\"en-GB\"},{\"@type\":\"Organization\",\"@id\":\"https:\\\/\\\/www.pogrebno-hrvojka.hr\\\/#organization\",\"name\":\"Pogrebno Hrvojka\",\"url\":\"https:\\\/\\\/www.pogrebno-hrvojka.hr\\\/\",\"logo\":{\"@type\":\"ImageObject\",\"inLanguage\":\"en-GB\",\"@id\":\"https:\\\/\\\/www.pogrebno-hrvojka.hr\\\/#\\\/schema\\\/logo\\\/image\\\/\",\"url\":\"https:\\\/\\\/www.pogrebno-hrvojka.hr\\\/wp-content\\\/uploads\\\/2022\\\/11\\\/logo.gif\",\"contentUrl\":\"https:\\\/\\\/www.pogrebno-hrvojka.hr\\\/wp-content\\\/uploads\\\/2022\\\/11\\\/logo.gif\",\"width\":276,\"height\":59,\"caption\":\"Pogrebno Hrvojka\"},\"image\":{\"@id\":\"https:\\\/\\\/www.pogrebno-hrvojka.hr\\\/#\\\/schema\\\/logo\\\/image\\\/\"},\"sameAs\":[\"https:\\\/\\\/www.facebook.com\\\/cvjecarnicaHrvojkaTrogir\\\/\",\"https:\\\/\\\/www.instagram.com\\\/cvjecarnica_pogrebno_hrvojka\\\/\",\"https:\\\/\\\/www.linkedin.com\\\/in\\\/tomislav-princivali-88a639170\\\/?originalSubdomain=hr\"]}]}<\/script>\n<!-- \/ Yoast SEO Premium plugin. -->","yoast_head_json":{"title":"Dostava cvije\u0107a - Pogrebno Hrvojka","robots":{"index":"index","follow":"follow","max-snippet":"max-snippet:-1","max-image-preview":"max-image-preview:large","max-video-preview":"max-video-preview:-1"},"canonical":"https:\/\/www.pogrebno-hrvojka.hr\/en\/dostava-cvijeca\/","og_locale":"en_GB","og_type":"article","og_title":"Dostava cvije\u0107a","og_url":"https:\/\/www.pogrebno-hrvojka.hr\/en\/dostava-cvijeca\/","og_site_name":"Pogrebno Hrvojka","article_publisher":"https:\/\/www.facebook.com\/cvjecarnicaHrvojkaTrogir\/","article_modified_time":"2023-01-03T10:52:05+00:00","og_image":[{"url":"https:\/\/pogrebno-hrvojka.hr\/wp-content\/uploads\/2022\/12\/nase-usluge.png","type":"","width":"","height":""}],"twitter_card":"summary_large_image","twitter_misc":{"Estimated reading time":"2 minutes"},"schema":{"@context":"https:\/\/schema.org","@graph":[{"@type":"WebPage","@id":"https:\/\/www.pogrebno-hrvojka.hr\/dostava-cvijeca\/","url":"https:\/\/www.pogrebno-hrvojka.hr\/dostava-cvijeca\/","name":"Dostava cvije\u0107a - Pogrebno Hrvojka","isPartOf":{"@id":"https:\/\/www.pogrebno-hrvojka.hr\/#website"},"primaryImageOfPage":{"@id":"https:\/\/www.pogrebno-hrvojka.hr\/dostava-cvijeca\/#primaryimage"},"image":{"@id":"https:\/\/www.pogrebno-hrvojka.hr\/dostava-cvijeca\/#primaryimage"},"thumbnailUrl":"https:\/\/pogrebno-hrvojka.hr\/wp-content\/uploads\/2022\/12\/nase-usluge.png","datePublished":"2022-12-08T17:31:15+00:00","dateModified":"2023-01-03T10:52:05+00:00","breadcrumb":{"@id":"https:\/\/www.pogrebno-hrvojka.hr\/dostava-cvijeca\/#breadcrumb"},"inLanguage":"en-GB","potentialAction":[{"@type":"ReadAction","target":["https:\/\/www.pogrebno-hrvojka.hr\/dostava-cvijeca\/"]}]},{"@type":"ImageObject","inLanguage":"en-GB","@id":"https:\/\/www.pogrebno-hrvojka.hr\/dostava-cvijeca\/#primaryimage","url":"https:\/\/pogrebno-hrvojka.hr\/wp-content\/uploads\/2022\/12\/nase-usluge.png","contentUrl":"https:\/\/pogrebno-hrvojka.hr\/wp-content\/uploads\/2022\/12\/nase-usluge.png"},{"@type":"BreadcrumbList","@id":"https:\/\/www.pogrebno-hrvojka.hr\/dostava-cvijeca\/#breadcrumb","itemListElement":[{"@type":"ListItem","position":1,"name":"Po\u010detna stranica","item":"https:\/\/www.pogrebno-hrvojka.hr\/"},{"@type":"ListItem","position":2,"name":"Dostava cvije\u0107a"}]},{"@type":"WebSite","@id":"https:\/\/www.pogrebno-hrvojka.hr\/#website","url":"https:\/\/www.pogrebno-hrvojka.hr\/","name":"Pogrebno Hrvojka","description":"Pogrebno poduze\u0107e i cvje\u0107arnica Hrvojka","publisher":{"@id":"https:\/\/www.pogrebno-hrvojka.hr\/#organization"},"potentialAction":[{"@type":"SearchAction","target":{"@type":"EntryPoint","urlTemplate":"https:\/\/www.pogrebno-hrvojka.hr\/?s={search_term_string}"},"query-input":{"@type":"PropertyValueSpecification","valueRequired":true,"valueName":"search_term_string"}}],"inLanguage":"en-GB"},{"@type":"Organization","@id":"https:\/\/www.pogrebno-hrvojka.hr\/#organization","name":"Pogrebno Hrvojka","url":"https:\/\/www.pogrebno-hrvojka.hr\/","logo":{"@type":"ImageObject","inLanguage":"en-GB","@id":"https:\/\/www.pogrebno-hrvojka.hr\/#\/schema\/logo\/image\/","url":"https:\/\/www.pogrebno-hrvojka.hr\/wp-content\/uploads\/2022\/11\/logo.gif","contentUrl":"https:\/\/www.pogrebno-hrvojka.hr\/wp-content\/uploads\/2022\/11\/logo.gif","width":276,"height":59,"caption":"Pogrebno Hrvojka"},"image":{"@id":"https:\/\/www.pogrebno-hrvojka.hr\/#\/schema\/logo\/image\/"},"sameAs":["https:\/\/www.facebook.com\/cvjecarnicaHrvojkaTrogir\/","https:\/\/www.instagram.com\/cvjecarnica_pogrebno_hrvojka\/","https:\/\/www.linkedin.com\/in\/tomislav-princivali-88a639170\/?originalSubdomain=hr"]}]}},"_links":{"self":[{"href":"https:\/\/www.pogrebno-hrvojka.hr\/en\/wp-json\/wp\/v2\/pages\/1402","targetHints":{"allow":["GET"]}}],"collection":[{"href":"https:\/\/www.pogrebno-hrvojka.hr\/en\/wp-json\/wp\/v2\/pages"}],"about":[{"href":"https:\/\/www.pogrebno-hrvojka.hr\/en\/wp-json\/wp\/v2\/types\/page"}],"author":[{"embeddable":true,"href":"https:\/\/www.pogrebno-hrvojka.hr\/en\/wp-json\/wp\/v2\/users\/1"}],"replies":[{"embeddable":true,"href":"https:\/\/www.pogrebno-hrvojka.hr\/en\/wp-json\/wp\/v2\/comments?post=1402"}],"version-history":[{"count":0,"href":"https:\/\/www.pogrebno-hrvojka.hr\/en\/wp-json\/wp\/v2\/pages\/1402\/revisions"}],"wp:attachment":[{"href":"https:\/\/www.pogrebno-hrvojka.hr\/en\/wp-json\/wp\/v2\/media?parent=1402"}],"curies":[{"name":"wp","href":"https:\/\/api.w.org\/{rel}","templated":true}]}}