{"id":3,"date":"2022-09-17T11:40:40","date_gmt":"2022-09-17T09:40:40","guid":{"rendered":"http:\/\/pogrebno-hrvojka.hr\/?page_id=3"},"modified":"2023-01-04T08:09:16","modified_gmt":"2023-01-04T07:09:16","slug":"pravila-privatnosti","status":"publish","type":"page","link":"https:\/\/www.pogrebno-hrvojka.hr\/en\/pravila-privatnosti\/","title":{"rendered":"Privacy Policy"},"content":{"rendered":"<section class=\"l-section wpb_row height_small\"><div class=\"l-section-h i-cf\"><div class=\"g-cols vc_row via_flex valign_top type_default stacking_default\"><div class=\"vc_col-sm-12 wpb_column vc_column_container\"><div class=\"vc_column-inner\"><div class=\"wpb_wrapper\"><\/div><\/div><\/div><\/div><\/div><\/section><section class=\"l-section wpb_row height_medium\"><div class=\"l-section-h i-cf\"><div class=\"g-cols vc_row via_flex valign_top type_default stacking_default\"><div class=\"vc_col-sm-12 wpb_column vc_column_container\"><div class=\"vc_column-inner\"><div class=\"wpb_wrapper\"><div class=\"wpb_text_column\"><div class=\"wpb_wrapper\"><h5 class=\"wp-block-heading\">PROTECTION OF PERSONAL DATA - GENERAL<\/h5>\n<p>Your privacy and the security of your personal data are important to us, that's why our HRVOJKA Trade acts in accordance with the legal regulations on the protection of personal data.<br \/>General provision on the protection of personal data, which has been in force since May 25, 2018. it globally influenced awareness of the importance and care of personal data and how it is handled, and it gave us the reason to raise our standards and their interpretation to a higher level and present them to the user in a simple and direct way.<br \/>In the following, we inform you about the purposes for which we collect and use your personal data and how you can monitor these procedures and exercise your rights.<\/p>\n<p>As a user of our website, you have the right to receive information about the handling of your personal data and make requests to exercise your rights.<\/p>\n<h5>WHAT PERSONAL DATA DO WE COLLECT AND WHY<\/h5>\n<p>Personal data or personal information means any information about individuals by which a person can be identified. We may collect different types of personal information about you, including:<\/p>\n<p>name and surname<br \/>e-mail address<br \/>all other information that you have disclosed to us<\/p>\n<h5>CONTACT FORM<\/h5>\n<p>If you contact us with your inquiries, we process the data you provide us exclusively to provide the requested information. After answering your query, we will delete the submitted data.<\/p>\n<p>The data you send to us through open job applications are processed exclusively for the purpose of carrying out the recruitment selection process, and are kept for two years.<\/p>\n<h5>ANONYMIZE IP ADDRESS<\/h5>\n<p>On this website, we use the \"activate IP anonymization\" function. As a result, Google will shorten your IP address in advance in member states of the European Union or in other contracting states of the Agreement on the European Economic Area. Only in exceptional cases will the full IP address be sent to a Google server in the USA and shortened there. On behalf of the operator of this website, Google will use this information to evaluate your use of the website, compile reports on website activity and provide other services related to website activity and internet usage to the user of the website. The IP address assigned by Google Analytics as part of Google Analytics will not be combined with other Google data.<\/p>\n<h5>WHO WE SHARE YOUR DATA WITH<\/h5>\n<p>We do not sell, rent or make your e-mail address and other data available to third parties without your consent, as this is against our privacy policy. We strictly adhere to the \"no spam\" policy and collect only those personal data that have been provided to us voluntarily. We do not require you to send us this information in order to provide you with access to our sites, and we do not ask you to disclose more information than is actually necessary to participate in an activity on our sites.<\/p>\n<p>During the performance of our activities, your personal data can be accessed or forwarded to the following categories of recipients according to the principle only those who need to know:\u00a0<em>only those who need to know:<\/em>:<\/p>\n<p>our employees<br \/>Google \u2013 Google Analytics used to track web statistics and demographic data and web user behavior. We use it to monitor the effectiveness of our<\/p>\n<h5 id=\"kolacici\">COOKIE POLICY<\/h5>\n<p>In order for the www.pogrebno-hrvojka.hr pages to work properly, they must save a small amount of information (Cookies) on the user's computer. According to EU regulations, Obrt HRVOJKA must request the user's consent before saving cookies.<\/p>\n<p>By using the website www.pogrebno-hrvojka.hr, the user agrees to the use of cookies.<\/p>\n<p>By turning off cookies, the user decides whether to allow cookies to be stored on his computer. Cookie settings can be controlled and configured in the web browser that the user uses to view web pages. If the user disables cookies, there is a possibility that the site will not be able to use some of the functionalities provided by the website www.pogrebno-hrvojka.hr.<\/p>\n<h5>HOW DO WE PROTECT YOUR PERSONAL DATA?<\/h5>\n<p>We have implemented appropriate technical and organizational measures to provide a level of security and confidentiality of your personal data.\nAn SSL certificate guarantees the security of our site by encrypting the data that is transmitted from your device to our server.\nOur IT systems and those of third parties are protected by technical and organizational measures against unauthorized access, modification or dissemination of your data, as well as against loss or deletion.\nOur employees are trained in the proper handling and storage of personal data.<br \/>SSL certifikat vam jam\u010di sigurnost na\u0161e stranice enkripcijom podataka, koji se prenose od va\u0161eg ure\u0111aja do na\u0161eg servera.<br \/>Our IT systems and those of third parties are protected by technical and organizational measures against unauthorized access, modification or dissemination of your data, as well as against loss or deletion.<br \/>Our employees are trained in the proper handling and storage of personal data.<\/p>\n<h5>WHAT RIGHTS YOU HAVE OVER YOUR DATA<\/h5>\n<p>You can also request the deletion of any personal data we have about you. This does not include any data we are required to hold for administrative, legal or security purposes. Personal data that is no longer needed is either irretrievably anonymized or securely destroyed. including any information you have provided to us.<\/p>\n<h5>PRIVACY POLICY CHANGES<\/h5>\n<p>The provisions of this privacy policy may change from time to time. We will post any material changes to this privacy policy through appropriate notices on this website or notify you through other communication channels.<\/p>\n<h5>CONTACT<\/h5>\n<p>Feel free to send all questions, comments and inquiries related to these privacy policies to the following e-mail address: hrvojkatrogir@yahoo.com<\/p>\n<\/div><\/div><\/div><\/div><\/div><\/div><\/div><\/section>","protected":false},"excerpt":{"rendered":"ZA\u0160TITA OSOBNIH PODATAKA \u2013 OP\u0106ENITO Va\u0161a privatnost i sigurnost va\u0161ih osobnih podataka su nama va\u017eni, zato na\u0161 Obrt HRVOJKA postupa u skladu sa zakonskim propisima o za\u0161titi osobnih podataka.Op\u0107a odredba o za\u0161titi osobnih podataka koja je u primjeni od 25.5.2018. globalno je utjecala na osvje\u0161tavanje va\u017enosti i vo\u0111enja brige o osobnim podacima te na koji...","protected":false},"author":1,"featured_media":0,"parent":0,"menu_order":0,"comment_status":"closed","ping_status":"open","template":"","meta":{"footnotes":""},"class_list":["post-3","page","type-page","status-publish","hentry"],"yoast_head":"<!-- This site is optimized with the Yoast SEO Premium plugin v20.12 (Yoast SEO v27.4) - https:\/\/yoast.com\/product\/yoast-seo-premium-wordpress\/ -->\n<title>Pravila privatnosti - Pogrebno Hrvojka<\/title>\n<meta name=\"robots\" content=\"index, follow, max-snippet:-1, max-image-preview:large, max-video-preview:-1\" \/>\n<link rel=\"canonical\" href=\"https:\/\/www.pogrebno-hrvojka.hr\/en\/pravila-privatnosti\/\" \/>\n<meta property=\"og:locale\" content=\"en_GB\" \/>\n<meta property=\"og:type\" content=\"article\" \/>\n<meta property=\"og:title\" content=\"Pravila privatnosti\" \/>\n<meta property=\"og:url\" content=\"https:\/\/www.pogrebno-hrvojka.hr\/en\/pravila-privatnosti\/\" \/>\n<meta property=\"og:site_name\" content=\"Pogrebno Hrvojka\" \/>\n<meta property=\"article:publisher\" content=\"https:\/\/www.facebook.com\/cvjecarnicaHrvojkaTrogir\/\" \/>\n<meta property=\"article:modified_time\" content=\"2023-01-04T07:09:16+00:00\" \/>\n<meta name=\"twitter:card\" content=\"summary_large_image\" \/>\n<meta name=\"twitter:label1\" content=\"Estimated reading time\" \/>\n\t<meta name=\"twitter:data1\" content=\"5 minutes\" \/>\n<script type=\"application\/ld+json\" class=\"yoast-schema-graph\">{\"@context\":\"https:\\\/\\\/schema.org\",\"@graph\":[{\"@type\":\"WebPage\",\"@id\":\"https:\\\/\\\/www.pogrebno-hrvojka.hr\\\/pravila-privatnosti\\\/\",\"url\":\"https:\\\/\\\/www.pogrebno-hrvojka.hr\\\/pravila-privatnosti\\\/\",\"name\":\"Pravila privatnosti - Pogrebno Hrvojka\",\"isPartOf\":{\"@id\":\"https:\\\/\\\/www.pogrebno-hrvojka.hr\\\/#website\"},\"datePublished\":\"2022-09-17T09:40:40+00:00\",\"dateModified\":\"2023-01-04T07:09:16+00:00\",\"breadcrumb\":{\"@id\":\"https:\\\/\\\/www.pogrebno-hrvojka.hr\\\/pravila-privatnosti\\\/#breadcrumb\"},\"inLanguage\":\"en-GB\",\"potentialAction\":[{\"@type\":\"ReadAction\",\"target\":[\"https:\\\/\\\/www.pogrebno-hrvojka.hr\\\/pravila-privatnosti\\\/\"]}]},{\"@type\":\"BreadcrumbList\",\"@id\":\"https:\\\/\\\/www.pogrebno-hrvojka.hr\\\/pravila-privatnosti\\\/#breadcrumb\",\"itemListElement\":[{\"@type\":\"ListItem\",\"position\":1,\"name\":\"Po\u010detna stranica\",\"item\":\"https:\\\/\\\/www.pogrebno-hrvojka.hr\\\/\"},{\"@type\":\"ListItem\",\"position\":2,\"name\":\"Pravila privatnosti\"}]},{\"@type\":\"WebSite\",\"@id\":\"https:\\\/\\\/www.pogrebno-hrvojka.hr\\\/#website\",\"url\":\"https:\\\/\\\/www.pogrebno-hrvojka.hr\\\/\",\"name\":\"Pogrebno Hrvojka\",\"description\":\"Pogrebno poduze\u0107e i cvje\u0107arnica Hrvojka\",\"publisher\":{\"@id\":\"https:\\\/\\\/www.pogrebno-hrvojka.hr\\\/#organization\"},\"potentialAction\":[{\"@type\":\"SearchAction\",\"target\":{\"@type\":\"EntryPoint\",\"urlTemplate\":\"https:\\\/\\\/www.pogrebno-hrvojka.hr\\\/?s={search_term_string}\"},\"query-input\":{\"@type\":\"PropertyValueSpecification\",\"valueRequired\":true,\"valueName\":\"search_term_string\"}}],\"inLanguage\":\"en-GB\"},{\"@type\":\"Organization\",\"@id\":\"https:\\\/\\\/www.pogrebno-hrvojka.hr\\\/#organization\",\"name\":\"Pogrebno Hrvojka\",\"url\":\"https:\\\/\\\/www.pogrebno-hrvojka.hr\\\/\",\"logo\":{\"@type\":\"ImageObject\",\"inLanguage\":\"en-GB\",\"@id\":\"https:\\\/\\\/www.pogrebno-hrvojka.hr\\\/#\\\/schema\\\/logo\\\/image\\\/\",\"url\":\"https:\\\/\\\/www.pogrebno-hrvojka.hr\\\/wp-content\\\/uploads\\\/2022\\\/11\\\/logo.gif\",\"contentUrl\":\"https:\\\/\\\/www.pogrebno-hrvojka.hr\\\/wp-content\\\/uploads\\\/2022\\\/11\\\/logo.gif\",\"width\":276,\"height\":59,\"caption\":\"Pogrebno Hrvojka\"},\"image\":{\"@id\":\"https:\\\/\\\/www.pogrebno-hrvojka.hr\\\/#\\\/schema\\\/logo\\\/image\\\/\"},\"sameAs\":[\"https:\\\/\\\/www.facebook.com\\\/cvjecarnicaHrvojkaTrogir\\\/\",\"https:\\\/\\\/www.instagram.com\\\/cvjecarnica_pogrebno_hrvojka\\\/\",\"https:\\\/\\\/www.linkedin.com\\\/in\\\/tomislav-princivali-88a639170\\\/?originalSubdomain=hr\"]}]}<\/script>\n<!-- \/ Yoast SEO Premium plugin. -->","yoast_head_json":{"title":"Pravila privatnosti - Pogrebno Hrvojka","robots":{"index":"index","follow":"follow","max-snippet":"max-snippet:-1","max-image-preview":"max-image-preview:large","max-video-preview":"max-video-preview:-1"},"canonical":"https:\/\/www.pogrebno-hrvojka.hr\/en\/pravila-privatnosti\/","og_locale":"en_GB","og_type":"article","og_title":"Pravila privatnosti","og_url":"https:\/\/www.pogrebno-hrvojka.hr\/en\/pravila-privatnosti\/","og_site_name":"Pogrebno Hrvojka","article_publisher":"https:\/\/www.facebook.com\/cvjecarnicaHrvojkaTrogir\/","article_modified_time":"2023-01-04T07:09:16+00:00","twitter_card":"summary_large_image","twitter_misc":{"Estimated reading time":"5 minutes"},"schema":{"@context":"https:\/\/schema.org","@graph":[{"@type":"WebPage","@id":"https:\/\/www.pogrebno-hrvojka.hr\/pravila-privatnosti\/","url":"https:\/\/www.pogrebno-hrvojka.hr\/pravila-privatnosti\/","name":"Pravila privatnosti - Pogrebno Hrvojka","isPartOf":{"@id":"https:\/\/www.pogrebno-hrvojka.hr\/#website"},"datePublished":"2022-09-17T09:40:40+00:00","dateModified":"2023-01-04T07:09:16+00:00","breadcrumb":{"@id":"https:\/\/www.pogrebno-hrvojka.hr\/pravila-privatnosti\/#breadcrumb"},"inLanguage":"en-GB","potentialAction":[{"@type":"ReadAction","target":["https:\/\/www.pogrebno-hrvojka.hr\/pravila-privatnosti\/"]}]},{"@type":"BreadcrumbList","@id":"https:\/\/www.pogrebno-hrvojka.hr\/pravila-privatnosti\/#breadcrumb","itemListElement":[{"@type":"ListItem","position":1,"name":"Po\u010detna stranica","item":"https:\/\/www.pogrebno-hrvojka.hr\/"},{"@type":"ListItem","position":2,"name":"Pravila privatnosti"}]},{"@type":"WebSite","@id":"https:\/\/www.pogrebno-hrvojka.hr\/#website","url":"https:\/\/www.pogrebno-hrvojka.hr\/","name":"Pogrebno Hrvojka","description":"Pogrebno poduze\u0107e i cvje\u0107arnica Hrvojka","publisher":{"@id":"https:\/\/www.pogrebno-hrvojka.hr\/#organization"},"potentialAction":[{"@type":"SearchAction","target":{"@type":"EntryPoint","urlTemplate":"https:\/\/www.pogrebno-hrvojka.hr\/?s={search_term_string}"},"query-input":{"@type":"PropertyValueSpecification","valueRequired":true,"valueName":"search_term_string"}}],"inLanguage":"en-GB"},{"@type":"Organization","@id":"https:\/\/www.pogrebno-hrvojka.hr\/#organization","name":"Pogrebno Hrvojka","url":"https:\/\/www.pogrebno-hrvojka.hr\/","logo":{"@type":"ImageObject","inLanguage":"en-GB","@id":"https:\/\/www.pogrebno-hrvojka.hr\/#\/schema\/logo\/image\/","url":"https:\/\/www.pogrebno-hrvojka.hr\/wp-content\/uploads\/2022\/11\/logo.gif","contentUrl":"https:\/\/www.pogrebno-hrvojka.hr\/wp-content\/uploads\/2022\/11\/logo.gif","width":276,"height":59,"caption":"Pogrebno Hrvojka"},"image":{"@id":"https:\/\/www.pogrebno-hrvojka.hr\/#\/schema\/logo\/image\/"},"sameAs":["https:\/\/www.facebook.com\/cvjecarnicaHrvojkaTrogir\/","https:\/\/www.instagram.com\/cvjecarnica_pogrebno_hrvojka\/","https:\/\/www.linkedin.com\/in\/tomislav-princivali-88a639170\/?originalSubdomain=hr"]}]}},"_links":{"self":[{"href":"https:\/\/www.pogrebno-hrvojka.hr\/en\/wp-json\/wp\/v2\/pages\/3","targetHints":{"allow":["GET"]}}],"collection":[{"href":"https:\/\/www.pogrebno-hrvojka.hr\/en\/wp-json\/wp\/v2\/pages"}],"about":[{"href":"https:\/\/www.pogrebno-hrvojka.hr\/en\/wp-json\/wp\/v2\/types\/page"}],"author":[{"embeddable":true,"href":"https:\/\/www.pogrebno-hrvojka.hr\/en\/wp-json\/wp\/v2\/users\/1"}],"replies":[{"embeddable":true,"href":"https:\/\/www.pogrebno-hrvojka.hr\/en\/wp-json\/wp\/v2\/comments?post=3"}],"version-history":[{"count":0,"href":"https:\/\/www.pogrebno-hrvojka.hr\/en\/wp-json\/wp\/v2\/pages\/3\/revisions"}],"wp:attachment":[{"href":"https:\/\/www.pogrebno-hrvojka.hr\/en\/wp-json\/wp\/v2\/media?parent=3"}],"curies":[{"name":"wp","href":"https:\/\/api.w.org\/{rel}","templated":true}]}}