{"id":908,"date":"2022-11-25T11:04:12","date_gmt":"2022-11-25T10:04:12","guid":{"rendered":"https:\/\/pogrebno-hrvojka.hr\/?page_id=908"},"modified":"2022-12-08T17:41:38","modified_gmt":"2022-12-08T16:41:38","slug":"refundacija-troskova-pogreba","status":"publish","type":"page","link":"https:\/\/www.pogrebno-hrvojka.hr\/en\/refundacija-troskova-pogreba\/","title":{"rendered":"Reimbursement of funeral expenses"},"content":{"rendered":"<section class=\"l-section wpb_row height_medium\"><div class=\"l-section-h i-cf\"><div class=\"g-cols vc_row via_flex valign_bottom type_default stacking_default\"><div class=\"vc_col-sm-8 wpb_column vc_column_container\"><div class=\"vc_column-inner\"><div class=\"wpb_wrapper\"><div class=\"g-cols wpb_row via_flex valign_middle type_default stacking_default\"><div class=\"vc_col-sm-3 wpb_column vc_column_container\"><div class=\"vc_column-inner us_custom_f70d789f us_animate_this\"><div class=\"wpb_wrapper\"><div class=\"wpb_text_column\"><div class=\"wpb_wrapper\"><p><img decoding=\"async\" class=\"aligncenter wp-image-949 size-full\" src=\"https:\/\/pogrebno-hrvojka.hr\/wp-content\/uploads\/2022\/11\/refundacija-troskova-1.png\" alt=\"\" width=\"92\" height=\"131\" srcset=\"https:\/\/www.pogrebno-hrvojka.hr\/wp-content\/uploads\/2022\/11\/refundacija-troskova-1.png 92w, https:\/\/www.pogrebno-hrvojka.hr\/wp-content\/uploads\/2022\/11\/refundacija-troskova-1-8x12.png 8w\" sizes=\"(max-width: 92px) 100vw, 92px\" \/><\/p>\n<\/div><\/div><\/div><\/div><\/div><div class=\"vc_col-sm-9 wpb_column vc_column_container\"><div class=\"vc_column-inner us_custom_f70d789f us_animate_this\"><div class=\"wpb_wrapper\"><div class=\"wpb_text_column us_custom_b590f348\"><div class=\"wpb_wrapper\"><h2>Reimbursement of funeral expenses<\/h2>\n<\/div><\/div><\/div><\/div><\/div><\/div><div class=\"w-separator size_small\"><\/div><div class=\"wpb_text_column us_custom_de366d1c us_animate_this\"><div class=\"wpb_wrapper\"><p>Thanks to our several years of experience, we are able to assist you in reimbursing part of the funeral expenses through insurance, CHIF (Croatian Health Insurance Fund or HZZO) or Social Insurance. The CHIF reimburses the costs following the CHIF's referral.<\/p>\n<p>One-time reimbursement for funeral expenses is recognized for the funeral of a person who does not have a legal or contractual obligator of livelihood on the basis of a contract for lifelong livelihood or livelihood until death. One-time reimbursement for funeral expenses is recognized for a person who, at the time of death, is the beneficiary of the right or a member of the household who is the beneficiary of the right to guaranteed minimum compensation, and a person who is a user of the accommodation or organized housing at the time of death.<\/p>\n<\/div><\/div><\/div><\/div><\/div><div class=\"vc_col-sm-4 wpb_column vc_column_container\"><div class=\"vc_column-inner\"><div class=\"wpb_wrapper\"><div class=\"wpb_text_column us_custom_de366d1c us_animate_this\"><div class=\"wpb_wrapper\"><p>The one-time reimbursement of basic funeral expenses shall be paid by the competent social welfare centre to the natural or legal person who paid the funeral expenses or to the legal person registered for funeral services who provided the service.<\/p>\n<p>In the event of death due to an occupational injury or occupational disease, the right to compensation for funeral expenses is exercised by submitting a request to the competent regional office of the CHIF and belongs to a legal or natural person who has borne the costs of burial of the insured person.<\/p>\n<\/div><\/div><\/div><\/div><\/div><\/div><\/div><\/section>","protected":false},"excerpt":{"rendered":"Refundacija tro\u0161kova pogreba Kroz godine iskustva u mogu\u0107nosti smo vam pomo\u0107i kod refundiranja dijela tro\u0161kova pogreba od strane osiguranja, HZZO ili Socijalnog. HZZO refundira tro\u0161kove slijedom uputnice HZZO-a. Jednokratna naknada za pogrebne tro\u0161kove priznaje se za pogreb osobe koja nema zakonskog ili ugovornog obveznika uzdr\u017eavanja temeljem sklopljenog ugovora o do\u017eivotnom ili dosmrtnom uzdr\u017eavanju. Jednokratna naknada...","protected":false},"author":1,"featured_media":0,"parent":0,"menu_order":0,"comment_status":"closed","ping_status":"closed","template":"","meta":{"footnotes":""},"class_list":["post-908","page","type-page","status-publish","hentry"],"yoast_head":"<!-- This site is optimized with the Yoast SEO Premium plugin v20.12 (Yoast SEO v27.4) - https:\/\/yoast.com\/product\/yoast-seo-premium-wordpress\/ -->\n<title>Refundacija tro\u0161kova pogreba - Pogrebno Hrvojka<\/title>\n<meta name=\"robots\" content=\"index, follow, max-snippet:-1, max-image-preview:large, max-video-preview:-1\" \/>\n<link rel=\"canonical\" href=\"https:\/\/www.pogrebno-hrvojka.hr\/en\/refundacija-troskova-pogreba\/\" \/>\n<meta property=\"og:locale\" content=\"en_GB\" \/>\n<meta property=\"og:type\" content=\"article\" \/>\n<meta property=\"og:title\" content=\"Refundacija tro\u0161kova pogreba\" \/>\n<meta property=\"og:url\" content=\"https:\/\/www.pogrebno-hrvojka.hr\/en\/refundacija-troskova-pogreba\/\" \/>\n<meta property=\"og:site_name\" content=\"Pogrebno Hrvojka\" \/>\n<meta property=\"article:publisher\" content=\"https:\/\/www.facebook.com\/cvjecarnicaHrvojkaTrogir\/\" \/>\n<meta property=\"article:modified_time\" content=\"2022-12-08T16:41:38+00:00\" \/>\n<meta property=\"og:image\" content=\"https:\/\/pogrebno-hrvojka.hr\/wp-content\/uploads\/2022\/11\/refundacija-troskova-1.png\" \/>\n<meta name=\"twitter:card\" content=\"summary_large_image\" \/>\n<meta name=\"twitter:label1\" content=\"Estimated reading time\" \/>\n\t<meta name=\"twitter:data1\" content=\"2 minutes\" \/>\n<script type=\"application\/ld+json\" class=\"yoast-schema-graph\">{\"@context\":\"https:\\\/\\\/schema.org\",\"@graph\":[{\"@type\":\"WebPage\",\"@id\":\"https:\\\/\\\/www.pogrebno-hrvojka.hr\\\/refundacija-troskova-pogreba\\\/\",\"url\":\"https:\\\/\\\/www.pogrebno-hrvojka.hr\\\/refundacija-troskova-pogreba\\\/\",\"name\":\"Refundacija tro\u0161kova pogreba - Pogrebno Hrvojka\",\"isPartOf\":{\"@id\":\"https:\\\/\\\/www.pogrebno-hrvojka.hr\\\/#website\"},\"primaryImageOfPage\":{\"@id\":\"https:\\\/\\\/www.pogrebno-hrvojka.hr\\\/refundacija-troskova-pogreba\\\/#primaryimage\"},\"image\":{\"@id\":\"https:\\\/\\\/www.pogrebno-hrvojka.hr\\\/refundacija-troskova-pogreba\\\/#primaryimage\"},\"thumbnailUrl\":\"https:\\\/\\\/pogrebno-hrvojka.hr\\\/wp-content\\\/uploads\\\/2022\\\/11\\\/refundacija-troskova-1.png\",\"datePublished\":\"2022-11-25T10:04:12+00:00\",\"dateModified\":\"2022-12-08T16:41:38+00:00\",\"breadcrumb\":{\"@id\":\"https:\\\/\\\/www.pogrebno-hrvojka.hr\\\/refundacija-troskova-pogreba\\\/#breadcrumb\"},\"inLanguage\":\"en-GB\",\"potentialAction\":[{\"@type\":\"ReadAction\",\"target\":[\"https:\\\/\\\/www.pogrebno-hrvojka.hr\\\/refundacija-troskova-pogreba\\\/\"]}]},{\"@type\":\"ImageObject\",\"inLanguage\":\"en-GB\",\"@id\":\"https:\\\/\\\/www.pogrebno-hrvojka.hr\\\/refundacija-troskova-pogreba\\\/#primaryimage\",\"url\":\"https:\\\/\\\/pogrebno-hrvojka.hr\\\/wp-content\\\/uploads\\\/2022\\\/11\\\/refundacija-troskova-1.png\",\"contentUrl\":\"https:\\\/\\\/pogrebno-hrvojka.hr\\\/wp-content\\\/uploads\\\/2022\\\/11\\\/refundacija-troskova-1.png\"},{\"@type\":\"BreadcrumbList\",\"@id\":\"https:\\\/\\\/www.pogrebno-hrvojka.hr\\\/refundacija-troskova-pogreba\\\/#breadcrumb\",\"itemListElement\":[{\"@type\":\"ListItem\",\"position\":1,\"name\":\"Po\u010detna stranica\",\"item\":\"https:\\\/\\\/www.pogrebno-hrvojka.hr\\\/\"},{\"@type\":\"ListItem\",\"position\":2,\"name\":\"Refundacija tro\u0161kova pogreba\"}]},{\"@type\":\"WebSite\",\"@id\":\"https:\\\/\\\/www.pogrebno-hrvojka.hr\\\/#website\",\"url\":\"https:\\\/\\\/www.pogrebno-hrvojka.hr\\\/\",\"name\":\"Pogrebno Hrvojka\",\"description\":\"Pogrebno poduze\u0107e i cvje\u0107arnica Hrvojka\",\"publisher\":{\"@id\":\"https:\\\/\\\/www.pogrebno-hrvojka.hr\\\/#organization\"},\"potentialAction\":[{\"@type\":\"SearchAction\",\"target\":{\"@type\":\"EntryPoint\",\"urlTemplate\":\"https:\\\/\\\/www.pogrebno-hrvojka.hr\\\/?s={search_term_string}\"},\"query-input\":{\"@type\":\"PropertyValueSpecification\",\"valueRequired\":true,\"valueName\":\"search_term_string\"}}],\"inLanguage\":\"en-GB\"},{\"@type\":\"Organization\",\"@id\":\"https:\\\/\\\/www.pogrebno-hrvojka.hr\\\/#organization\",\"name\":\"Pogrebno Hrvojka\",\"url\":\"https:\\\/\\\/www.pogrebno-hrvojka.hr\\\/\",\"logo\":{\"@type\":\"ImageObject\",\"inLanguage\":\"en-GB\",\"@id\":\"https:\\\/\\\/www.pogrebno-hrvojka.hr\\\/#\\\/schema\\\/logo\\\/image\\\/\",\"url\":\"https:\\\/\\\/www.pogrebno-hrvojka.hr\\\/wp-content\\\/uploads\\\/2022\\\/11\\\/logo.gif\",\"contentUrl\":\"https:\\\/\\\/www.pogrebno-hrvojka.hr\\\/wp-content\\\/uploads\\\/2022\\\/11\\\/logo.gif\",\"width\":276,\"height\":59,\"caption\":\"Pogrebno Hrvojka\"},\"image\":{\"@id\":\"https:\\\/\\\/www.pogrebno-hrvojka.hr\\\/#\\\/schema\\\/logo\\\/image\\\/\"},\"sameAs\":[\"https:\\\/\\\/www.facebook.com\\\/cvjecarnicaHrvojkaTrogir\\\/\",\"https:\\\/\\\/www.instagram.com\\\/cvjecarnica_pogrebno_hrvojka\\\/\",\"https:\\\/\\\/www.linkedin.com\\\/in\\\/tomislav-princivali-88a639170\\\/?originalSubdomain=hr\"]}]}<\/script>\n<!-- \/ Yoast SEO Premium plugin. -->","yoast_head_json":{"title":"Refundacija tro\u0161kova pogreba - Pogrebno Hrvojka","robots":{"index":"index","follow":"follow","max-snippet":"max-snippet:-1","max-image-preview":"max-image-preview:large","max-video-preview":"max-video-preview:-1"},"canonical":"https:\/\/www.pogrebno-hrvojka.hr\/en\/refundacija-troskova-pogreba\/","og_locale":"en_GB","og_type":"article","og_title":"Refundacija tro\u0161kova pogreba","og_url":"https:\/\/www.pogrebno-hrvojka.hr\/en\/refundacija-troskova-pogreba\/","og_site_name":"Pogrebno Hrvojka","article_publisher":"https:\/\/www.facebook.com\/cvjecarnicaHrvojkaTrogir\/","article_modified_time":"2022-12-08T16:41:38+00:00","og_image":[{"url":"https:\/\/pogrebno-hrvojka.hr\/wp-content\/uploads\/2022\/11\/refundacija-troskova-1.png","type":"","width":"","height":""}],"twitter_card":"summary_large_image","twitter_misc":{"Estimated reading time":"2 minutes"},"schema":{"@context":"https:\/\/schema.org","@graph":[{"@type":"WebPage","@id":"https:\/\/www.pogrebno-hrvojka.hr\/refundacija-troskova-pogreba\/","url":"https:\/\/www.pogrebno-hrvojka.hr\/refundacija-troskova-pogreba\/","name":"Refundacija tro\u0161kova pogreba - Pogrebno Hrvojka","isPartOf":{"@id":"https:\/\/www.pogrebno-hrvojka.hr\/#website"},"primaryImageOfPage":{"@id":"https:\/\/www.pogrebno-hrvojka.hr\/refundacija-troskova-pogreba\/#primaryimage"},"image":{"@id":"https:\/\/www.pogrebno-hrvojka.hr\/refundacija-troskova-pogreba\/#primaryimage"},"thumbnailUrl":"https:\/\/pogrebno-hrvojka.hr\/wp-content\/uploads\/2022\/11\/refundacija-troskova-1.png","datePublished":"2022-11-25T10:04:12+00:00","dateModified":"2022-12-08T16:41:38+00:00","breadcrumb":{"@id":"https:\/\/www.pogrebno-hrvojka.hr\/refundacija-troskova-pogreba\/#breadcrumb"},"inLanguage":"en-GB","potentialAction":[{"@type":"ReadAction","target":["https:\/\/www.pogrebno-hrvojka.hr\/refundacija-troskova-pogreba\/"]}]},{"@type":"ImageObject","inLanguage":"en-GB","@id":"https:\/\/www.pogrebno-hrvojka.hr\/refundacija-troskova-pogreba\/#primaryimage","url":"https:\/\/pogrebno-hrvojka.hr\/wp-content\/uploads\/2022\/11\/refundacija-troskova-1.png","contentUrl":"https:\/\/pogrebno-hrvojka.hr\/wp-content\/uploads\/2022\/11\/refundacija-troskova-1.png"},{"@type":"BreadcrumbList","@id":"https:\/\/www.pogrebno-hrvojka.hr\/refundacija-troskova-pogreba\/#breadcrumb","itemListElement":[{"@type":"ListItem","position":1,"name":"Po\u010detna stranica","item":"https:\/\/www.pogrebno-hrvojka.hr\/"},{"@type":"ListItem","position":2,"name":"Refundacija tro\u0161kova pogreba"}]},{"@type":"WebSite","@id":"https:\/\/www.pogrebno-hrvojka.hr\/#website","url":"https:\/\/www.pogrebno-hrvojka.hr\/","name":"Pogrebno Hrvojka","description":"Pogrebno poduze\u0107e i cvje\u0107arnica Hrvojka","publisher":{"@id":"https:\/\/www.pogrebno-hrvojka.hr\/#organization"},"potentialAction":[{"@type":"SearchAction","target":{"@type":"EntryPoint","urlTemplate":"https:\/\/www.pogrebno-hrvojka.hr\/?s={search_term_string}"},"query-input":{"@type":"PropertyValueSpecification","valueRequired":true,"valueName":"search_term_string"}}],"inLanguage":"en-GB"},{"@type":"Organization","@id":"https:\/\/www.pogrebno-hrvojka.hr\/#organization","name":"Pogrebno Hrvojka","url":"https:\/\/www.pogrebno-hrvojka.hr\/","logo":{"@type":"ImageObject","inLanguage":"en-GB","@id":"https:\/\/www.pogrebno-hrvojka.hr\/#\/schema\/logo\/image\/","url":"https:\/\/www.pogrebno-hrvojka.hr\/wp-content\/uploads\/2022\/11\/logo.gif","contentUrl":"https:\/\/www.pogrebno-hrvojka.hr\/wp-content\/uploads\/2022\/11\/logo.gif","width":276,"height":59,"caption":"Pogrebno Hrvojka"},"image":{"@id":"https:\/\/www.pogrebno-hrvojka.hr\/#\/schema\/logo\/image\/"},"sameAs":["https:\/\/www.facebook.com\/cvjecarnicaHrvojkaTrogir\/","https:\/\/www.instagram.com\/cvjecarnica_pogrebno_hrvojka\/","https:\/\/www.linkedin.com\/in\/tomislav-princivali-88a639170\/?originalSubdomain=hr"]}]}},"_links":{"self":[{"href":"https:\/\/www.pogrebno-hrvojka.hr\/en\/wp-json\/wp\/v2\/pages\/908","targetHints":{"allow":["GET"]}}],"collection":[{"href":"https:\/\/www.pogrebno-hrvojka.hr\/en\/wp-json\/wp\/v2\/pages"}],"about":[{"href":"https:\/\/www.pogrebno-hrvojka.hr\/en\/wp-json\/wp\/v2\/types\/page"}],"author":[{"embeddable":true,"href":"https:\/\/www.pogrebno-hrvojka.hr\/en\/wp-json\/wp\/v2\/users\/1"}],"replies":[{"embeddable":true,"href":"https:\/\/www.pogrebno-hrvojka.hr\/en\/wp-json\/wp\/v2\/comments?post=908"}],"version-history":[{"count":0,"href":"https:\/\/www.pogrebno-hrvojka.hr\/en\/wp-json\/wp\/v2\/pages\/908\/revisions"}],"wp:attachment":[{"href":"https:\/\/www.pogrebno-hrvojka.hr\/en\/wp-json\/wp\/v2\/media?parent=908"}],"curies":[{"name":"wp","href":"https:\/\/api.w.org\/{rel}","templated":true}]}}