{"id":987,"date":"2022-11-27T16:40:06","date_gmt":"2022-11-27T15:40:06","guid":{"rendered":"https:\/\/pogrebno-hrvojka.hr\/?page_id=987"},"modified":"2022-11-28T12:39:21","modified_gmt":"2022-11-28T11:39:21","slug":"digitalna-smrt","status":"publish","type":"page","link":"https:\/\/www.pogrebno-hrvojka.hr\/en\/digitalna-smrt\/","title":{"rendered":"Digital death"},"content":{"rendered":"<section class=\"l-section wpb_row height_medium\"><div class=\"l-section-h i-cf\"><div class=\"g-cols vc_row via_flex valign_bottom type_default stacking_default\"><div class=\"vc_col-sm-6 wpb_column vc_column_container\"><div class=\"vc_column-inner\"><div class=\"wpb_wrapper\"><div class=\"g-cols wpb_row via_flex valign_middle type_default stacking_default\"><div class=\"vc_col-sm-3 wpb_column vc_column_container\"><div class=\"vc_column-inner us_custom_f70d789f us_animate_this\"><div class=\"wpb_wrapper\"><div class=\"wpb_text_column\"><div class=\"wpb_wrapper\"><p><img decoding=\"async\" class=\"aligncenter wp-image-1057 size-full\" src=\"https:\/\/pogrebno-hrvojka.hr\/wp-content\/uploads\/2022\/11\/digitalna-smrt.png\" alt=\"\" width=\"123\" height=\"98\" srcset=\"https:\/\/www.pogrebno-hrvojka.hr\/wp-content\/uploads\/2022\/11\/digitalna-smrt.png 123w, https:\/\/www.pogrebno-hrvojka.hr\/wp-content\/uploads\/2022\/11\/digitalna-smrt-15x12.png 15w\" sizes=\"(max-width: 123px) 100vw, 123px\" \/><\/p>\n<\/div><\/div><\/div><\/div><\/div><div class=\"vc_col-sm-9 wpb_column vc_column_container\"><div class=\"vc_column-inner us_custom_f70d789f us_animate_this\"><div class=\"wpb_wrapper\"><div class=\"wpb_text_column us_custom_b590f348\"><div class=\"wpb_wrapper\"><h3>Digital death<\/h3>\n<\/div><\/div><\/div><\/div><\/div><\/div><div class=\"w-separator size_small\"><\/div><div class=\"wpb_text_column us_custom_de366d1c us_animate_this\"><div class=\"wpb_wrapper\"><h6>What happens to your digital life after you die?<\/h6>\n<p>People have embraced the Internet and new ways of communicating with each other and sharing experiences. The way we listen to music, share pictures and handle money has changed. The way we remember people after they die is also changing, and as many as 24% of people would rather post their condolences online than send a condolences telegram.<\/p>\n<p>What happens to digital accounts and activities when someone dies? Would your family know where to find your online accounts and profiles, your passwords? Is it possible to change passwords after someone's death? Where to begin with all of this?<\/p>\n<p>Here we give you helpful tips on what to do when someone dies and what you can do in advance to make sure your digital heritage is managed the way you want it to be, whether it's to make sure your precious photos aren't lost, to make sure no one forgets your valuable bitcoin collection, or the permission on Facebook to remember you through a memorial page.<\/p>\n<\/div><\/div><div class=\"w-separator size_small\"><\/div><div class=\"wpb_text_column\"><div class=\"wpb_wrapper\"><h4>What is a digital legacy?<\/h4>\n<p>Nowadays most people have a phone, tablet or computer and various profiles on them. A person's digital legacy includes all digital data that a person leaves behind after death.<\/p>\n<ul class=\"li\">\n<li>Email accounts<\/li>\n<li>bank accounts<\/li>\n<li>Facebook, Twitter or Instagram accounts<\/li>\n<li>subscription accounts (e.g. Spotify, Apple iCloud Storage<\/li>\n<li>Music on iTunes<\/li>\n<li>Xbox and PlayStation online gaming accounts,<\/li>\n<li>Amazon, eBay and PayPal online trading accounts<\/li>\n<li>Cryptocurrencies e.g. Bitcoin, Ethereum, Ripple, etc.<\/li>\n<li>Intellectual property such as various websites and domains, blogs, logos or e-books.<\/li>\n<\/ul>\n<p>People are not used to worrying about digital legacy after death, although it is important because if it is well managed, it can bring comfort to friends and family and remind them of the good memories.<\/p>\n<p>Here are the links where individual profiles and accounts can be deleted or switched to a new user:<\/p>\n<\/div><\/div><div class=\"w-separator size_small\"><\/div><div class=\"wpb_text_column\"><div class=\"wpb_wrapper\"><h4>Facebook:<\/h4>\n<p>When someone dies, their Facebook account can be permanently deleted or marked in memory, allowing family and friends to share content on that person's timeline. When a profile is marked, the word \u2018Remembering\u2018 appears next to its name. Memorized accounts are only visible to family and friends and do not appear in searches.<\/p>\n<p><img decoding=\"async\" class=\"alignnone size-medium wp-image-306\" src=\"https:\/\/pogrebno-hrvojka.hr\/wp-content\/uploads\/2022\/09\/Facebook-300x64.png\" sizes=\"(max-width: 300px) 100vw, 300px\" srcset=\"https:\/\/pogrebno-hrvojka.hr\/wp-content\/uploads\/2022\/09\/Facebook-300x64.png 300w, https:\/\/pogrebno-hrvojka.hr\/wp-content\/uploads\/2022\/09\/Facebook.png 1000w\" alt=\"\" width=\"300\" height=\"64\" \/><\/p>\n<p><a href=\"https:\/\/www.facebook.com\/help\/103897939701143\" target=\"_blank\" rel=\"noopener\">https:\/\/www.facebook.com\/help\/103897939701143<\/a><\/p>\n<\/div><\/div><\/div><\/div><\/div><div class=\"vc_col-sm-6 wpb_column vc_column_container\"><div class=\"vc_column-inner\"><div class=\"wpb_wrapper\"><div class=\"wpb_text_column\"><div class=\"wpb_wrapper\"><h4>G-mail:<\/h4>\n<p>Google takes the privacy of its email accounts seriously and will not allow heirs to access the account. Google provides users with a planning tool called Inactive Account Manager. This tool allows you to tell Google what you want to do with your email and data after a certain period of inactivity. You can delete your data after 3, 6, 9 and 12 months of inactivity, or you can choose to have your data sent to up to 10 trusted contacts.<\/p>\n<p><img decoding=\"async\" class=\"alignnone size-medium wp-image-301\" src=\"https:\/\/pogrebno-hrvojka.hr\/wp-content\/uploads\/2022\/09\/Gmail-300x64.png\" sizes=\"(max-width: 300px) 100vw, 300px\" srcset=\"https:\/\/pogrebno-hrvojka.hr\/wp-content\/uploads\/2022\/09\/Gmail-300x64.png 300w, https:\/\/pogrebno-hrvojka.hr\/wp-content\/uploads\/2022\/09\/Gmail.png 1000w\" alt=\"\" width=\"300\" height=\"64\" \/><\/p>\n<p><a href=\"https:\/\/support.google.com\/accounts\/troubleshooter\/6357590?hl=en&amp;rd=2\" target=\"_blank\" rel=\"noopener\">https:\/\/support.google.com\/accounts\/troubleshooter\/6357590?hl=en&amp;rd=2<\/a><br \/>\n<a href=\"https:\/\/publicpolicy.googleblog.com\/2013\/04\/plan-your-digital-afterlife-with.html\" target=\"_blank\" rel=\"noopener\">https:\/\/publicpolicy.googleblog.com\/2013\/04\/plan-your-digital-afterlife-with.html<\/a><\/p>\n<h3>Microsoft:<\/h3>\n<p>When you close a Microsoft account, it deletes all other Microsoft services associated with that account, such as Outlook, Skype, all files saved on OneDrive, Xbox Live data and GamerTag. Microsoft has a help desk after someone dies but won't give you access to a username or password.<\/p>\n<p><img decoding=\"async\" class=\"alignnone size-medium wp-image-298\" src=\"https:\/\/pogrebno-hrvojka.hr\/wp-content\/uploads\/2022\/09\/Microsoft-300x64.png\" sizes=\"(max-width: 300px) 100vw, 300px\" srcset=\"https:\/\/pogrebno-hrvojka.hr\/wp-content\/uploads\/2022\/09\/Microsoft-300x64.png 300w, https:\/\/pogrebno-hrvojka.hr\/wp-content\/uploads\/2022\/09\/Microsoft.png 1000w\" alt=\"\" width=\"300\" height=\"64\" \/><\/p>\n<p><a href=\"https:\/\/support.microsoft.com\/en-us\/account-billing\/how-to-close-your-microsoft-account-c1b2d13f-4de6-6e1b-4a31-d9d668849979\" target=\"_blank\" rel=\"noopener\">https:\/\/support.microsoft.com\/en-us\/account-billing\/how-to-close-your-microsoft-account-c1b2d13f-4de6-6e1b-4a31-d9d668849979<\/a><\/p>\n<h4>Yahoo:<\/h4>\n<p>You can request the closure of a Yahoo email account and after Yahoo is notified that the account holder has passed away, it deletes all content on the account regardless of the precious photos or documents.<\/p>\n<p><img decoding=\"async\" class=\"alignnone size-medium wp-image-303\" src=\"https:\/\/pogrebno-hrvojka.hr\/wp-content\/uploads\/2022\/09\/Yahoo-300x64.png\" sizes=\"(max-width: 300px) 100vw, 300px\" srcset=\"https:\/\/pogrebno-hrvojka.hr\/wp-content\/uploads\/2022\/09\/Yahoo-300x64.png 300w, https:\/\/pogrebno-hrvojka.hr\/wp-content\/uploads\/2022\/09\/Yahoo.png 1000w\" alt=\"\" width=\"300\" height=\"64\" \/><\/p>\n<p><a href=\"https:\/\/help.yahoo.com\/kb\/SLN2021.html?guccounter=1\" target=\"_blank\" rel=\"noopener\">https:\/\/help.yahoo.com\/kb\/SLN2021.html?guccounter=1<\/a><\/p>\n<p>&nbsp;<\/p>\n<h4>Instagram<\/h4>\n<p>Just like Facebook, Instagram also allows loved ones to remove an account or mark an account with posts that are still visible, but they do not appear in public search lists.<\/p>\n<p><img decoding=\"async\" class=\"alignnone size-medium wp-image-305\" src=\"https:\/\/pogrebno-hrvojka.hr\/wp-content\/uploads\/2022\/09\/Instagram-300x64.png\" sizes=\"(max-width: 300px) 100vw, 300px\" srcset=\"https:\/\/pogrebno-hrvojka.hr\/wp-content\/uploads\/2022\/09\/Instagram-300x64.png 300w, https:\/\/pogrebno-hrvojka.hr\/wp-content\/uploads\/2022\/09\/Instagram.png 1000w\" alt=\"\" width=\"300\" height=\"64\" \/><\/p>\n<p><a href=\"https:\/\/help.instagram.com\/264154560391256\" target=\"_blank\" rel=\"noopener\">https:\/\/help.instagram.com\/264154560391256<\/a><\/p>\n<\/div><\/div><div class=\"w-separator size_small\"><\/div><div class=\"wpb_text_column\"><div class=\"wpb_wrapper\"><h5>Managing of your digital legacy after death:<\/h5>\n<h6>List all your digital accounts and decide what you want to happen to them after your death and what your wishes are.<\/h6>\n<\/div><\/div><\/div><\/div><\/div><\/div><\/div><\/section>","protected":false},"excerpt":{"rendered":"Digitalna smrt \u0160to se doga\u0111a s va\u0161im digitalnim \u017eivotom poslije va\u0161e smrti? Ljudi su prihvatili Internet i nove na\u010dine me\u0111usobne komunikacije i razmjenu iskustava. Promijenio se na\u010din na koji slu\u0161amo glazbu, dijelimo slike i raspola\u017eemo novcem. Mijenja se i na\u010din na koji se sje\u0107amo ljudi nakon \u0161to su umrli, a \u010dak 24% ljudi \u0107e radije...","protected":false},"author":1,"featured_media":0,"parent":0,"menu_order":0,"comment_status":"closed","ping_status":"closed","template":"","meta":{"footnotes":""},"class_list":["post-987","page","type-page","status-publish","hentry"],"yoast_head":"<!-- This site is optimized with the Yoast SEO Premium plugin v20.12 (Yoast SEO v27.5) - https:\/\/yoast.com\/product\/yoast-seo-premium-wordpress\/ -->\n<title>Digitalna smrt - Pogrebno Hrvojka<\/title>\n<meta name=\"robots\" content=\"index, follow, max-snippet:-1, max-image-preview:large, max-video-preview:-1\" \/>\n<link rel=\"canonical\" href=\"https:\/\/www.pogrebno-hrvojka.hr\/en\/digitalna-smrt\/\" \/>\n<meta property=\"og:locale\" content=\"en_GB\" \/>\n<meta property=\"og:type\" content=\"article\" \/>\n<meta property=\"og:title\" content=\"Digitalna smrt\" \/>\n<meta property=\"og:url\" content=\"https:\/\/www.pogrebno-hrvojka.hr\/en\/digitalna-smrt\/\" \/>\n<meta property=\"og:site_name\" content=\"Pogrebno Hrvojka\" \/>\n<meta property=\"article:publisher\" content=\"https:\/\/www.facebook.com\/cvjecarnicaHrvojkaTrogir\/\" \/>\n<meta property=\"article:modified_time\" content=\"2022-11-28T11:39:21+00:00\" \/>\n<meta property=\"og:image\" content=\"https:\/\/pogrebno-hrvojka.hr\/wp-content\/uploads\/2022\/11\/digitalna-smrt.png\" \/>\n<meta name=\"twitter:card\" content=\"summary_large_image\" \/>\n<meta name=\"twitter:label1\" content=\"Estimated reading time\" \/>\n\t<meta name=\"twitter:data1\" content=\"4 minutes\" \/>\n<script type=\"application\/ld+json\" class=\"yoast-schema-graph\">{\"@context\":\"https:\\\/\\\/schema.org\",\"@graph\":[{\"@type\":\"WebPage\",\"@id\":\"https:\\\/\\\/www.pogrebno-hrvojka.hr\\\/en\\\/digitalna-smrt\\\/\",\"url\":\"https:\\\/\\\/www.pogrebno-hrvojka.hr\\\/en\\\/digitalna-smrt\\\/\",\"name\":\"Digitalna smrt - Pogrebno Hrvojka\",\"isPartOf\":{\"@id\":\"https:\\\/\\\/www.pogrebno-hrvojka.hr\\\/#website\"},\"primaryImageOfPage\":{\"@id\":\"https:\\\/\\\/www.pogrebno-hrvojka.hr\\\/en\\\/digitalna-smrt\\\/#primaryimage\"},\"image\":{\"@id\":\"https:\\\/\\\/www.pogrebno-hrvojka.hr\\\/en\\\/digitalna-smrt\\\/#primaryimage\"},\"thumbnailUrl\":\"https:\\\/\\\/pogrebno-hrvojka.hr\\\/wp-content\\\/uploads\\\/2022\\\/11\\\/digitalna-smrt.png\",\"datePublished\":\"2022-11-27T15:40:06+00:00\",\"dateModified\":\"2022-11-28T11:39:21+00:00\",\"breadcrumb\":{\"@id\":\"https:\\\/\\\/www.pogrebno-hrvojka.hr\\\/en\\\/digitalna-smrt\\\/#breadcrumb\"},\"inLanguage\":\"en-GB\",\"potentialAction\":[{\"@type\":\"ReadAction\",\"target\":[\"https:\\\/\\\/www.pogrebno-hrvojka.hr\\\/en\\\/digitalna-smrt\\\/\"]}]},{\"@type\":\"ImageObject\",\"inLanguage\":\"en-GB\",\"@id\":\"https:\\\/\\\/www.pogrebno-hrvojka.hr\\\/en\\\/digitalna-smrt\\\/#primaryimage\",\"url\":\"https:\\\/\\\/pogrebno-hrvojka.hr\\\/wp-content\\\/uploads\\\/2022\\\/11\\\/digitalna-smrt.png\",\"contentUrl\":\"https:\\\/\\\/pogrebno-hrvojka.hr\\\/wp-content\\\/uploads\\\/2022\\\/11\\\/digitalna-smrt.png\"},{\"@type\":\"BreadcrumbList\",\"@id\":\"https:\\\/\\\/www.pogrebno-hrvojka.hr\\\/en\\\/digitalna-smrt\\\/#breadcrumb\",\"itemListElement\":[{\"@type\":\"ListItem\",\"position\":1,\"name\":\"Po\u010detna stranica\",\"item\":\"https:\\\/\\\/www.pogrebno-hrvojka.hr\\\/\"},{\"@type\":\"ListItem\",\"position\":2,\"name\":\"Digitalna smrt\"}]},{\"@type\":\"WebSite\",\"@id\":\"https:\\\/\\\/www.pogrebno-hrvojka.hr\\\/#website\",\"url\":\"https:\\\/\\\/www.pogrebno-hrvojka.hr\\\/\",\"name\":\"Pogrebno Hrvojka\",\"description\":\"Pogrebno poduze\u0107e i cvje\u0107arnica Hrvojka\",\"publisher\":{\"@id\":\"https:\\\/\\\/www.pogrebno-hrvojka.hr\\\/#organization\"},\"potentialAction\":[{\"@type\":\"SearchAction\",\"target\":{\"@type\":\"EntryPoint\",\"urlTemplate\":\"https:\\\/\\\/www.pogrebno-hrvojka.hr\\\/?s={search_term_string}\"},\"query-input\":{\"@type\":\"PropertyValueSpecification\",\"valueRequired\":true,\"valueName\":\"search_term_string\"}}],\"inLanguage\":\"en-GB\"},{\"@type\":\"Organization\",\"@id\":\"https:\\\/\\\/www.pogrebno-hrvojka.hr\\\/#organization\",\"name\":\"Pogrebno Hrvojka\",\"url\":\"https:\\\/\\\/www.pogrebno-hrvojka.hr\\\/\",\"logo\":{\"@type\":\"ImageObject\",\"inLanguage\":\"en-GB\",\"@id\":\"https:\\\/\\\/www.pogrebno-hrvojka.hr\\\/#\\\/schema\\\/logo\\\/image\\\/\",\"url\":\"https:\\\/\\\/www.pogrebno-hrvojka.hr\\\/wp-content\\\/uploads\\\/2022\\\/11\\\/logo.gif\",\"contentUrl\":\"https:\\\/\\\/www.pogrebno-hrvojka.hr\\\/wp-content\\\/uploads\\\/2022\\\/11\\\/logo.gif\",\"width\":276,\"height\":59,\"caption\":\"Pogrebno Hrvojka\"},\"image\":{\"@id\":\"https:\\\/\\\/www.pogrebno-hrvojka.hr\\\/#\\\/schema\\\/logo\\\/image\\\/\"},\"sameAs\":[\"https:\\\/\\\/www.facebook.com\\\/cvjecarnicaHrvojkaTrogir\\\/\",\"https:\\\/\\\/www.instagram.com\\\/cvjecarnica_pogrebno_hrvojka\\\/\",\"https:\\\/\\\/www.linkedin.com\\\/in\\\/tomislav-princivali-88a639170\\\/?originalSubdomain=hr\"]}]}<\/script>\n<!-- \/ Yoast SEO Premium plugin. -->","yoast_head_json":{"title":"Digitalna smrt - Pogrebno Hrvojka","robots":{"index":"index","follow":"follow","max-snippet":"max-snippet:-1","max-image-preview":"max-image-preview:large","max-video-preview":"max-video-preview:-1"},"canonical":"https:\/\/www.pogrebno-hrvojka.hr\/en\/digitalna-smrt\/","og_locale":"en_GB","og_type":"article","og_title":"Digitalna smrt","og_url":"https:\/\/www.pogrebno-hrvojka.hr\/en\/digitalna-smrt\/","og_site_name":"Pogrebno Hrvojka","article_publisher":"https:\/\/www.facebook.com\/cvjecarnicaHrvojkaTrogir\/","article_modified_time":"2022-11-28T11:39:21+00:00","og_image":[{"url":"https:\/\/pogrebno-hrvojka.hr\/wp-content\/uploads\/2022\/11\/digitalna-smrt.png","type":"","width":"","height":""}],"twitter_card":"summary_large_image","twitter_misc":{"Estimated reading time":"4 minutes"},"schema":{"@context":"https:\/\/schema.org","@graph":[{"@type":"WebPage","@id":"https:\/\/www.pogrebno-hrvojka.hr\/en\/digitalna-smrt\/","url":"https:\/\/www.pogrebno-hrvojka.hr\/en\/digitalna-smrt\/","name":"Digitalna smrt - Pogrebno Hrvojka","isPartOf":{"@id":"https:\/\/www.pogrebno-hrvojka.hr\/#website"},"primaryImageOfPage":{"@id":"https:\/\/www.pogrebno-hrvojka.hr\/en\/digitalna-smrt\/#primaryimage"},"image":{"@id":"https:\/\/www.pogrebno-hrvojka.hr\/en\/digitalna-smrt\/#primaryimage"},"thumbnailUrl":"https:\/\/pogrebno-hrvojka.hr\/wp-content\/uploads\/2022\/11\/digitalna-smrt.png","datePublished":"2022-11-27T15:40:06+00:00","dateModified":"2022-11-28T11:39:21+00:00","breadcrumb":{"@id":"https:\/\/www.pogrebno-hrvojka.hr\/en\/digitalna-smrt\/#breadcrumb"},"inLanguage":"en-GB","potentialAction":[{"@type":"ReadAction","target":["https:\/\/www.pogrebno-hrvojka.hr\/en\/digitalna-smrt\/"]}]},{"@type":"ImageObject","inLanguage":"en-GB","@id":"https:\/\/www.pogrebno-hrvojka.hr\/en\/digitalna-smrt\/#primaryimage","url":"https:\/\/pogrebno-hrvojka.hr\/wp-content\/uploads\/2022\/11\/digitalna-smrt.png","contentUrl":"https:\/\/pogrebno-hrvojka.hr\/wp-content\/uploads\/2022\/11\/digitalna-smrt.png"},{"@type":"BreadcrumbList","@id":"https:\/\/www.pogrebno-hrvojka.hr\/en\/digitalna-smrt\/#breadcrumb","itemListElement":[{"@type":"ListItem","position":1,"name":"Po\u010detna stranica","item":"https:\/\/www.pogrebno-hrvojka.hr\/"},{"@type":"ListItem","position":2,"name":"Digitalna smrt"}]},{"@type":"WebSite","@id":"https:\/\/www.pogrebno-hrvojka.hr\/#website","url":"https:\/\/www.pogrebno-hrvojka.hr\/","name":"Pogrebno Hrvojka","description":"Pogrebno poduze\u0107e i cvje\u0107arnica Hrvojka","publisher":{"@id":"https:\/\/www.pogrebno-hrvojka.hr\/#organization"},"potentialAction":[{"@type":"SearchAction","target":{"@type":"EntryPoint","urlTemplate":"https:\/\/www.pogrebno-hrvojka.hr\/?s={search_term_string}"},"query-input":{"@type":"PropertyValueSpecification","valueRequired":true,"valueName":"search_term_string"}}],"inLanguage":"en-GB"},{"@type":"Organization","@id":"https:\/\/www.pogrebno-hrvojka.hr\/#organization","name":"Pogrebno Hrvojka","url":"https:\/\/www.pogrebno-hrvojka.hr\/","logo":{"@type":"ImageObject","inLanguage":"en-GB","@id":"https:\/\/www.pogrebno-hrvojka.hr\/#\/schema\/logo\/image\/","url":"https:\/\/www.pogrebno-hrvojka.hr\/wp-content\/uploads\/2022\/11\/logo.gif","contentUrl":"https:\/\/www.pogrebno-hrvojka.hr\/wp-content\/uploads\/2022\/11\/logo.gif","width":276,"height":59,"caption":"Pogrebno Hrvojka"},"image":{"@id":"https:\/\/www.pogrebno-hrvojka.hr\/#\/schema\/logo\/image\/"},"sameAs":["https:\/\/www.facebook.com\/cvjecarnicaHrvojkaTrogir\/","https:\/\/www.instagram.com\/cvjecarnica_pogrebno_hrvojka\/","https:\/\/www.linkedin.com\/in\/tomislav-princivali-88a639170\/?originalSubdomain=hr"]}]}},"_links":{"self":[{"href":"https:\/\/www.pogrebno-hrvojka.hr\/en\/wp-json\/wp\/v2\/pages\/987","targetHints":{"allow":["GET"]}}],"collection":[{"href":"https:\/\/www.pogrebno-hrvojka.hr\/en\/wp-json\/wp\/v2\/pages"}],"about":[{"href":"https:\/\/www.pogrebno-hrvojka.hr\/en\/wp-json\/wp\/v2\/types\/page"}],"author":[{"embeddable":true,"href":"https:\/\/www.pogrebno-hrvojka.hr\/en\/wp-json\/wp\/v2\/users\/1"}],"replies":[{"embeddable":true,"href":"https:\/\/www.pogrebno-hrvojka.hr\/en\/wp-json\/wp\/v2\/comments?post=987"}],"version-history":[{"count":0,"href":"https:\/\/www.pogrebno-hrvojka.hr\/en\/wp-json\/wp\/v2\/pages\/987\/revisions"}],"wp:attachment":[{"href":"https:\/\/www.pogrebno-hrvojka.hr\/en\/wp-json\/wp\/v2\/media?parent=987"}],"curies":[{"name":"wp","href":"https:\/\/api.w.org\/{rel}","templated":true}]}}